{"id":25704,"date":"2021-03-01T13:07:04","date_gmt":"2021-03-01T11:07:04","guid":{"rendered":"https:\/\/www.pussycatmerida.com\/eshop\/product\/hallo-focus-potente-vibrador-touch-rojo\/"},"modified":"2024-10-28T11:26:25","modified_gmt":"2024-10-28T10:26:25","slug":"hallo-focus-potente-vibrador-touch-rojo","status":"publish","type":"product","link":"https:\/\/www.pussycatmerida.com\/eshop\/producto\/hallo-focus-potente-vibrador-touch-rojo\/","title":{"rendered":"HALLO FOCUS POTENTE VIBRADOR TOUCH ROJO"},"content":{"rendered":"<p>Quieres orgasmos m\u00e1s intensos? La nueva generaci\u00f3n est\u00e1 ya disponible. Hallo es un poderoso estimulador del cl\u00edtoris, ideal para disfrutar de un placer muy preciso, ya que es capaz de otorgar un orgasmo en 60 segundos. Ha sido dise\u00f1ado exclusivamente por mujeres y para mujeres, haciendo hincapi\u00e9 en las formas naturales del cuerpo de la mujer. Incorpora 10 modos de vibraci\u00f3n continuos. Tambi\u00e9n se puede utilizar en pareja para estimular diversas zonas er\u00f3genas y experimentar sensaciones \u00fanicas.<\/p>\n<ul>\n<li>Superventas<\/li>\n<li>Maravilloso a solas o en pareja<\/li>\n<li>Tama\u00f1o perfecto para usar c\u00f3modamente con un peso ligero.<\/li>\n<li>Manejo intuitivo<\/li>\n<li>Con luz indicadora de recarga<\/li>\n<li>Sin porosidades e hipo alerg\u00e9nico<\/li>\n<li>Hasta dos horas de placer con una sola recarga<\/li>\n<li>Carga magn\u00e9tica\u00a0<\/li>\n<li>6  8 horas de carga inicial<\/li>\n<li>Dise\u00f1ado en Europa<\/li>\n<li>Recargable con sistema magn\u00e9tico infalible<\/li>\n<li>Silicona 100% m\u00e9dica<\/li>\n<li>100% resistente al agua<\/li>\n<\/ul>\n<p>Caracter\u00edsticas:<\/p>\n<ul>\n<li>Tipo de la bater\u00eda: Polymer lithium battery<\/li>\n<li>Tiempo de funcionamiento:> 2 horas<\/li>\n<li>Peso; 62 gramos<\/li>\n<li>Impermeable: 100% categor\u00eda IPX7<\/li>\n<li>Material: silicona de grado m\u00e9dico + ABS<\/li>\n<li>10 Modos de vibraci\u00f3n<\/li>\n<li>Medidas; 182 x35 x 28<\/li>\n<\/ul>\n<p>Siente la experiencia de la precisi\u00f3n de un motor estimulando el cl\u00edtoris de forma precisa.<\/p>\n<p>Incorpora tecnolog\u00eda touche; permite tan solo con el tacto del dedo modificar la intensidad de la vibraci\u00f3n de forma comoda y sencilla, siendo el \u00fanico producto del mercado desarrollado para un modo inteligente.<\/p>\n<p>Utilice lubricante de base acuosa waterfeel para un \u00f3ptimo resultado.<\/p>\n<p>Limpie bien el juguete antes de la primera utilizaci\u00f3n y despu\u00e9s de cada uso con agua templada y un jab\u00f3n suave. El toycleaner de la marca Waterfeel es ideal para la limpieza de juguetes er\u00f3ticos y para el cuidado suave de las partes \u00edntimas.<\/p>\n<p>La caja contiene<\/p>\n<ul>\n<li>un cable USB para carga magn\u00e9tica\u00a0<\/li>\n<li>una bolsa para guardarlo,<\/li>\n<li>manual de usuario\u00a0<\/li>\n<\/ul>\n<p style=\"text-align: center;\"><img decoding=\"async\" alt=\"\" src=\"https:\/\/dreamlove.gesio.be\/UserFiles\/images\/3%283%29.png\" style=\"width: 900px; height: 900px;\" \/><\/p>\n<p style=\"text-align: center;\"><iframe loading=\"lazy\" allow=\"accelerometer; autoplay; encrypted-media; gyroscope; picture-in-picture\" allowfullscreen=\"\" frameborder=\"0\" height=\"350\" scrolling=\"no\" src=\"https:\/\/www.youtube-nocookie.com\/embed\/KjjNrNSK2l0?rel=0controls=0showinfo=0\" width=\"800\"><\/iframe><\/p>\n<p style=\"text-align: center;\"><iframe loading=\"lazy\" allow=\"accelerometer; autoplay; encrypted-media; gyroscope; picture-in-picture\" allowfullscreen=\"\" frameborder=\"0\" height=\"315\" scrolling=\"no\" src=\"https:\/\/www.youtube-nocookie.com\/embed\/yDJ-rQeO4tM?rel=0controls=0showinfo=0\" width=\"800\"><\/iframe><\/p>\n","protected":false},"excerpt":{"rendered":"<p>HALLO FOCUS VIBRATOR RED<\/p>\n","protected":false},"featured_media":61210,"template":"","meta":[],"pwb-brand":[881],"product_brand":[],"product_cat":[275,288,274,434,322,298],"product_tag":[],"class_list":{"0":"post-25704","1":"product","2":"type-product","3":"status-publish","4":"has-post-thumbnail","6":"pwb-brand-hallo","7":"product_cat-juguetes-sexuales-xxxacuaticos","8":"product_cat-juguetes-sexuales-xxxestimuladores","9":"product_cat-juguetes-sexuales-xxx","10":"product_cat-juguetes-sexuales-xxxestimuladorespara-clitoris","11":"product_cat-seccion-tuppersex","12":"product_cat-juguetes-sexuales-xxxvibradores-hi-tech","13":"post_count_is_0","14":"boutique_post_style_4","16":"first","17":"instock","18":"taxable","19":"shipping-taxable","20":"purchasable","21":"product-type-simple","22":"boutique_image_style_2"},"brands":[{"id":881,"name":"HALLO","slug":"hallo"}],"_links":{"self":[{"href":"https:\/\/www.pussycatmerida.com\/eshop\/wp-json\/wp\/v2\/product\/25704","targetHints":{"allow":["GET"]}}],"collection":[{"href":"https:\/\/www.pussycatmerida.com\/eshop\/wp-json\/wp\/v2\/product"}],"about":[{"href":"https:\/\/www.pussycatmerida.com\/eshop\/wp-json\/wp\/v2\/types\/product"}],"wp:featuredmedia":[{"embeddable":true,"href":"https:\/\/www.pussycatmerida.com\/eshop\/wp-json\/wp\/v2\/media\/61210"}],"wp:attachment":[{"href":"https:\/\/www.pussycatmerida.com\/eshop\/wp-json\/wp\/v2\/media?parent=25704"}],"wp:term":[{"taxonomy":"pwb-brand","embeddable":true,"href":"https:\/\/www.pussycatmerida.com\/eshop\/wp-json\/wp\/v2\/pwb-brand?post=25704"},{"taxonomy":"product_brand","embeddable":true,"href":"https:\/\/www.pussycatmerida.com\/eshop\/wp-json\/wp\/v2\/product_brand?post=25704"},{"taxonomy":"product_cat","embeddable":true,"href":"https:\/\/www.pussycatmerida.com\/eshop\/wp-json\/wp\/v2\/product_cat?post=25704"},{"taxonomy":"product_tag","embeddable":true,"href":"https:\/\/www.pussycatmerida.com\/eshop\/wp-json\/wp\/v2\/product_tag?post=25704"}],"curies":[{"name":"wp","href":"https:\/\/api.w.org\/{rel}","templated":true}]}}