{"id":25707,"date":"2021-02-26T14:36:32","date_gmt":"2021-02-26T12:36:32","guid":{"rendered":"https:\/\/www.pussycatmerida.com\/eshop\/product\/titan-gel-gold-aumento-pene-50ml\/"},"modified":"2026-03-11T12:38:44","modified_gmt":"2026-03-11T11:38:44","slug":"titan-gel-gold-aumento-pene-50ml","status":"publish","type":"product","link":"https:\/\/www.pussycatmerida.com\/eshop\/producto\/titan-gel-gold-aumento-pene-50ml\/","title":{"rendered":"TITAN GEL GOLD AUMENTO PENE 50ML"},"content":{"rendered":"<ul>\n<li>\u00a0 \u00a0 Aumente el tama\u00f1o de su pene<\/li>\n<li>\u00a0 \u00a0 Erecci\u00f3n Total = Fuerte y Duradera<\/li>\n<li>\u00a0 \u00a0 M\u00e1s potencia y aguante sexual<\/li>\n<li>\u00a0 \u00a0 Fabricado en Rusia, 100% Original<\/li>\n<\/ul>\n<p>\u00a0 RESUMEN TITAN GEL\u00ae (Gold)<\/p>\n<ul>\n<li>Alarga el Pene\u00a0<\/li>\n<li>Erecci\u00f3n Fuerte y Firme\u00a0<\/li>\n<li>Potencia, Aguante y Rendimiento Sexual<\/li>\n<li>Masajear Pene Dos Veces al D\u00eda<\/li>\n<li>Potenciador Sexual Calidad Premium<\/li>\n<li>Sin receta ni prescripci\u00f3n m\u00e9dica<\/li>\n<li>Aprobado por EFSA y HACCP<\/li>\n<li>Fabricado en la Union Europea<\/li>\n<\/ul>\n<p>\u00a0 \u00a0 EFECTO GARANTIZADO<\/p>\n<p>Con TITAN GEL\u00ae Gold conseguir\u00e1s aumentar el tama\u00f1o de tu pene unos 3 o 4 cm. (depende del organismo) de forma garantizada tras 4 semanas usandolo.<\/p>\n<ul>\n<li>\u00a0 \u00a0 MODO DE EMPLEO<\/li>\n<\/ul>\n<p>Aplique una capa de TITAN GEL\u00ae Gold dos veces al d\u00eda, una por la ma\u00f1ana y otra por la noche. Aplicar sobre todo el cuerpo del pene masajeando para una mejor absorci\u00f3n. Puedes aplicar antes de las relaciones sexuales o la masturbaci\u00f3n.<\/p>\n<ul>\n<li>\u00a0 \u00a0 CALIDAD GARANTIZADA<\/li>\n<\/ul>\n<p>TITAN GEL\u00ae Gold ha sido fabricado en Rusia y aprobado por las autoridades sanitarias pertinentes como el HACCP y el EFSA. Un producto seguro, efectivo y con todas las garantias necesarias.<\/p>\n<ul>\n<li>\u00a0 \u00a0 F\u00d3RMULA EXCLUSIVA<\/li>\n<\/ul>\n<p>Agua, sodio, poliacrilato, dimeticona, ciclopentasiloxano, Trideceth-6, Dimeticona PEG \/ PPG-18\/18, Propilenglicol, Poloxamer 184, Verbena Officinalis (Vervain), Extracto de Flor \/ Lead, Hialuronato de Sodio, \u00c1cido Succ\u00ednico, Fragaria Vesca (Fresa), Extracto de Frutas, Mentol, Fenoxietanol,, Laurato de Glicerilo, Hidr\u00f3xido de Sodio.<\/p>\n","protected":false},"excerpt":{"rendered":"<p>TITAN GEL GOLD 50ML<\/p>\n","protected":false},"featured_media":47802,"template":"","meta":[],"pwb-brand":[794],"product_brand":[],"product_cat":[337,328,386,340,333,330,334,365],"product_tag":[],"class_list":{"0":"post-25707","1":"product","2":"type-product","3":"status-publish","4":"has-post-thumbnail","6":"pwb-brand-titan-gel","7":"product_cat-aceites-y-lubricantes","8":"product_cat-afrodisiacos","9":"product_cat-alargamiento-del-pene","10":"product_cat-aceites-y-lubricantesaumenta-la-potencia-en-el-hombre","11":"product_cat-afrodisiacosaumento-del-pene","12":"product_cat-afrodisiacospotenciadores","13":"product_cat-afrodisiacossensibilizantes","14":"product_cat-aceites-y-lubricantesaumenta-la-potencia-en-el-hombrevigorizantes","15":"post_count_is_0","16":"boutique_post_style_4","18":"first","19":"instock","20":"taxable","21":"shipping-taxable","22":"purchasable","23":"product-type-simple","24":"boutique_image_style_2"},"brands":[{"id":794,"name":"TITAN GEL","slug":"titan-gel"}],"_links":{"self":[{"href":"https:\/\/www.pussycatmerida.com\/eshop\/wp-json\/wp\/v2\/product\/25707","targetHints":{"allow":["GET"]}}],"collection":[{"href":"https:\/\/www.pussycatmerida.com\/eshop\/wp-json\/wp\/v2\/product"}],"about":[{"href":"https:\/\/www.pussycatmerida.com\/eshop\/wp-json\/wp\/v2\/types\/product"}],"wp:featuredmedia":[{"embeddable":true,"href":"https:\/\/www.pussycatmerida.com\/eshop\/wp-json\/wp\/v2\/media\/47802"}],"wp:attachment":[{"href":"https:\/\/www.pussycatmerida.com\/eshop\/wp-json\/wp\/v2\/media?parent=25707"}],"wp:term":[{"taxonomy":"pwb-brand","embeddable":true,"href":"https:\/\/www.pussycatmerida.com\/eshop\/wp-json\/wp\/v2\/pwb-brand?post=25707"},{"taxonomy":"product_brand","embeddable":true,"href":"https:\/\/www.pussycatmerida.com\/eshop\/wp-json\/wp\/v2\/product_brand?post=25707"},{"taxonomy":"product_cat","embeddable":true,"href":"https:\/\/www.pussycatmerida.com\/eshop\/wp-json\/wp\/v2\/product_cat?post=25707"},{"taxonomy":"product_tag","embeddable":true,"href":"https:\/\/www.pussycatmerida.com\/eshop\/wp-json\/wp\/v2\/product_tag?post=25707"}],"curies":[{"name":"wp","href":"https:\/\/api.w.org\/{rel}","templated":true}]}}