{"id":25709,"date":"2021-02-26T14:36:33","date_gmt":"2021-02-26T12:36:33","guid":{"rendered":"https:\/\/www.pussycatmerida.com\/eshop\/product\/titan-gel-aumento-de-pene-50ml\/"},"modified":"2026-03-11T12:38:46","modified_gmt":"2026-03-11T11:38:46","slug":"titan-gel-aumento-de-pene-50ml","status":"publish","type":"product","link":"https:\/\/www.pussycatmerida.com\/eshop\/producto\/titan-gel-aumento-de-pene-50ml\/","title":{"rendered":"TITAN GEL AUMENTO DE PENE 50ML"},"content":{"rendered":"<p>Efectividad asegurada.<\/p>\n<p>Titan gel es un lubricante potenciador.<\/p>\n<ul>\n<li>Proporciona confort durante el acto sexual, tiene un efecto positivo\u00a0en la calidad de la vida sexual.<\/li>\n<li>Mejora la potencia personal y promueve sensaciones nuevas e intensas.<\/li>\n<li>Proporciona buena lubricaci\u00f3n.<\/li>\n<li>Sin manchas, de f\u00e1cil eliminaci\u00f3n con agua, sin restos.<\/li>\n<li>Sin fragancia ni par\u00e1benos.<\/li>\n<\/ul>\n<p>Puede utilizarse durante el sexo, as\u00ed como bomba de vac\u00edo o extensor o cuando se realizan ejercicios especiales de agrandamiento del pene conocidos como \u00abjelqing\u00bb.<\/p>\n<p>El efecto positive para el agrandamiento del pene est\u00e1 asegurado gracias al complejo sin\u00e9rgico de las sustancias biol\u00f3gicamente acticas: \u00e1cidos hilaur\u00f3nico y succ\u00ednicos, as\u00ed como extractos naturales de hierba luisa y fresa.<\/p>\n<p>Envase 50ml<\/p>\n","protected":false},"excerpt":{"rendered":"<p>TITAN GEL PENIS ENLARGEMENT 50ML<\/p>\n","protected":false},"featured_media":47803,"template":"","meta":[],"pwb-brand":[794],"product_brand":[],"product_cat":[328,386,333,362,334],"product_tag":[],"class_list":{"0":"post-25709","1":"product","2":"type-product","3":"status-publish","4":"has-post-thumbnail","6":"pwb-brand-titan-gel","7":"product_cat-afrodisiacos","8":"product_cat-alargamiento-del-pene","9":"product_cat-afrodisiacosaumento-del-pene","10":"product_cat-afrodisiacospunto-g","11":"product_cat-afrodisiacossensibilizantes","12":"post_count_is_0","13":"boutique_post_style_4","15":"first","16":"instock","17":"taxable","18":"shipping-taxable","19":"purchasable","20":"product-type-simple","21":"boutique_image_style_2"},"brands":[{"id":794,"name":"TITAN GEL","slug":"titan-gel"}],"_links":{"self":[{"href":"https:\/\/www.pussycatmerida.com\/eshop\/wp-json\/wp\/v2\/product\/25709","targetHints":{"allow":["GET"]}}],"collection":[{"href":"https:\/\/www.pussycatmerida.com\/eshop\/wp-json\/wp\/v2\/product"}],"about":[{"href":"https:\/\/www.pussycatmerida.com\/eshop\/wp-json\/wp\/v2\/types\/product"}],"wp:featuredmedia":[{"embeddable":true,"href":"https:\/\/www.pussycatmerida.com\/eshop\/wp-json\/wp\/v2\/media\/47803"}],"wp:attachment":[{"href":"https:\/\/www.pussycatmerida.com\/eshop\/wp-json\/wp\/v2\/media?parent=25709"}],"wp:term":[{"taxonomy":"pwb-brand","embeddable":true,"href":"https:\/\/www.pussycatmerida.com\/eshop\/wp-json\/wp\/v2\/pwb-brand?post=25709"},{"taxonomy":"product_brand","embeddable":true,"href":"https:\/\/www.pussycatmerida.com\/eshop\/wp-json\/wp\/v2\/product_brand?post=25709"},{"taxonomy":"product_cat","embeddable":true,"href":"https:\/\/www.pussycatmerida.com\/eshop\/wp-json\/wp\/v2\/product_cat?post=25709"},{"taxonomy":"product_tag","embeddable":true,"href":"https:\/\/www.pussycatmerida.com\/eshop\/wp-json\/wp\/v2\/product_tag?post=25709"}],"curies":[{"name":"wp","href":"https:\/\/api.w.org\/{rel}","templated":true}]}}