{"id":25767,"date":"2021-03-09T11:40:50","date_gmt":"2021-03-09T09:40:50","guid":{"rendered":"https:\/\/www.pussycatmerida.com\/eshop\/producto\/candy-esposas-caramelos\/"},"modified":"2026-03-11T12:38:54","modified_gmt":"2026-03-11T11:38:54","slug":"candy-esposas-caramelos","status":"publish","type":"product","link":"https:\/\/www.pussycatmerida.com\/eshop\/producto\/candy-esposas-caramelos\/","title":{"rendered":"CANDY ESPOSAS CARAMELOS"},"content":{"rendered":"<p>Esposas comestibles de caramelitos dulces perfectos para un momento fetish dulce.<\/p>\n<ul>\n<li>Es flexible y se adapta a todos los tama\u00f1os de manos.\u00a0<\/li>\n<\/ul>\n<p>No mancha ni descolore con la humedad de los labios.<\/p>\n<p>\u00a1Lama y mordisquee su camino al \u00e9xtasis er\u00f3tico y la diversi\u00f3n! Cuanto m\u00e1s lo lame mejor sabe. Sabor a Tutti Frutti nos transportaran a aquellos a\u00f1os mozos donde las hormonas se disparaban solas&#8230;.<\/p>\n<p>No dejaras de lamer y mordisquear produciendo a tu pareja un picante cosquillieo.<\/p>\n<p>Envase de 60 Gramos.<\/p>\n","protected":false},"excerpt":{"rendered":"<p>CANDY CUFFS<\/p>\n","protected":false},"featured_media":51100,"template":"","meta":[],"pwb-brand":[759],"product_brand":[],"product_cat":[384,385,380,396,390,282,274],"product_tag":[],"class_list":{"0":"post-25767","1":"product","2":"type-product","3":"status-publish","4":"has-post-thumbnail","6":"pwb-brand-spencerfletwood-limited","7":"product_cat-articulos-variadosarticulos-comestibles","8":"product_cat-articulos-variadosarticulos-divertidos","9":"product_cat-articulos-variados","10":"product_cat-articulos-variadosarticulos-divertidoscomplementos","11":"product_cat-juguetes-sexuales-xxxfetish-bondageesposas","12":"product_cat-juguetes-sexuales-xxxfetish-bondage","13":"product_cat-juguetes-sexuales-xxx","14":"post_count_is_0","15":"boutique_post_style_4","17":"first","18":"instock","19":"taxable","20":"shipping-taxable","21":"purchasable","22":"product-type-simple","23":"boutique_image_style_2"},"brands":[{"id":759,"name":"SPENCERFLETWOOD LIMITED","slug":"spencerfletwood-limited"}],"_links":{"self":[{"href":"https:\/\/www.pussycatmerida.com\/eshop\/wp-json\/wp\/v2\/product\/25767","targetHints":{"allow":["GET"]}}],"collection":[{"href":"https:\/\/www.pussycatmerida.com\/eshop\/wp-json\/wp\/v2\/product"}],"about":[{"href":"https:\/\/www.pussycatmerida.com\/eshop\/wp-json\/wp\/v2\/types\/product"}],"wp:featuredmedia":[{"embeddable":true,"href":"https:\/\/www.pussycatmerida.com\/eshop\/wp-json\/wp\/v2\/media\/51100"}],"wp:attachment":[{"href":"https:\/\/www.pussycatmerida.com\/eshop\/wp-json\/wp\/v2\/media?parent=25767"}],"wp:term":[{"taxonomy":"pwb-brand","embeddable":true,"href":"https:\/\/www.pussycatmerida.com\/eshop\/wp-json\/wp\/v2\/pwb-brand?post=25767"},{"taxonomy":"product_brand","embeddable":true,"href":"https:\/\/www.pussycatmerida.com\/eshop\/wp-json\/wp\/v2\/product_brand?post=25767"},{"taxonomy":"product_cat","embeddable":true,"href":"https:\/\/www.pussycatmerida.com\/eshop\/wp-json\/wp\/v2\/product_cat?post=25767"},{"taxonomy":"product_tag","embeddable":true,"href":"https:\/\/www.pussycatmerida.com\/eshop\/wp-json\/wp\/v2\/product_tag?post=25767"}],"curies":[{"name":"wp","href":"https:\/\/api.w.org\/{rel}","templated":true}]}}