{"id":26128,"date":"2021-03-01T13:07:46","date_gmt":"2021-03-01T11:07:46","guid":{"rendered":"https:\/\/www.pussycatmerida.com\/eshop\/product\/pretty-love-abbott-dedal-estimulador-negro\/"},"modified":"2026-03-11T12:38:05","modified_gmt":"2026-03-11T11:38:05","slug":"pretty-love-abbott-dedal-estimulador-negro","status":"publish","type":"product","link":"https:\/\/www.pussycatmerida.com\/eshop\/producto\/pretty-love-abbott-dedal-estimulador-negro\/","title":{"rendered":"PRETTY LOVE ABBOTT DEDAL ESTIMULADOR NEGRO"},"content":{"rendered":"<p>Doble vibrador dedal nodulado para una excitante estimulaci\u00f3n.<\/p>\n<p>Desl\u00edzalo en el dedo y disfruta a solas o con tu pareja. Es ideal para las parejas y para los principiantes en\u00a0juguetes er\u00f3ticos.<\/p>\n<p>Caracter\u00edsticas:\u00a0<\/p>\n<ul>\n<li>Vibraciones fuertes.\u00a0<\/li>\n<li>Material: Silicona y abs\u00a0<\/li>\n<li>Texturizado\u00a0<\/li>\n<li>Medidas: Ver foto\u00a0<\/li>\n<li>Vibrador dedal\u00a0<\/li>\n<li>Estimulaci\u00f3n adicional con vibraciones para el\u00a0cl\u00edtoris\u00a0<\/li>\n<li>Pilas: 3LR41\u00a0<\/li>\n<\/ul>\n<p>Pretty Love fabrica productos con exigentes normas de calidad, todos sus productos estan dise\u00f1ados en Estados Unidos y tienen 1 a\u00f1o de garant\u00eda en defectos t\u00e9cnicos.<\/p>\n<p>\u00a0<\/p>\n<p>\u00a0<\/p>\n","protected":false},"excerpt":{"rendered":"<p>PRETTY LOVE ABBOTT STIMULATING DOUBLE FINGER BLACK<\/p>\n","protected":false},"featured_media":61246,"template":"","meta":[],"pwb-brand":[509,213],"product_brand":[],"product_cat":[288,274,434,307,299],"product_tag":[],"class_list":{"0":"post-26128","1":"product","2":"type-product","3":"status-publish","4":"has-post-thumbnail","6":"pwb-brand-pretty-loveflirtation","7":"pwb-brand-pretty-love","8":"product_cat-juguetes-sexuales-xxxestimuladores","9":"product_cat-juguetes-sexuales-xxx","10":"product_cat-juguetes-sexuales-xxxestimuladorespara-clitoris","11":"product_cat-juguetes-sexuales-xxxpunto-g","12":"product_cat-juguetes-sexuales-xxxvibradores","13":"post_count_is_0","14":"boutique_post_style_4","16":"first","17":"instock","18":"taxable","19":"shipping-taxable","20":"purchasable","21":"product-type-simple","22":"boutique_image_style_2"},"brands":[{"id":509,"name":"FLIRTATION","slug":"pretty-loveflirtation"},{"id":213,"name":"PRETTY LOVE","slug":"pretty-love"}],"_links":{"self":[{"href":"https:\/\/www.pussycatmerida.com\/eshop\/wp-json\/wp\/v2\/product\/26128","targetHints":{"allow":["GET"]}}],"collection":[{"href":"https:\/\/www.pussycatmerida.com\/eshop\/wp-json\/wp\/v2\/product"}],"about":[{"href":"https:\/\/www.pussycatmerida.com\/eshop\/wp-json\/wp\/v2\/types\/product"}],"wp:featuredmedia":[{"embeddable":true,"href":"https:\/\/www.pussycatmerida.com\/eshop\/wp-json\/wp\/v2\/media\/61246"}],"wp:attachment":[{"href":"https:\/\/www.pussycatmerida.com\/eshop\/wp-json\/wp\/v2\/media?parent=26128"}],"wp:term":[{"taxonomy":"pwb-brand","embeddable":true,"href":"https:\/\/www.pussycatmerida.com\/eshop\/wp-json\/wp\/v2\/pwb-brand?post=26128"},{"taxonomy":"product_brand","embeddable":true,"href":"https:\/\/www.pussycatmerida.com\/eshop\/wp-json\/wp\/v2\/product_brand?post=26128"},{"taxonomy":"product_cat","embeddable":true,"href":"https:\/\/www.pussycatmerida.com\/eshop\/wp-json\/wp\/v2\/product_cat?post=26128"},{"taxonomy":"product_tag","embeddable":true,"href":"https:\/\/www.pussycatmerida.com\/eshop\/wp-json\/wp\/v2\/product_tag?post=26128"}],"curies":[{"name":"wp","href":"https:\/\/api.w.org\/{rel}","templated":true}]}}