{"id":26134,"date":"2021-03-10T02:42:11","date_gmt":"2021-03-10T00:42:11","guid":{"rendered":"https:\/\/www.pussycatmerida.com\/eshop\/producto\/pretty-love-osmond-anillo-vibrador-de-silicona\/"},"modified":"2026-03-11T12:27:15","modified_gmt":"2026-03-11T11:27:15","slug":"pretty-love-osmond-anillo-vibrador-de-silicona","status":"publish","type":"product","link":"https:\/\/www.pussycatmerida.com\/eshop\/producto\/pretty-love-osmond-anillo-vibrador-de-silicona\/","title":{"rendered":"PRETTY LOVE OSMOND ANILLO VIBRADOR DE SILICONA"},"content":{"rendered":"<p>Este doble anillo vibrador har\u00e1 que tus erecciones ser\u00e1n m\u00e1s potentes y duraderas mientras tanto\u00a0la bala vibradora estimular\u00e1 el cl\u00edtoris de tu pareja. Disfrutar\u00e9is los dos a la vez.<\/p>\n<p>Est\u00e1 hecho de\u00a0silicona suave,\u00a0dise\u00f1ado para que se ajuste perfectamente y estimule tanto al hombre como a la mujer.<\/p>\n<p>Caracter\u00edsticas:\u00a0<\/p>\n<ul>\n<li>Fuertes vibraciones<\/li>\n<li>Pilas:\u00a0\u00a03 LR41<\/li>\n<li>Material: Silicona y ABS\u00a0<\/li>\n<li>Medidas: Ver foto\u00a0<\/li>\n<li>Sumergible\u00a0<\/li>\n<\/ul>\n<p>\u00a0<\/p>\n<p>Pretty Love fabrica productos de alta calidad. Tienen 1 a\u00f1o de garant\u00eda en defectos t\u00e9cnicos.<\/p>\n","protected":false},"excerpt":{"rendered":"<p>PRETTY LOVE OSMOND SILICONE VIBRATING RING<\/p>\n","protected":false},"featured_media":61256,"template":"","meta":[],"pwb-brand":[213,455],"product_brand":[],"product_cat":[276,945,903,274,306],"product_tag":[],"class_list":{"0":"post-26134","1":"product","2":"type-product","3":"status-publish","4":"has-post-thumbnail","6":"pwb-brand-pretty-love","7":"pwb-brand-pretty-lovepretty-male","8":"product_cat-juguetes-sexuales-xxxaccesorios-para-el-pene","9":"product_cat-anillos-con-vibracion","10":"product_cat-anillos-para-el-pene","11":"product_cat-juguetes-sexuales-xxx","12":"product_cat-juguetes-sexuales-xxxpara-el","13":"post_count_is_0","14":"boutique_post_style_4","16":"first","17":"instock","18":"taxable","19":"shipping-taxable","20":"purchasable","21":"product-type-simple","22":"boutique_image_style_2"},"brands":[{"id":213,"name":"PRETTY LOVE","slug":"pretty-love"},{"id":455,"name":"PRETTY MALE","slug":"pretty-lovepretty-male"}],"_links":{"self":[{"href":"https:\/\/www.pussycatmerida.com\/eshop\/wp-json\/wp\/v2\/product\/26134","targetHints":{"allow":["GET"]}}],"collection":[{"href":"https:\/\/www.pussycatmerida.com\/eshop\/wp-json\/wp\/v2\/product"}],"about":[{"href":"https:\/\/www.pussycatmerida.com\/eshop\/wp-json\/wp\/v2\/types\/product"}],"wp:featuredmedia":[{"embeddable":true,"href":"https:\/\/www.pussycatmerida.com\/eshop\/wp-json\/wp\/v2\/media\/61256"}],"wp:attachment":[{"href":"https:\/\/www.pussycatmerida.com\/eshop\/wp-json\/wp\/v2\/media?parent=26134"}],"wp:term":[{"taxonomy":"pwb-brand","embeddable":true,"href":"https:\/\/www.pussycatmerida.com\/eshop\/wp-json\/wp\/v2\/pwb-brand?post=26134"},{"taxonomy":"product_brand","embeddable":true,"href":"https:\/\/www.pussycatmerida.com\/eshop\/wp-json\/wp\/v2\/product_brand?post=26134"},{"taxonomy":"product_cat","embeddable":true,"href":"https:\/\/www.pussycatmerida.com\/eshop\/wp-json\/wp\/v2\/product_cat?post=26134"},{"taxonomy":"product_tag","embeddable":true,"href":"https:\/\/www.pussycatmerida.com\/eshop\/wp-json\/wp\/v2\/product_tag?post=26134"}],"curies":[{"name":"wp","href":"https:\/\/api.w.org\/{rel}","templated":true}]}}