{"id":26135,"date":"2021-03-09T18:29:15","date_gmt":"2021-03-09T16:29:15","guid":{"rendered":"https:\/\/www.pussycatmerida.com\/eshop\/producto\/pretty-love-male-masturbador-multifuncion-breton\/"},"modified":"2026-03-11T12:40:47","modified_gmt":"2026-03-11T11:40:47","slug":"pretty-love-male-masturbador-multifuncion-breton","status":"publish","type":"product","link":"https:\/\/www.pussycatmerida.com\/eshop\/producto\/pretty-love-male-masturbador-multifuncion-breton\/","title":{"rendered":"PRETTY LOVE MALE MASTURBADOR MULTIFUNCI\u00d3N BRETON"},"content":{"rendered":"<p>Introduce el pene en este potente,\u00a0estrecho masturbador y deja que \u00e9l haga el resto.\u00a0<\/p>\n<p>La c\u00e1mara interior hace girar docenas de suaves nudos de TPR mientras te acaricia el pene. Cuenta con 4 velocidades de rotaci\u00f3n y 4 modos de la subida y bajada\u00a0para una intensa sensaci\u00f3n.<\/p>\n<p>Caracter\u00edsticas:\u00a0<\/p>\n<ul>\n<li>Fuertes vibraciones<\/li>\n<li>Alta estimulaci\u00f3n<\/li>\n<li>4 modos de vibraci\u00f3n\u00a0<\/li>\n<li>4 modos de rotaci\u00f3n<\/li>\n<li>Funci\u00f3n de subida y bajada\u00a0<\/li>\n<li>4 pilas AAA\u00a0<\/li>\n<li>Dise\u00f1o ergon\u00f3mico\u00a0<\/li>\n<\/ul>\n<p>Pretty Love fabrica productos de alta calidad. Tienen 1 a\u00f1o de garant\u00eda en defectos t\u00e9cnicos.<\/p>\n","protected":false},"excerpt":{"rendered":"<p>PRETTY LOVE MALE BRETON MULTIFUNCTION MASTURBATOR<\/p>\n","protected":false},"featured_media":53182,"template":"","meta":[],"pwb-brand":[213,455],"product_brand":[],"product_cat":[274,902,293,306,305],"product_tag":[],"class_list":{"0":"post-26135","1":"product","2":"type-product","3":"status-publish","4":"has-post-thumbnail","6":"pwb-brand-pretty-love","7":"pwb-brand-pretty-lovepretty-male","8":"product_cat-juguetes-sexuales-xxx","9":"product_cat-masturbador-hi-tech","10":"product_cat-juguetes-sexuales-xxxmasturbadores-para-ellos","11":"product_cat-juguetes-sexuales-xxxpara-el","12":"product_cat-juguetes-sexuales-xxxvaginas-y-anos","13":"post_count_is_0","14":"boutique_post_style_4","16":"first","17":"instock","18":"taxable","19":"shipping-taxable","20":"purchasable","21":"product-type-simple","22":"boutique_image_style_2"},"brands":[{"id":213,"name":"PRETTY LOVE","slug":"pretty-love"},{"id":455,"name":"PRETTY MALE","slug":"pretty-lovepretty-male"}],"_links":{"self":[{"href":"https:\/\/www.pussycatmerida.com\/eshop\/wp-json\/wp\/v2\/product\/26135","targetHints":{"allow":["GET"]}}],"collection":[{"href":"https:\/\/www.pussycatmerida.com\/eshop\/wp-json\/wp\/v2\/product"}],"about":[{"href":"https:\/\/www.pussycatmerida.com\/eshop\/wp-json\/wp\/v2\/types\/product"}],"wp:featuredmedia":[{"embeddable":true,"href":"https:\/\/www.pussycatmerida.com\/eshop\/wp-json\/wp\/v2\/media\/53182"}],"wp:attachment":[{"href":"https:\/\/www.pussycatmerida.com\/eshop\/wp-json\/wp\/v2\/media?parent=26135"}],"wp:term":[{"taxonomy":"pwb-brand","embeddable":true,"href":"https:\/\/www.pussycatmerida.com\/eshop\/wp-json\/wp\/v2\/pwb-brand?post=26135"},{"taxonomy":"product_brand","embeddable":true,"href":"https:\/\/www.pussycatmerida.com\/eshop\/wp-json\/wp\/v2\/product_brand?post=26135"},{"taxonomy":"product_cat","embeddable":true,"href":"https:\/\/www.pussycatmerida.com\/eshop\/wp-json\/wp\/v2\/product_cat?post=26135"},{"taxonomy":"product_tag","embeddable":true,"href":"https:\/\/www.pussycatmerida.com\/eshop\/wp-json\/wp\/v2\/product_tag?post=26135"}],"curies":[{"name":"wp","href":"https:\/\/api.w.org\/{rel}","templated":true}]}}