{"id":26176,"date":"2021-03-01T13:08:13","date_gmt":"2021-03-01T11:08:13","guid":{"rendered":"https:\/\/www.pussycatmerida.com\/eshop\/product\/pretty-love-power-wand-masajeador\/"},"modified":"2026-03-11T12:40:49","modified_gmt":"2026-03-11T11:40:49","slug":"pretty-love-power-wand-masajeador","status":"publish","type":"product","link":"https:\/\/www.pussycatmerida.com\/eshop\/producto\/pretty-love-power-wand-masajeador\/","title":{"rendered":"PRETTY LOVE POWER WAND MASAJEADOR"},"content":{"rendered":"<p>Este extremadamente poderoso masajeador ofrece el placer intenso gracias a su suave, flexible y curvado cabezal. Su dise\u00f1o de la edici\u00f3n Golden le a\u00f1ade el estilo lujoso y elegante. Se ajusta perfectamente a la mano facilitando\u00a0su maniobra con\u00a0precisi\u00f3n.<\/p>\n<p>Muy f\u00e1cil de usar, con un s\u00f3lo dedo puedes\u00a0activarlo y cambiar sus m\u00faltiples velocidades de vibraci\u00f3n.<\/p>\n<ul>\n<li>Fueres vibraciones<\/li>\n<li>Dise\u00f1o lujoso<\/li>\n<li>Juguete de alta estimulaci\u00f3n y versatilidad\u00a0<\/li>\n<li>Cabezal liso<\/li>\n<li>C\u00f3modo de usar<\/li>\n<li>Medidas: Ver foto\u00a0<\/li>\n<li>Bater\u00edas: 4AAA<\/li>\n<\/ul>\n<p>Pretty Love fabrica productos de alta calidad. Tienen 1 a\u00f1o de garant\u00eda en defectos t\u00e9cnicos.<\/p>\n<p>\u00a0<\/p>\n<p>\u00a0<\/p>\n","protected":false},"excerpt":{"rendered":"<p>PRETTY LOVE POWER WAND MASSAGER<\/p>\n","protected":false},"featured_media":61286,"template":"","meta":[],"pwb-brand":[509,213],"product_brand":[],"product_cat":[288,274,431,898],"product_tag":[],"class_list":{"0":"post-26176","1":"product","2":"type-product","3":"status-publish","4":"has-post-thumbnail","6":"pwb-brand-pretty-loveflirtation","7":"pwb-brand-pretty-love","8":"product_cat-juguetes-sexuales-xxxestimuladores","9":"product_cat-juguetes-sexuales-xxx","10":"product_cat-juguetes-sexuales-xxxmasajeadores","11":"product_cat-wand","12":"post_count_is_0","13":"boutique_post_style_4","15":"first","16":"instock","17":"taxable","18":"shipping-taxable","19":"purchasable","20":"product-type-simple","21":"boutique_image_style_2"},"brands":[{"id":509,"name":"FLIRTATION","slug":"pretty-loveflirtation"},{"id":213,"name":"PRETTY LOVE","slug":"pretty-love"}],"_links":{"self":[{"href":"https:\/\/www.pussycatmerida.com\/eshop\/wp-json\/wp\/v2\/product\/26176","targetHints":{"allow":["GET"]}}],"collection":[{"href":"https:\/\/www.pussycatmerida.com\/eshop\/wp-json\/wp\/v2\/product"}],"about":[{"href":"https:\/\/www.pussycatmerida.com\/eshop\/wp-json\/wp\/v2\/types\/product"}],"wp:featuredmedia":[{"embeddable":true,"href":"https:\/\/www.pussycatmerida.com\/eshop\/wp-json\/wp\/v2\/media\/61286"}],"wp:attachment":[{"href":"https:\/\/www.pussycatmerida.com\/eshop\/wp-json\/wp\/v2\/media?parent=26176"}],"wp:term":[{"taxonomy":"pwb-brand","embeddable":true,"href":"https:\/\/www.pussycatmerida.com\/eshop\/wp-json\/wp\/v2\/pwb-brand?post=26176"},{"taxonomy":"product_brand","embeddable":true,"href":"https:\/\/www.pussycatmerida.com\/eshop\/wp-json\/wp\/v2\/product_brand?post=26176"},{"taxonomy":"product_cat","embeddable":true,"href":"https:\/\/www.pussycatmerida.com\/eshop\/wp-json\/wp\/v2\/product_cat?post=26176"},{"taxonomy":"product_tag","embeddable":true,"href":"https:\/\/www.pussycatmerida.com\/eshop\/wp-json\/wp\/v2\/product_tag?post=26176"}],"curies":[{"name":"wp","href":"https:\/\/api.w.org\/{rel}","templated":true}]}}