{"id":26220,"date":"2021-03-01T13:29:18","date_gmt":"2021-03-01T11:29:18","guid":{"rendered":"https:\/\/www.pussycatmerida.com\/eshop\/product\/aria-please-me-play-juego-sexual-en-fr\/"},"modified":"2026-03-11T12:26:53","modified_gmt":"2026-03-11T11:26:53","slug":"aria-please-me-play-juego-sexual-en-fr","status":"publish","type":"product","link":"https:\/\/www.pussycatmerida.com\/eshop\/producto\/aria-please-me-play-juego-sexual-en-fr\/","title":{"rendered":"ARIA PLEASE ME PLAY JUEGO SEXUAL EN\/FR"},"content":{"rendered":"<p>Os gustan las sorpresas? Este juego te llevar\u00e1 r\u00e1pidamente a la acci\u00f3n con emocionantes situaciones y te proporcionar\u00e1 un rato divertido en pareja. Es muy f\u00e1cil de jugar, solo necesitas a tu compa\u00f1ero de aventuras. \u00a1Tira los dados! El dado de colores te dir\u00e1 las cartas que debes coger. La suma de resultado de lanzar los dados con los n\u00fameros y marcar\u00e1 el numero de la prueba que deb\u00e9is lanzar.<\/p>\n<p>Preparado para la acci\u00f3n?<\/p>\n<ul>\n<li>Instrucciones \u00a0en Ingl\u00e9s \/ Frances.<\/li>\n<\/ul>\n","protected":false},"excerpt":{"rendered":"<p>PLEASE ME PLAY XXX EN\/FR<\/p>\n","protected":false},"featured_media":62781,"template":"","meta":[],"pwb-brand":[892],"product_brand":[],"product_cat":[378,375,442,376],"product_tag":[],"class_list":{"0":"post-26220","1":"product","2":"type-product","3":"status-publish","4":"has-post-thumbnail","6":"pwb-brand-aria","7":"product_cat-juegosdados","8":"product_cat-juegos","9":"product_cat-juegosjuegos-de-cartas","10":"product_cat-juegosjuegos-de-pareja","11":"post_count_is_0","12":"boutique_post_style_4","14":"first","15":"instock","16":"taxable","17":"shipping-taxable","18":"purchasable","19":"product-type-simple","20":"boutique_image_style_2"},"brands":[{"id":892,"name":"ARIA","slug":"aria"}],"_links":{"self":[{"href":"https:\/\/www.pussycatmerida.com\/eshop\/wp-json\/wp\/v2\/product\/26220","targetHints":{"allow":["GET"]}}],"collection":[{"href":"https:\/\/www.pussycatmerida.com\/eshop\/wp-json\/wp\/v2\/product"}],"about":[{"href":"https:\/\/www.pussycatmerida.com\/eshop\/wp-json\/wp\/v2\/types\/product"}],"wp:featuredmedia":[{"embeddable":true,"href":"https:\/\/www.pussycatmerida.com\/eshop\/wp-json\/wp\/v2\/media\/62781"}],"wp:attachment":[{"href":"https:\/\/www.pussycatmerida.com\/eshop\/wp-json\/wp\/v2\/media?parent=26220"}],"wp:term":[{"taxonomy":"pwb-brand","embeddable":true,"href":"https:\/\/www.pussycatmerida.com\/eshop\/wp-json\/wp\/v2\/pwb-brand?post=26220"},{"taxonomy":"product_brand","embeddable":true,"href":"https:\/\/www.pussycatmerida.com\/eshop\/wp-json\/wp\/v2\/product_brand?post=26220"},{"taxonomy":"product_cat","embeddable":true,"href":"https:\/\/www.pussycatmerida.com\/eshop\/wp-json\/wp\/v2\/product_cat?post=26220"},{"taxonomy":"product_tag","embeddable":true,"href":"https:\/\/www.pussycatmerida.com\/eshop\/wp-json\/wp\/v2\/product_tag?post=26220"}],"curies":[{"name":"wp","href":"https:\/\/api.w.org\/{rel}","templated":true}]}}