{"id":26258,"date":"2021-03-01T09:45:53","date_gmt":"2021-03-01T07:45:53","guid":{"rendered":"https:\/\/www.pussycatmerida.com\/eshop\/product\/loveclone-jansen-self-lubrication-vibrador-26cm\/"},"modified":"2026-03-11T12:27:08","modified_gmt":"2026-03-11T11:27:08","slug":"loveclone-jansen-self-lubrication-vibrador-26cm","status":"publish","type":"product","link":"https:\/\/www.pussycatmerida.com\/eshop\/producto\/loveclone-jansen-self-lubrication-vibrador-26cm\/","title":{"rendered":"LOVECLONE JANSEN SELF LUBRICATION VIBRADOR 26CM"},"content":{"rendered":"<p>Dotado con la tecnolog\u00eda Self Lubrication Technology, este perfecto vibrador real\u00edstico no necesita lubricante, solo necesitas a\u00f1adir un poco de agua para que se inicie la lubricaci\u00f3n en un segundo.<\/p>\n<p>Love clone tiene un tacto incre\u00edblemente suave y sedoso, especialmente agradable al tacto y en la penetraci\u00f3n incorpora un motor con vibraci\u00f3n por incremento, se acciona en la zona inferior del vibrador y puedes graduar la intensidad que m\u00e1s te guste.<\/p>\n<p>Tras su uso solo necesita que lo limpies bajo el agua y aplicas un limpiador de juguetes, aconsejamos la marca Waterfeel, que permite una esterilizaci\u00f3n completa de este perfecto vibrador con tecnolog\u00eda Self Lubrication Technology.<\/p>\n<ul>\n<li>Fabricado en TPR y motor en ABS<\/li>\n<li>Sumergible<\/li>\n<li>Libre de ftalato<\/li>\n<li>Medidas; 26 x 4.3cm<\/li>\n<li>Incluye dos bater\u00edas AAA, que tambi\u00e9n podr\u00e1s\u00a0encontrar en la secci\u00f3n pilas\u00a0<\/li>\n<\/ul>\n<p style=\"text-align: center;\"><iframe loading=\"lazy\" allow=\"accelerometer; autoplay; encrypted-media; gyroscope; picture-in-picture\" allowfullscreen=\"\" frameborder=\"0\" height=\"450\" scrolling=\"no\" src=\"https:\/\/www.youtube-nocookie.com\/embed\/vVt9qjNrUQU?rel=0controls=0showinfo=0\" width=\"800\"><\/iframe><\/p>\n","protected":false},"excerpt":{"rendered":"<p>LOVECLONE JANSEN  SELF LUBRICATION DONG FLESH 26CM<\/p>\n","protected":false},"featured_media":55083,"template":"","meta":[],"pwb-brand":[850],"product_brand":[],"product_cat":[274,302,910],"product_tag":[],"class_list":{"0":"post-26258","1":"product","2":"type-product","3":"status-publish","4":"has-post-thumbnail","6":"pwb-brand-loveclone","7":"product_cat-juguetes-sexuales-xxx","8":"product_cat-juguetes-sexuales-xxxpenes","9":"product_cat-realisticos-con-vibracion","10":"post_count_is_0","11":"boutique_post_style_4","13":"first","14":"instock","15":"taxable","16":"shipping-taxable","17":"purchasable","18":"product-type-simple","19":"boutique_image_style_2"},"brands":[{"id":850,"name":"LOVECLONE","slug":"loveclone"}],"_links":{"self":[{"href":"https:\/\/www.pussycatmerida.com\/eshop\/wp-json\/wp\/v2\/product\/26258","targetHints":{"allow":["GET"]}}],"collection":[{"href":"https:\/\/www.pussycatmerida.com\/eshop\/wp-json\/wp\/v2\/product"}],"about":[{"href":"https:\/\/www.pussycatmerida.com\/eshop\/wp-json\/wp\/v2\/types\/product"}],"wp:featuredmedia":[{"embeddable":true,"href":"https:\/\/www.pussycatmerida.com\/eshop\/wp-json\/wp\/v2\/media\/55083"}],"wp:attachment":[{"href":"https:\/\/www.pussycatmerida.com\/eshop\/wp-json\/wp\/v2\/media?parent=26258"}],"wp:term":[{"taxonomy":"pwb-brand","embeddable":true,"href":"https:\/\/www.pussycatmerida.com\/eshop\/wp-json\/wp\/v2\/pwb-brand?post=26258"},{"taxonomy":"product_brand","embeddable":true,"href":"https:\/\/www.pussycatmerida.com\/eshop\/wp-json\/wp\/v2\/product_brand?post=26258"},{"taxonomy":"product_cat","embeddable":true,"href":"https:\/\/www.pussycatmerida.com\/eshop\/wp-json\/wp\/v2\/product_cat?post=26258"},{"taxonomy":"product_tag","embeddable":true,"href":"https:\/\/www.pussycatmerida.com\/eshop\/wp-json\/wp\/v2\/product_tag?post=26258"}],"curies":[{"name":"wp","href":"https:\/\/api.w.org\/{rel}","templated":true}]}}