{"id":26260,"date":"2021-03-01T09:46:00","date_gmt":"2021-03-01T07:46:00","guid":{"rendered":"https:\/\/www.pussycatmerida.com\/eshop\/product\/loveclone-daven-self-lubrication-realistico-23-8-cm\/"},"modified":"2026-03-11T12:38:05","modified_gmt":"2026-03-11T11:38:05","slug":"loveclone-daven-self-lubrication-realistico-23-8-cm","status":"publish","type":"product","link":"https:\/\/www.pussycatmerida.com\/eshop\/producto\/loveclone-daven-self-lubrication-realistico-23-8-cm\/","title":{"rendered":"LOVECLONE DAVEN SELF LUBRICATION REALISTICO 23.8 CM"},"content":{"rendered":"<p>Dotado con la tecnolog\u00eda Self Lubrication Technology, este perfecto vibrador real\u00edstico no necesita lubricante, solo necesitas a\u00f1adir un poco de agua para que se inicie la lubricaci\u00f3n en un segundo.<\/p>\n<p>Love clone tiene un tacto incre\u00edblemente suave y sedoso, especialmente agradable al tacto y en la penetraci\u00f3n incorpora un motor con vibraci\u00f3n por incremento, se acciona en la zona inferior del vibrador y puedes graduar la intensidad que m\u00e1s te guste.<\/p>\n<p>Tras su uso solo necesita que lo limpies bajo el agua y aplicas un limpiador de juguetes, aconsejamos la marca Waterfeel, que permite una esterilizaci\u00f3n completa de este perfecto vibrador con tecnolog\u00eda Self Lubrication Technology.<\/p>\n<ul>\n<li>Fabricado en TPR y motor en ABS<\/li>\n<li>Sumergible<\/li>\n<li>Libre de ftalato<\/li>\n<li>Medidas.\n<ul>\n<li>Longitud total: 23.8\u00a0cm<\/li>\n<li>Longitud insertable: 20 cm<\/li>\n<li>Di\u00e1metro :6.5 \/ 5 cm<\/li>\n<\/ul>\n<\/li>\n<\/ul>\n<ul>\n<li>Incluye dos bater\u00edas AAA,\u00a0que tambi\u00e9n podr\u00e1s\u00a0encontrar en la secci\u00f3n pilas\u00a0<\/li>\n<\/ul>\n<p style=\"text-align: center;\"><iframe loading=\"lazy\" allow=\"accelerometer; autoplay; encrypted-media; gyroscope; picture-in-picture\" allowfullscreen=\"\" frameborder=\"0\" height=\"450\" scrolling=\"no\" src=\"https:\/\/www.youtube-nocookie.com\/embed\/vVt9qjNrUQU?rel=0controls=0showinfo=0\" width=\"800\"><\/iframe><\/p>\n","protected":false},"excerpt":{"rendered":"<p>LOVECLONE DAVEN SELF LUBRICATION DONG FLESH 23.8 CM<\/p>\n","protected":false},"featured_media":55088,"template":"","meta":[],"pwb-brand":[850],"product_brand":[],"product_cat":[274,294,302,910],"product_tag":[],"class_list":{"0":"post-26260","1":"product","2":"type-product","3":"status-publish","4":"has-post-thumbnail","6":"pwb-brand-loveclone","7":"product_cat-juguetes-sexuales-xxx","8":"product_cat-juguetes-sexuales-xxxmasturbadores-para-ellas","9":"product_cat-juguetes-sexuales-xxxpenes","10":"product_cat-realisticos-con-vibracion","11":"post_count_is_0","12":"boutique_post_style_4","14":"first","15":"instock","16":"taxable","17":"shipping-taxable","18":"purchasable","19":"product-type-simple","20":"boutique_image_style_2"},"brands":[{"id":850,"name":"LOVECLONE","slug":"loveclone"}],"_links":{"self":[{"href":"https:\/\/www.pussycatmerida.com\/eshop\/wp-json\/wp\/v2\/product\/26260","targetHints":{"allow":["GET"]}}],"collection":[{"href":"https:\/\/www.pussycatmerida.com\/eshop\/wp-json\/wp\/v2\/product"}],"about":[{"href":"https:\/\/www.pussycatmerida.com\/eshop\/wp-json\/wp\/v2\/types\/product"}],"wp:featuredmedia":[{"embeddable":true,"href":"https:\/\/www.pussycatmerida.com\/eshop\/wp-json\/wp\/v2\/media\/55088"}],"wp:attachment":[{"href":"https:\/\/www.pussycatmerida.com\/eshop\/wp-json\/wp\/v2\/media?parent=26260"}],"wp:term":[{"taxonomy":"pwb-brand","embeddable":true,"href":"https:\/\/www.pussycatmerida.com\/eshop\/wp-json\/wp\/v2\/pwb-brand?post=26260"},{"taxonomy":"product_brand","embeddable":true,"href":"https:\/\/www.pussycatmerida.com\/eshop\/wp-json\/wp\/v2\/product_brand?post=26260"},{"taxonomy":"product_cat","embeddable":true,"href":"https:\/\/www.pussycatmerida.com\/eshop\/wp-json\/wp\/v2\/product_cat?post=26260"},{"taxonomy":"product_tag","embeddable":true,"href":"https:\/\/www.pussycatmerida.com\/eshop\/wp-json\/wp\/v2\/product_tag?post=26260"}],"curies":[{"name":"wp","href":"https:\/\/api.w.org\/{rel}","templated":true}]}}