{"id":26318,"date":"2021-02-26T14:57:37","date_gmt":"2021-02-26T12:57:37","guid":{"rendered":"https:\/\/www.pussycatmerida.com\/eshop\/product\/addicted-toys-anal-massager-black\/"},"modified":"2026-03-11T12:38:05","modified_gmt":"2026-03-11T11:38:05","slug":"addicted-toys-anal-massager-black","status":"publish","type":"product","link":"https:\/\/www.pussycatmerida.com\/eshop\/producto\/addicted-toys-anal-massager-black\/","title":{"rendered":"ADDICTED TOYS ANAL MASSAGER BLACK"},"content":{"rendered":"<p>Descubre la estimulaci\u00f3n perfecta entre pr\u00f3stata, ano y perineo con el masajeador anal de Addicted toys. La innovadora tecnolog\u00eda de Adicted es el resultado de una intensa b\u00fasqueda del placer sexual realizada en cooperaci\u00f3n con ur\u00f3logos y sex\u00f3logos.<\/p>\n<p>Fabricado en TPR 100% es seguro para el cuerpo y puede utilizarse con cualquier lubricante.<\/p>\n<p>Con este estimulador prost\u00e1tico alcanzar\u00e1s niveles de estimulaci\u00f3n extremos gracias a su balita vibradora.<\/p>\n<ul>\n<li>Motor potente para una vibraci\u00f3n intensa<\/li>\n<\/ul>\n<p>Prep\u00e1rate para descubrir los placeres m\u00e1s ocultos solo o con tu pareja.<\/p>\n<div>\n<p>Utiliza 4 pilas LR44 incluidas.<\/p>\n<p style=\"text-align: center;\"><iframe loading=\"lazy\" allow=\"accelerometer; autoplay; encrypted-media; gyroscope; picture-in-picture\" allowfullscreen=\"\" frameborder=\"0\" height=\"400\" scrolling=\"no\" src=\"https:\/\/www.youtube-nocookie.com\/embed\/wJ4Hi6zBGRI?rel=0controls=0showinfo=0\" width=\"850\"><\/iframe><\/p>\n<\/div>\n","protected":false},"excerpt":{"rendered":"<p>ADDICTED TOYS ANAL MASSAGER BLACK<\/p>\n","protected":false},"featured_media":49351,"template":"","meta":[],"pwb-brand":[464],"product_brand":[],"product_cat":[280,387,274,894],"product_tag":[],"class_list":{"0":"post-26318","1":"product","2":"type-product","3":"status-publish","4":"has-post-thumbnail","6":"pwb-brand-addicted-toys","7":"product_cat-juguetes-sexuales-xxxanal","8":"product_cat-juguetes-sexuales-xxxespecial-gays","9":"product_cat-juguetes-sexuales-xxx","10":"product_cat-prostaticos","11":"post_count_is_0","12":"boutique_post_style_4","14":"first","15":"instock","16":"taxable","17":"shipping-taxable","18":"purchasable","19":"product-type-simple","20":"boutique_image_style_2"},"brands":[{"id":464,"name":"ADDICTED TOYS","slug":"addicted-toys"}],"_links":{"self":[{"href":"https:\/\/www.pussycatmerida.com\/eshop\/wp-json\/wp\/v2\/product\/26318","targetHints":{"allow":["GET"]}}],"collection":[{"href":"https:\/\/www.pussycatmerida.com\/eshop\/wp-json\/wp\/v2\/product"}],"about":[{"href":"https:\/\/www.pussycatmerida.com\/eshop\/wp-json\/wp\/v2\/types\/product"}],"wp:featuredmedia":[{"embeddable":true,"href":"https:\/\/www.pussycatmerida.com\/eshop\/wp-json\/wp\/v2\/media\/49351"}],"wp:attachment":[{"href":"https:\/\/www.pussycatmerida.com\/eshop\/wp-json\/wp\/v2\/media?parent=26318"}],"wp:term":[{"taxonomy":"pwb-brand","embeddable":true,"href":"https:\/\/www.pussycatmerida.com\/eshop\/wp-json\/wp\/v2\/pwb-brand?post=26318"},{"taxonomy":"product_brand","embeddable":true,"href":"https:\/\/www.pussycatmerida.com\/eshop\/wp-json\/wp\/v2\/product_brand?post=26318"},{"taxonomy":"product_cat","embeddable":true,"href":"https:\/\/www.pussycatmerida.com\/eshop\/wp-json\/wp\/v2\/product_cat?post=26318"},{"taxonomy":"product_tag","embeddable":true,"href":"https:\/\/www.pussycatmerida.com\/eshop\/wp-json\/wp\/v2\/product_tag?post=26318"}],"curies":[{"name":"wp","href":"https:\/\/api.w.org\/{rel}","templated":true}]}}