{"id":26321,"date":"2021-02-26T14:57:44","date_gmt":"2021-02-26T12:57:44","guid":{"rendered":"https:\/\/www.pussycatmerida.com\/eshop\/product\/addicted-toys-anal-massager-black-vibration\/"},"modified":"2026-03-11T12:27:53","modified_gmt":"2026-03-11T11:27:53","slug":"addicted-toys-anal-massager-black-vibration","status":"publish","type":"product","link":"https:\/\/www.pussycatmerida.com\/eshop\/producto\/addicted-toys-anal-massager-black-vibration\/","title":{"rendered":"ADDICTED TOYS ANAL MASSAGER BLACK VIBRATION"},"content":{"rendered":"<p>Dise\u00f1ado de manera elegante para ofrecer vibraciones donde m\u00e1s las quieras. Los motores duales de Adicted Toys apuntan a la pr\u00f3stata y a los test\u00edculos. Esta maravilla ajustable se curva para llegar a todos los lugares correctos.<\/p>\n<p>Recubierto de silicona este masajeador recargable masculino encender\u00e1 tus pasiones y te ofrecer\u00e1 una extraordinaria satisfacci\u00f3n.<\/p>\n<ul>\n<li>Impermeable y adecuado para todos los lubricantes.<\/li>\n<li>Recargable con Cargador USB incluido.<\/li>\n<li>Material: Silicona<\/li>\n<li>30 funciones de Vibraci\u00f3n<\/li>\n<li>Di\u00e1metro penetraci\u00f3n; 3.5cm<\/li>\n<li>Longitud Total: 12.5 cm<\/li>\n<\/ul>\n<p>Descubre la estimulaci\u00f3n perfecta entre pr\u00f3stata, ano y perineo con el masajeador anal de Adicted toys. La innovadora tecnolog\u00eda de Adicted es el resultado de una intensa b\u00fasqueda del placer sexual realizada en cooperaci\u00f3n con ur\u00f3logos y sex\u00f3logos.<\/p>\n<p>Prep\u00e1rate para descubrir los placeres m\u00e1s ocultos solo o con tu pareja.<\/p>\n<p style=\"text-align: center;\"><iframe loading=\"lazy\" allow=\"accelerometer; autoplay; encrypted-media; gyroscope; picture-in-picture\" allowfullscreen=\"\" frameborder=\"0\" height=\"400\" scrolling=\"no\" src=\"https:\/\/www.youtube-nocookie.com\/embed\/wJ4Hi6zBGRI?rel=0controls=0showinfo=0\" width=\"850\"><\/iframe><\/p>\n","protected":false},"excerpt":{"rendered":"<p>ADDICTED TOYS ANAL MASSAGER BLACK VIBRATION<\/p>\n","protected":false},"featured_media":49363,"template":"","meta":[],"pwb-brand":[464],"product_brand":[],"product_cat":[280,951,387,274,894],"product_tag":[],"class_list":{"0":"post-26321","1":"product","2":"type-product","3":"status-publish","4":"has-post-thumbnail","6":"pwb-brand-addicted-toys","7":"product_cat-juguetes-sexuales-xxxanal","8":"product_cat-dia-del-padre","9":"product_cat-juguetes-sexuales-xxxespecial-gays","10":"product_cat-juguetes-sexuales-xxx","11":"product_cat-prostaticos","12":"post_count_is_0","13":"boutique_post_style_4","15":"first","16":"instock","17":"taxable","18":"shipping-taxable","19":"purchasable","20":"product-type-simple","21":"boutique_image_style_2"},"brands":[{"id":464,"name":"ADDICTED TOYS","slug":"addicted-toys"}],"_links":{"self":[{"href":"https:\/\/www.pussycatmerida.com\/eshop\/wp-json\/wp\/v2\/product\/26321","targetHints":{"allow":["GET"]}}],"collection":[{"href":"https:\/\/www.pussycatmerida.com\/eshop\/wp-json\/wp\/v2\/product"}],"about":[{"href":"https:\/\/www.pussycatmerida.com\/eshop\/wp-json\/wp\/v2\/types\/product"}],"wp:featuredmedia":[{"embeddable":true,"href":"https:\/\/www.pussycatmerida.com\/eshop\/wp-json\/wp\/v2\/media\/49363"}],"wp:attachment":[{"href":"https:\/\/www.pussycatmerida.com\/eshop\/wp-json\/wp\/v2\/media?parent=26321"}],"wp:term":[{"taxonomy":"pwb-brand","embeddable":true,"href":"https:\/\/www.pussycatmerida.com\/eshop\/wp-json\/wp\/v2\/pwb-brand?post=26321"},{"taxonomy":"product_brand","embeddable":true,"href":"https:\/\/www.pussycatmerida.com\/eshop\/wp-json\/wp\/v2\/product_brand?post=26321"},{"taxonomy":"product_cat","embeddable":true,"href":"https:\/\/www.pussycatmerida.com\/eshop\/wp-json\/wp\/v2\/product_cat?post=26321"},{"taxonomy":"product_tag","embeddable":true,"href":"https:\/\/www.pussycatmerida.com\/eshop\/wp-json\/wp\/v2\/product_tag?post=26321"}],"curies":[{"name":"wp","href":"https:\/\/api.w.org\/{rel}","templated":true}]}}