{"id":26323,"date":"2021-02-24T14:24:58","date_gmt":"2021-02-24T12:24:58","guid":{"rendered":"https:\/\/www.pussycatmerida.com\/eshop\/product\/addicted-toys-set-anillos-pene-negro\/"},"modified":"2026-03-11T12:27:15","modified_gmt":"2026-03-11T11:27:15","slug":"addicted-toys-set-anillos-pene-negro","status":"publish","type":"product","link":"https:\/\/www.pussycatmerida.com\/eshop\/producto\/addicted-toys-set-anillos-pene-negro\/","title":{"rendered":"ADDICTED TOYS SET ANILLOS PENE NEGRO"},"content":{"rendered":"<p>Addicted toys es la gama de anillos m\u00e1s completa. Su dise\u00f1o ha sido revisado para estimular a la perfecci\u00f3n el pene y todos sus sentidos, cada uno ha sido dise\u00f1ado por un equipo de ingenieros de Adicted Toys.<\/p>\n<p>Este kit con tres anillos de rubber s\u00faper el\u00e1sticos para elegir, es la variedad perfecta para ayudarte a lograr tu m\u00e1ximo potencial.<\/p>\n<p>Encuentra el tama\u00f1o perfecto para t\u00ed y alcanza las erecciones m\u00e1s grandes y m\u00e1s intensas jam\u00e1s imaginadas. Prueba los anillos en diferentes combinaciones para encontrar los resultados m\u00e1s explosivos o utiliza los tres anillos al mismo tiempo para la prueba de la resistencia final.<\/p>\n<p>\u00a1T\u00fa eliges!<\/p>\n<p>Di\u00e1metros:<\/p>\n<ul>\n<li>S: 3 cm<\/li>\n<li>M: 4 cm<\/li>\n<li>L: 5 cm<\/li>\n<\/ul>\n<p style=\"text-align: center;\"><iframe loading=\"lazy\" allow=\"accelerometer; autoplay; encrypted-media; gyroscope; picture-in-picture\" allowfullscreen=\"\" frameborder=\"0\" height=\"400\" scrolling=\"no\" src=\"https:\/\/www.youtube-nocookie.com\/embed\/wJ4Hi6zBGRI?rel=0controls=0showinfo=0\" width=\"850\"><\/iframe><\/p>\n","protected":false},"excerpt":{"rendered":"<p>ADDICTED TOYS RINGS SET FOR PENIS BLACK<\/p>\n","protected":false},"featured_media":31740,"template":"","meta":[],"pwb-brand":[464],"product_brand":[],"product_cat":[276,903,944,274],"product_tag":[],"class_list":{"0":"post-26323","1":"product","2":"type-product","3":"status-publish","4":"has-post-thumbnail","6":"pwb-brand-addicted-toys","7":"product_cat-juguetes-sexuales-xxxaccesorios-para-el-pene","8":"product_cat-anillos-para-el-pene","9":"product_cat-anillos-sin-vibracion","10":"product_cat-juguetes-sexuales-xxx","11":"post_count_is_0","12":"boutique_post_style_4","14":"first","15":"instock","16":"taxable","17":"shipping-taxable","18":"purchasable","19":"product-type-simple","20":"boutique_image_style_2"},"brands":[{"id":464,"name":"ADDICTED TOYS","slug":"addicted-toys"}],"_links":{"self":[{"href":"https:\/\/www.pussycatmerida.com\/eshop\/wp-json\/wp\/v2\/product\/26323","targetHints":{"allow":["GET"]}}],"collection":[{"href":"https:\/\/www.pussycatmerida.com\/eshop\/wp-json\/wp\/v2\/product"}],"about":[{"href":"https:\/\/www.pussycatmerida.com\/eshop\/wp-json\/wp\/v2\/types\/product"}],"wp:featuredmedia":[{"embeddable":true,"href":"https:\/\/www.pussycatmerida.com\/eshop\/wp-json\/wp\/v2\/media\/31740"}],"wp:attachment":[{"href":"https:\/\/www.pussycatmerida.com\/eshop\/wp-json\/wp\/v2\/media?parent=26323"}],"wp:term":[{"taxonomy":"pwb-brand","embeddable":true,"href":"https:\/\/www.pussycatmerida.com\/eshop\/wp-json\/wp\/v2\/pwb-brand?post=26323"},{"taxonomy":"product_brand","embeddable":true,"href":"https:\/\/www.pussycatmerida.com\/eshop\/wp-json\/wp\/v2\/product_brand?post=26323"},{"taxonomy":"product_cat","embeddable":true,"href":"https:\/\/www.pussycatmerida.com\/eshop\/wp-json\/wp\/v2\/product_cat?post=26323"},{"taxonomy":"product_tag","embeddable":true,"href":"https:\/\/www.pussycatmerida.com\/eshop\/wp-json\/wp\/v2\/product_tag?post=26323"}],"curies":[{"name":"wp","href":"https:\/\/api.w.org\/{rel}","templated":true}]}}