{"id":26328,"date":"2021-02-24T14:57:51","date_gmt":"2021-02-24T12:57:51","guid":{"rendered":"https:\/\/www.pussycatmerida.com\/eshop\/product\/addicted-toys-extension-pene-16cm\/"},"modified":"2026-03-11T12:26:56","modified_gmt":"2026-03-11T11:26:56","slug":"addicted-toys-extension-pene-16cm","status":"publish","type":"product","link":"https:\/\/www.pussycatmerida.com\/eshop\/producto\/addicted-toys-extension-pene-16cm\/","title":{"rendered":"ADDICTED TOYS  EXTENSI\u00d3N PENE (16CM)"},"content":{"rendered":"<div>Suave, y, sin embargo, excitante y real\u00edstico, esta funda para el pene te ofrecer\u00e1 eso y m\u00e1s. Acabado real\u00edstico que te ofrece un incremento en tu pene en longitud y anchura, qu\u00e9 m\u00e1s podr\u00eda pedir tu pareja? \u00a1Disfruta de un EXTRA en vuestras relaciones sexuales!<\/div>\n<div>\u00a0<\/div>\n<div>\u00a1A\u00f1ade 2,5 cm m\u00e1s a la longitud de tu pene! Se puede ajustar a la medida que usted desee, solo debe de recortar.<\/div>\n<div>Y un 33% m\u00e1s de ancho!<\/div>\n<div>\u00a0<\/div>\n<div>Prolonga la eyaculaci\u00f3n con la correa.<\/div>\n<div>Se adapta a casi todos los tama\u00f1os.<\/div>\n<ul>\n<li>\u2022<span style=\"white-space: pre;\"> <\/span>Longitud insertable: 14\u00a0cm<\/li>\n<li>\u2022<span style=\"white-space: pre;\"> <\/span>Di\u00e1metro interior: 2,5 cm<\/li>\n<\/ul>\n<p style=\"text-align: center;\"><iframe loading=\"lazy\" allow=\"accelerometer; autoplay; encrypted-media; gyroscope; picture-in-picture\" allowfullscreen=\"\" frameborder=\"0\" height=\"400\" scrolling=\"no\" src=\"https:\/\/www.youtube-nocookie.com\/embed\/wJ4Hi6zBGRI?rel=0controls=0showinfo=0\" width=\"850\"><\/iframe><\/p>\n","protected":false},"excerpt":{"rendered":"<p>ADDICTED TOYS  EXTEND YOUR PENIS (16CM)<\/p>\n","protected":false},"featured_media":34633,"template":"","meta":[],"pwb-brand":[464],"product_brand":[],"product_cat":[279,946,274],"product_tag":[],"class_list":{"0":"post-26328","1":"product","2":"type-product","3":"status-publish","4":"has-post-thumbnail","6":"pwb-brand-addicted-toys","7":"product_cat-juguetes-sexuales-xxxextensiones-para-el-pene","8":"product_cat-fundas-para-el-pene","9":"product_cat-juguetes-sexuales-xxx","10":"post_count_is_0","11":"boutique_post_style_4","13":"first","14":"instock","15":"taxable","16":"shipping-taxable","17":"purchasable","18":"product-type-simple","19":"boutique_image_style_2"},"brands":[{"id":464,"name":"ADDICTED TOYS","slug":"addicted-toys"}],"_links":{"self":[{"href":"https:\/\/www.pussycatmerida.com\/eshop\/wp-json\/wp\/v2\/product\/26328","targetHints":{"allow":["GET"]}}],"collection":[{"href":"https:\/\/www.pussycatmerida.com\/eshop\/wp-json\/wp\/v2\/product"}],"about":[{"href":"https:\/\/www.pussycatmerida.com\/eshop\/wp-json\/wp\/v2\/types\/product"}],"wp:featuredmedia":[{"embeddable":true,"href":"https:\/\/www.pussycatmerida.com\/eshop\/wp-json\/wp\/v2\/media\/34633"}],"wp:attachment":[{"href":"https:\/\/www.pussycatmerida.com\/eshop\/wp-json\/wp\/v2\/media?parent=26328"}],"wp:term":[{"taxonomy":"pwb-brand","embeddable":true,"href":"https:\/\/www.pussycatmerida.com\/eshop\/wp-json\/wp\/v2\/pwb-brand?post=26328"},{"taxonomy":"product_brand","embeddable":true,"href":"https:\/\/www.pussycatmerida.com\/eshop\/wp-json\/wp\/v2\/product_brand?post=26328"},{"taxonomy":"product_cat","embeddable":true,"href":"https:\/\/www.pussycatmerida.com\/eshop\/wp-json\/wp\/v2\/product_cat?post=26328"},{"taxonomy":"product_tag","embeddable":true,"href":"https:\/\/www.pussycatmerida.com\/eshop\/wp-json\/wp\/v2\/product_tag?post=26328"}],"curies":[{"name":"wp","href":"https:\/\/api.w.org\/{rel}","templated":true}]}}