{"id":26376,"date":"2021-02-26T13:57:38","date_gmt":"2021-02-26T11:57:38","guid":{"rendered":"https:\/\/www.pussycatmerida.com\/eshop\/product\/creamy-cum-lubricante-textura-semen-70ml\/"},"modified":"2026-03-11T12:38:52","modified_gmt":"2026-03-11T11:38:52","slug":"creamy-cum-lubricante-textura-semen-70ml","status":"publish","type":"product","link":"https:\/\/www.pussycatmerida.com\/eshop\/producto\/creamy-cum-lubricante-textura-semen-70ml\/","title":{"rendered":"CREAMY CUM LUBRICANTE TEXTURA SEMEN 70ML"},"content":{"rendered":"<p>Con un delicado color lechoso, CREAMY CUM es un gel lubricante acuoso y cremoso que produce a la perfecci\u00f3n la textura untuosa del esperma. M\u00e1s real que la vida misma, es la opci\u00f3n ideal para los amantes del realismo. Es tan sedoso y ultra deslizante que puede utilizarse tanto para la penetraci\u00f3n anal como vaginal.<\/p>\n<ul>\n<li>Textura 100% semen<\/li>\n<li>Sin olor ni sabor.<\/li>\n<li>Base de Agua<\/li>\n<\/ul>\n<p>La verdadera sensaci\u00f3n del semen ahora hecho lubricante!!<\/p>\n<p>Envase de 70ml<\/p>\n","protected":false},"excerpt":{"rendered":"<p>CREAMY CUM LUBRICANT 70 ML<\/p>\n","protected":false},"featured_media":45510,"template":"","meta":[],"pwb-brand":[716],"product_brand":[],"product_cat":[337,328,343,339,338],"product_tag":[],"class_list":{"0":"post-26376","1":"product","2":"type-product","3":"status-publish","4":"has-post-thumbnail","6":"pwb-brand-creamy","7":"product_cat-aceites-y-lubricantes","8":"product_cat-afrodisiacos","9":"product_cat-afrodisiacosaumentador-volumen-semen","10":"product_cat-aceites-y-lubricanteslubricantesbase-de-agua","11":"product_cat-aceites-y-lubricanteslubricantes","12":"post_count_is_0","13":"boutique_post_style_4","15":"first","16":"instock","17":"taxable","18":"shipping-taxable","19":"purchasable","20":"product-type-simple","21":"boutique_image_style_2"},"brands":[{"id":716,"name":"CREAMY","slug":"creamy"}],"_links":{"self":[{"href":"https:\/\/www.pussycatmerida.com\/eshop\/wp-json\/wp\/v2\/product\/26376","targetHints":{"allow":["GET"]}}],"collection":[{"href":"https:\/\/www.pussycatmerida.com\/eshop\/wp-json\/wp\/v2\/product"}],"about":[{"href":"https:\/\/www.pussycatmerida.com\/eshop\/wp-json\/wp\/v2\/types\/product"}],"wp:featuredmedia":[{"embeddable":true,"href":"https:\/\/www.pussycatmerida.com\/eshop\/wp-json\/wp\/v2\/media\/45510"}],"wp:attachment":[{"href":"https:\/\/www.pussycatmerida.com\/eshop\/wp-json\/wp\/v2\/media?parent=26376"}],"wp:term":[{"taxonomy":"pwb-brand","embeddable":true,"href":"https:\/\/www.pussycatmerida.com\/eshop\/wp-json\/wp\/v2\/pwb-brand?post=26376"},{"taxonomy":"product_brand","embeddable":true,"href":"https:\/\/www.pussycatmerida.com\/eshop\/wp-json\/wp\/v2\/product_brand?post=26376"},{"taxonomy":"product_cat","embeddable":true,"href":"https:\/\/www.pussycatmerida.com\/eshop\/wp-json\/wp\/v2\/product_cat?post=26376"},{"taxonomy":"product_tag","embeddable":true,"href":"https:\/\/www.pussycatmerida.com\/eshop\/wp-json\/wp\/v2\/product_tag?post=26376"}],"curies":[{"name":"wp","href":"https:\/\/api.w.org\/{rel}","templated":true}]}}