{"id":26525,"date":"2021-03-10T02:42:48","date_gmt":"2021-03-10T00:42:48","guid":{"rendered":"https:\/\/www.pussycatmerida.com\/eshop\/producto\/pretty-love-norton-dedal-con-vibracion-rotacion\/"},"modified":"2026-03-11T12:38:06","modified_gmt":"2026-03-11T11:38:06","slug":"pretty-love-norton-dedal-con-vibracion-rotacion","status":"publish","type":"product","link":"https:\/\/www.pussycatmerida.com\/eshop\/producto\/pretty-love-norton-dedal-con-vibracion-rotacion\/","title":{"rendered":"PRETTY LOVE NORTON DEDAL CON VIBRACI\u00d3N ROTACI\u00d3N"},"content":{"rendered":"<p>Solo un toque de tu amor es suficiente para ofrecer placer sin l\u00edmites, especialmente si tienes este dedal vibrador<\/p>\n<p>Hecho de silicona, cuenta con 3 funciones de vibraci\u00f3n y 3 funciones de rotaci\u00f3n. Use este juguete sexual para orgasmos explosivos para usted y su amante. El poder de su juguete sexual est\u00e1 al alcance de su mano, y enviar\u00e1 escalofr\u00edos por su columna vertebral o la de su pareja, y en cualquier otro lugar que elija. Desliza tu dedo en el peque\u00f1o y elegante juguete para brindar emociones emocionantes donde sea que las desees.<\/p>\n<ul>\n<li>Poderosas vibraciones<\/li>\n<li>3 funciones de vibraci\u00f3n<\/li>\n<li>3 funciones de rotacion<\/li>\n<li>Silicona blanda<\/li>\n<li>USB recargable<\/li>\n<li>Mediciones. Ver foto<\/li>\n<\/ul>\n<p>Pretty Love fabrica productos con altos est\u00e1ndares de calidad. Todos los productos est\u00e1n dise\u00f1ados en Estados Unidos y tienen 1 a\u00f1o de garant\u00eda en defectos t\u00e9cnicos. \u00a1El placer est\u00e1 asegurado!<\/p>\n","protected":false},"excerpt":{"rendered":"<p>PRETTY LOVE NORTON FINGERTIP VIBRATION AND ROTATION FUNCTIONS<\/p>\n","protected":false},"featured_media":61335,"template":"","meta":[],"pwb-brand":[213,451],"product_brand":[],"product_cat":[288,274,434],"product_tag":[],"class_list":{"0":"post-26525","1":"product","2":"type-product","3":"status-publish","4":"has-post-thumbnail","6":"pwb-brand-pretty-love","7":"pwb-brand-pretty-lovesmart","8":"product_cat-juguetes-sexuales-xxxestimuladores","9":"product_cat-juguetes-sexuales-xxx","10":"product_cat-juguetes-sexuales-xxxestimuladorespara-clitoris","11":"post_count_is_0","12":"boutique_post_style_4","14":"first","15":"instock","16":"taxable","17":"shipping-taxable","18":"purchasable","19":"product-type-simple","20":"boutique_image_style_2"},"brands":[{"id":213,"name":"PRETTY LOVE","slug":"pretty-love"},{"id":451,"name":"SMART","slug":"pretty-lovesmart"}],"_links":{"self":[{"href":"https:\/\/www.pussycatmerida.com\/eshop\/wp-json\/wp\/v2\/product\/26525","targetHints":{"allow":["GET"]}}],"collection":[{"href":"https:\/\/www.pussycatmerida.com\/eshop\/wp-json\/wp\/v2\/product"}],"about":[{"href":"https:\/\/www.pussycatmerida.com\/eshop\/wp-json\/wp\/v2\/types\/product"}],"wp:featuredmedia":[{"embeddable":true,"href":"https:\/\/www.pussycatmerida.com\/eshop\/wp-json\/wp\/v2\/media\/61335"}],"wp:attachment":[{"href":"https:\/\/www.pussycatmerida.com\/eshop\/wp-json\/wp\/v2\/media?parent=26525"}],"wp:term":[{"taxonomy":"pwb-brand","embeddable":true,"href":"https:\/\/www.pussycatmerida.com\/eshop\/wp-json\/wp\/v2\/pwb-brand?post=26525"},{"taxonomy":"product_brand","embeddable":true,"href":"https:\/\/www.pussycatmerida.com\/eshop\/wp-json\/wp\/v2\/product_brand?post=26525"},{"taxonomy":"product_cat","embeddable":true,"href":"https:\/\/www.pussycatmerida.com\/eshop\/wp-json\/wp\/v2\/product_cat?post=26525"},{"taxonomy":"product_tag","embeddable":true,"href":"https:\/\/www.pussycatmerida.com\/eshop\/wp-json\/wp\/v2\/product_tag?post=26525"}],"curies":[{"name":"wp","href":"https:\/\/api.w.org\/{rel}","templated":true}]}}