{"id":26526,"date":"2021-03-09T18:30:09","date_gmt":"2021-03-09T16:30:09","guid":{"rendered":"https:\/\/www.pussycatmerida.com\/eshop\/producto\/pretty-love-alexander-bomba-ereccion\/"},"modified":"2026-03-11T12:27:56","modified_gmt":"2026-03-11T11:27:56","slug":"pretty-love-alexander-bomba-ereccion","status":"publish","type":"product","link":"https:\/\/www.pussycatmerida.com\/eshop\/producto\/pretty-love-alexander-bomba-ereccion\/","title":{"rendered":"PRETTY LOVE ALEXANDER BOMBA ERECCION"},"content":{"rendered":"<p>Aseg\u00farate unas potentes erecciones con esta bomba de erecci\u00f3n autom\u00e1tica con medidor de presi\u00f3n en el que puedes ver cent\u00edmetro a cent\u00edmetro como se incrementa el tama\u00f1o de tu pene gracias a su t\u00fanel transparente y medidor. Adem\u00e1s, su\u00a0anillo es de TPR de alta calidad y muy c\u00f3modo. Cuando quieras dejar de usarlo, tan solo presiona el bot\u00f3n de liberaci\u00f3n f\u00e1cil y la presi\u00f3n disminuir\u00e1 r\u00e1pidamente.\u00a0<\/p>\n<p>Caracter\u00edsticas:<\/p>\n<ul>\n<li>Bomba de erecci\u00f3n autom\u00e1tica con medici\u00f3n presi\u00f3n y cent\u00edmetros.<\/li>\n<li>Sistema de liberaci\u00f3n r\u00e1pida de presi\u00f3n<\/li>\n<li>Materiales de primera calidad: TPR<\/li>\n<li>Anillo flexible para mayor comodidad.<\/li>\n<li>Pilas:\u00a03xAA<\/li>\n<\/ul>\n<p>\u00a1Siente el poder de una potente erecci\u00f3n!<\/p>\n","protected":false},"excerpt":{"rendered":"<p>PRETTY LOVE ALEXANDER PENNIS PUMP<\/p>\n","protected":false},"featured_media":53256,"template":"","meta":[],"pwb-brand":[213,455],"product_brand":[],"product_cat":[277,953,286,274,306],"product_tag":[],"class_list":{"0":"post-26526","1":"product","2":"type-product","3":"status-publish","4":"has-post-thumbnail","6":"pwb-brand-pretty-love","7":"pwb-brand-pretty-lovepretty-male","8":"product_cat-juguetes-sexuales-xxxalargamiento-pene","9":"product_cat-bombas-de-ereccion","10":"product_cat-juguetes-sexuales-xxxdesarrolladores","11":"product_cat-juguetes-sexuales-xxx","12":"product_cat-juguetes-sexuales-xxxpara-el","13":"post_count_is_0","14":"boutique_post_style_4","16":"first","17":"instock","18":"taxable","19":"shipping-taxable","20":"purchasable","21":"product-type-simple","22":"boutique_image_style_2"},"brands":[{"id":213,"name":"PRETTY LOVE","slug":"pretty-love"},{"id":455,"name":"PRETTY MALE","slug":"pretty-lovepretty-male"}],"_links":{"self":[{"href":"https:\/\/www.pussycatmerida.com\/eshop\/wp-json\/wp\/v2\/product\/26526","targetHints":{"allow":["GET"]}}],"collection":[{"href":"https:\/\/www.pussycatmerida.com\/eshop\/wp-json\/wp\/v2\/product"}],"about":[{"href":"https:\/\/www.pussycatmerida.com\/eshop\/wp-json\/wp\/v2\/types\/product"}],"wp:featuredmedia":[{"embeddable":true,"href":"https:\/\/www.pussycatmerida.com\/eshop\/wp-json\/wp\/v2\/media\/53256"}],"wp:attachment":[{"href":"https:\/\/www.pussycatmerida.com\/eshop\/wp-json\/wp\/v2\/media?parent=26526"}],"wp:term":[{"taxonomy":"pwb-brand","embeddable":true,"href":"https:\/\/www.pussycatmerida.com\/eshop\/wp-json\/wp\/v2\/pwb-brand?post=26526"},{"taxonomy":"product_brand","embeddable":true,"href":"https:\/\/www.pussycatmerida.com\/eshop\/wp-json\/wp\/v2\/product_brand?post=26526"},{"taxonomy":"product_cat","embeddable":true,"href":"https:\/\/www.pussycatmerida.com\/eshop\/wp-json\/wp\/v2\/product_cat?post=26526"},{"taxonomy":"product_tag","embeddable":true,"href":"https:\/\/www.pussycatmerida.com\/eshop\/wp-json\/wp\/v2\/product_tag?post=26526"}],"curies":[{"name":"wp","href":"https:\/\/api.w.org\/{rel}","templated":true}]}}