{"id":26576,"date":"2021-03-01T13:24:38","date_gmt":"2021-03-01T11:24:38","guid":{"rendered":"https:\/\/www.pussycatmerida.com\/eshop\/product\/stertoy-esterilizador-covid-19-germicida-bactericida-ultravioleta\/"},"modified":"2026-03-11T12:38:52","modified_gmt":"2026-03-11T11:38:52","slug":"stertoy-esterilizador-covid-19-germicida-bactericida-ultravioleta","status":"publish","type":"product","link":"https:\/\/www.pussycatmerida.com\/eshop\/producto\/stertoy-esterilizador-covid-19-germicida-bactericida-ultravioleta\/","title":{"rendered":"STERTOY ESTERILIZADOR COVID-19 GERMICIDA BACTERICIDA  ULTRAVIOLETA"},"content":{"rendered":"<p>Este producto est\u00e1 especialmente indicado incluso para erradicaci\u00f3n del Virus COVID-19, puede utilizaro para cualquier objeto sea de metal, papel, o cristal en el que necesite eliminar restos de bacterias.<\/p>\n<p>Stertoy es un completo accesorio para la esterilizaci\u00f3n de vibradores, juguetes sexuales, accesorios m\u00f3viles, art\u00edculos personales, chupetes del beb\u00e9, y cualquier accesorio que necesites esterilizar.<\/p>\n<p>La esterilizaci\u00f3n se realiza por medio de una lampara ultravioleta de \u00faltima generaci\u00f3n que destruye la estructura de la DNA de las bacterias de forma inmediata.<\/p>\n<p>La principal aplicaci\u00f3n del esterilizador ultravioleta es la desinfecci\u00f3n.<\/p>\n<p>La radiaci\u00f3n U.V. constituye una de las franjas del espectro electromagn\u00e9tico y posee mayor energ\u00eda que la luz visible. La irradiaci\u00f3n con rayos U.V. de los g\u00e9rmenes presentes provoca una serie de da\u00f1os en su mol\u00e9cula de ADN, que impiden la divisi\u00f3n celular y causan su desaparici\u00f3n de forma inmediata.<\/p>\n<p>El esterilizador ultravioleta stertoy es un equipo avanzado de desinfecci\u00f3n. Los rayos ultravioleta UV alteran el ADN de los microorganismos (virus, bacterias, protozoos, etc.) presentes, elimin\u00e1ndolos, o inactiv\u00e1ndolos gen\u00e9ticamente, para impedir su reproducci\u00f3n. La eficiencia del UV en la eliminaci\u00f3n de virus y bacterias es del 99.9%; adem\u00e1s, el UV es m\u00e1s efectivo que el cloro contra los virus y protozoos.<\/p>\n<p>El equipo esterilizador ultravioleta est\u00e1 constituido por una caja sanitaria con interior totalmente pulido espejo. Dentro de la caja se encuentra otro tubo de cuarzo y dentro de este \u00faltimo la l\u00e1mpara de radiaci\u00f3n ultra violeta.<\/p>\n<p>Este producto est\u00e1 especialmente indicado incluso para erradicaci\u00f3n del Virus COVID-19, puede utilizaro para cualquier objeto sea de metal, papel, o cristal en el que necesite eliminar restos de bacterias.<\/p>\n<p>\u00c9stas son algunas de sus muchas ventajas:<\/p>\n<ul>\n<li>Provee desinfecci\u00f3n sin el uso de qu\u00edmicos.<\/li>\n<li>Reduce bacteria, virus y protozoa en un 99.99%. y es perfecto para juguetes sexuales ya que al estar con nuestro organismo requiere una desinfecci\u00f3n a\u00f1adida.<\/li>\n<li>F\u00e1cil de operar y mantener.<\/li>\n<li>El UV no altera el sabor, olor, color y pH del agua.<\/li>\n<li>El UV no requiere la adici\u00f3n de productos qu\u00edmicos. El UV es un equipo compacto, f\u00e1cil de instalar y no requiere mantenimiento.<\/li>\n<li>Medidas: 25.9 x 14.9 x 9.1 cm\u00a0<\/li>\n<\/ul>\n","protected":false},"excerpt":{"rendered":"<p>STERTOY STERILIZER COVID-19  GERMICIDAL BACTERICIDE ULTRAVIOLET<\/p>\n","protected":false},"featured_media":62365,"template":"","meta":[],"pwb-brand":[886],"product_brand":[],"product_cat":[417,439,274,292],"product_tag":[],"class_list":{"0":"post-26576","1":"product","2":"type-product","3":"status-publish","4":"has-post-thumbnail","6":"pwb-brand-stertoy","7":"product_cat-juguetes-sexuales-xxxarticulos-limpieza-e-higiene","8":"product_cat-covid-19","9":"product_cat-juguetes-sexuales-xxx","10":"product_cat-juguetes-sexuales-xxxlimpieza-y-conservacion","11":"post_count_is_0","12":"boutique_post_style_4","14":"first","15":"instock","16":"taxable","17":"shipping-taxable","18":"purchasable","19":"product-type-simple","20":"boutique_image_style_2"},"brands":[{"id":886,"name":"STERTOY","slug":"stertoy"}],"_links":{"self":[{"href":"https:\/\/www.pussycatmerida.com\/eshop\/wp-json\/wp\/v2\/product\/26576","targetHints":{"allow":["GET"]}}],"collection":[{"href":"https:\/\/www.pussycatmerida.com\/eshop\/wp-json\/wp\/v2\/product"}],"about":[{"href":"https:\/\/www.pussycatmerida.com\/eshop\/wp-json\/wp\/v2\/types\/product"}],"wp:featuredmedia":[{"embeddable":true,"href":"https:\/\/www.pussycatmerida.com\/eshop\/wp-json\/wp\/v2\/media\/62365"}],"wp:attachment":[{"href":"https:\/\/www.pussycatmerida.com\/eshop\/wp-json\/wp\/v2\/media?parent=26576"}],"wp:term":[{"taxonomy":"pwb-brand","embeddable":true,"href":"https:\/\/www.pussycatmerida.com\/eshop\/wp-json\/wp\/v2\/pwb-brand?post=26576"},{"taxonomy":"product_brand","embeddable":true,"href":"https:\/\/www.pussycatmerida.com\/eshop\/wp-json\/wp\/v2\/product_brand?post=26576"},{"taxonomy":"product_cat","embeddable":true,"href":"https:\/\/www.pussycatmerida.com\/eshop\/wp-json\/wp\/v2\/product_cat?post=26576"},{"taxonomy":"product_tag","embeddable":true,"href":"https:\/\/www.pussycatmerida.com\/eshop\/wp-json\/wp\/v2\/product_tag?post=26576"}],"curies":[{"name":"wp","href":"https:\/\/api.w.org\/{rel}","templated":true}]}}