{"id":26650,"date":"2021-03-09T10:52:14","date_gmt":"2021-03-09T08:52:14","guid":{"rendered":"https:\/\/www.pussycatmerida.com\/eshop\/producto\/control-lub-gel-lubricante-efecto-calor-75-ml\/"},"modified":"2026-03-11T12:38:50","modified_gmt":"2026-03-11T11:38:50","slug":"control-lub-gel-lubricante-efecto-calor-75-ml","status":"publish","type":"product","link":"https:\/\/www.pussycatmerida.com\/eshop\/producto\/control-lub-gel-lubricante-efecto-calor-75-ml\/","title":{"rendered":"CONTROL LUB GEL LUBRICANTE EFECTO CALOR 75 ML"},"content":{"rendered":"<p>Control Lub Gel Warm Touch es un lubricante para la sequedad vaginal y genital con un agradable efecto calor desarrolado para facilitar la penetraci\u00f3n durante las relaciones sexuales permitiendo un mayor placer e intensidad. De base acuosa, respeta la fisiolog\u00eda natural . No es graso y es f\u00e1cil de eliminar con agua<\/p>\n<ul>\n<li>Control Lube Gel Efecto Calor\u00a0<\/li>\n<li>Base agua\u00a0<\/li>\n<li>No comestible aunque no supone riesgo al contacto oral\u00a0<\/li>\n<li>Se puede utilizar con o sin preservativo<\/li>\n<li>Sin parabenos.\u00a0<\/li>\n<li>Cantidad: 75 ml<\/li>\n<\/ul>\n","protected":false},"excerpt":{"rendered":"<p>CONTROL LUB GEL WARMING EFFECT LUBRICANT 75 ML<\/p>\n","protected":false},"featured_media":46002,"template":"","meta":[],"pwb-brand":[50],"product_brand":[],"product_cat":[342,337,339,351,338],"product_tag":[],"class_list":{"0":"post-26650","1":"product","2":"type-product","3":"status-publish","4":"has-post-thumbnail","6":"pwb-brand-control","7":"product_cat-aceites-y-lubricantesaceites-y-cremas-de-masaje","8":"product_cat-aceites-y-lubricantes","9":"product_cat-aceites-y-lubricanteslubricantesbase-de-agua","10":"product_cat-aceites-y-lubricantesaceites-y-cremas-de-masajecon-efecto-calor","11":"product_cat-aceites-y-lubricanteslubricantes","12":"post_count_is_0","13":"boutique_post_style_4","15":"first","16":"instock","17":"taxable","18":"shipping-taxable","19":"purchasable","20":"product-type-simple","21":"boutique_image_style_2"},"brands":[{"id":50,"name":"CONTROL","slug":"control"}],"_links":{"self":[{"href":"https:\/\/www.pussycatmerida.com\/eshop\/wp-json\/wp\/v2\/product\/26650","targetHints":{"allow":["GET"]}}],"collection":[{"href":"https:\/\/www.pussycatmerida.com\/eshop\/wp-json\/wp\/v2\/product"}],"about":[{"href":"https:\/\/www.pussycatmerida.com\/eshop\/wp-json\/wp\/v2\/types\/product"}],"wp:featuredmedia":[{"embeddable":true,"href":"https:\/\/www.pussycatmerida.com\/eshop\/wp-json\/wp\/v2\/media\/46002"}],"wp:attachment":[{"href":"https:\/\/www.pussycatmerida.com\/eshop\/wp-json\/wp\/v2\/media?parent=26650"}],"wp:term":[{"taxonomy":"pwb-brand","embeddable":true,"href":"https:\/\/www.pussycatmerida.com\/eshop\/wp-json\/wp\/v2\/pwb-brand?post=26650"},{"taxonomy":"product_brand","embeddable":true,"href":"https:\/\/www.pussycatmerida.com\/eshop\/wp-json\/wp\/v2\/product_brand?post=26650"},{"taxonomy":"product_cat","embeddable":true,"href":"https:\/\/www.pussycatmerida.com\/eshop\/wp-json\/wp\/v2\/product_cat?post=26650"},{"taxonomy":"product_tag","embeddable":true,"href":"https:\/\/www.pussycatmerida.com\/eshop\/wp-json\/wp\/v2\/product_tag?post=26650"}],"curies":[{"name":"wp","href":"https:\/\/api.w.org\/{rel}","templated":true}]}}