{"id":26888,"date":"2021-02-26T11:22:39","date_gmt":"2021-02-26T09:22:39","guid":{"rendered":"https:\/\/www.pussycatmerida.com\/eshop\/product\/subblime-babydoll-con-bordados-florales-en-pechos-s-m\/"},"modified":"2026-03-11T12:27:01","modified_gmt":"2026-03-11T11:27:01","slug":"subblime-babydoll-con-bordados-florales-en-pechos-s-m","status":"publish","type":"product","link":"https:\/\/www.pussycatmerida.com\/eshop\/producto\/subblime-babydoll-con-bordados-florales-en-pechos-s-m\/","title":{"rendered":"SUBBLIME BABYDOLL CON BORDADOS FLORALES EN PECHOS S\/M"},"content":{"rendered":"<p>El t\u00e9rmino Sublime lo usamos para referirnos a una belleza extrema, a algo que vas m\u00e1s all\u00e1 de la racionalidad del espectador. Es por esta raz\u00f3n, que se use en un sentido figurado en personas y obras que destacan del conjunto en t\u00e9rminos de excelencia, superioridad, belleza y perfecci\u00f3n.<\/p>\n<p>Subblime es una marca de lencer\u00eda dise\u00f1ada en EEUU creada para mujeres que quieren sentirse extremadamente sexys e irresistibles con materiales de alta calidad y m\u00e1ximo confort.<\/p>\n<ul>\n<li>Babydoll increiblemente sensual<\/li>\n<li>Color: Negro<\/li>\n<li>Combina transparencias con exclusivos bordados<\/li>\n<li>Motivos florales en el pecho<\/li>\n<li>Tanga a juego incluido<\/li>\n<li>Presentaci\u00f3n en caja\u00a0<\/li>\n<li>Talla: S\/M<\/li>\n<\/ul>\n<p>Elegancia y seducci\u00f3n elevados a su m\u00e1ximo exponente, simplemente&#8230; \u00a1Sublime!\u00a0<\/p>\n<p style=\"text-align: center;\"><img decoding=\"async\" alt=\"\" src=\"https:\/\/dreamlove.gesio.be\/UserFiles\/images\/TALLA%281%29.jpg\" style=\"width: 613px; height: 131px;\" \/><\/p>\n","protected":false},"excerpt":{"rendered":"<p>SUBBLIME BABYDOLL FLORAL MOTIVS IN BREASTS  S\/M<\/p>\n","protected":false},"featured_media":44318,"template":"","meta":[],"pwb-brand":[610,611],"product_brand":[],"product_cat":[311,315,309],"product_tag":[],"class_list":{"0":"post-26888","1":"product","2":"type-product","3":"status-publish","4":"has-post-thumbnail","6":"pwb-brand-subblime","7":"pwb-brand-subblime-subblime-babydolls","8":"product_cat-lenceriababydoll-picardias","9":"product_cat-lenceriaconjuntos-2-piezas","10":"product_cat-lenceria","11":"post_count_is_0","12":"boutique_post_style_4","14":"first","15":"outofstock","16":"taxable","17":"shipping-taxable","18":"purchasable","19":"product-type-variable","20":"boutique_image_style_2"},"brands":[{"id":610,"name":"SUBBLIME","slug":"subblime"},{"id":611,"name":"SUBBLIME BABYDOLLS","slug":"subblime-subblime-babydolls"}],"_links":{"self":[{"href":"https:\/\/www.pussycatmerida.com\/eshop\/wp-json\/wp\/v2\/product\/26888","targetHints":{"allow":["GET"]}}],"collection":[{"href":"https:\/\/www.pussycatmerida.com\/eshop\/wp-json\/wp\/v2\/product"}],"about":[{"href":"https:\/\/www.pussycatmerida.com\/eshop\/wp-json\/wp\/v2\/types\/product"}],"wp:featuredmedia":[{"embeddable":true,"href":"https:\/\/www.pussycatmerida.com\/eshop\/wp-json\/wp\/v2\/media\/44318"}],"wp:attachment":[{"href":"https:\/\/www.pussycatmerida.com\/eshop\/wp-json\/wp\/v2\/media?parent=26888"}],"wp:term":[{"taxonomy":"pwb-brand","embeddable":true,"href":"https:\/\/www.pussycatmerida.com\/eshop\/wp-json\/wp\/v2\/pwb-brand?post=26888"},{"taxonomy":"product_brand","embeddable":true,"href":"https:\/\/www.pussycatmerida.com\/eshop\/wp-json\/wp\/v2\/product_brand?post=26888"},{"taxonomy":"product_cat","embeddable":true,"href":"https:\/\/www.pussycatmerida.com\/eshop\/wp-json\/wp\/v2\/product_cat?post=26888"},{"taxonomy":"product_tag","embeddable":true,"href":"https:\/\/www.pussycatmerida.com\/eshop\/wp-json\/wp\/v2\/product_tag?post=26888"}],"curies":[{"name":"wp","href":"https:\/\/api.w.org\/{rel}","templated":true}]}}