{"id":27083,"date":"2021-02-26T14:22:25","date_gmt":"2021-02-26T12:22:25","guid":{"rendered":"https:\/\/www.pussycatmerida.com\/eshop\/product\/secretplay-apolo-locion-piel-de-seda-para-hombres-50-ml\/"},"modified":"2026-03-11T12:26:25","modified_gmt":"2026-03-11T11:26:25","slug":"secretplay-apolo-locion-piel-de-seda-para-hombres-50-ml","status":"publish","type":"product","link":"https:\/\/www.pussycatmerida.com\/eshop\/producto\/secretplay-apolo-locion-piel-de-seda-para-hombres-50-ml\/","title":{"rendered":"SECRETPLAY APOLO LOCION PIEL DE SEDA PARA HOMBRES 50 ML"},"content":{"rendered":"<p>La loci\u00f3n corporal masculina de piel de seda Apolo, con atrayente sexual natural extra\u00eddo de la trufa, resalta tu atractivo, aumenta tu confianza y te convierte en una persona m\u00e1s excitante, seductora y deseada a los ojos de los dem\u00e1s.<\/p>\n<p>Sab\u00edas las m\u00faltiples utilidades que tiene nuestra piel de seda?<\/p>\n<p>-Para hidratar la piel y dejarla suave<\/p>\n<p>-Para dar masajes, es ideal para un masaje cuerpo a cuerpo<\/p>\n<p>-Serum para el cabello<\/p>\n<p>-Para ponerlo debajo del maquillaje<\/p>\n<p>-Para realzar los tatuajes<\/p>\n<p>-Para ponerlo en rozaduras, sobre todo las que se producen en la entrepierna<\/p>\n<p>Despu\u00e9s de extender una fina capa sobre la piel, la loci\u00f3n deja \u00e9sta con un aspecto sedoso al tacto convirtiendo un masaje en una experiencia \u00fanica llena de sensualidad y sofisticaci\u00f3n.<\/p>\n<p>Adem\u00e1s, su aroma varonil y amaderado, estimula el deseo y el apetito sexual de forma natural, sugiriendo experiencias inolvidables y momentos muy especiales. Una atracci\u00f3n irresistible para cualquiera.<\/p>\n<ul>\n<li>Envasecon sistema \u00abAirless\u00bb\u00a0<\/li>\n<li>F\u00e1cil aplicaci\u00f3n<\/li>\n<li>Capacidad: 50 ml<\/li>\n<li>Producto cosm\u00e9tico s\u00f3lo para uso externo<\/li>\n<li>Aroma: notas amaderadas<\/li>\n<li>No testado en animales<\/li>\n<li>Para hombre<\/li>\n<li>Hecho en Espa\u00f1a<\/li>\n<\/ul>\n","protected":false},"excerpt":{"rendered":"<p>SECRETPLAY APOLO SILK SKIN LOTION FOR MEN 50 ML<\/p>\n","protected":false},"featured_media":46475,"template":"","meta":[],"pwb-brand":[498,682],"product_brand":[],"product_cat":[342,337,353,356],"product_tag":[],"class_list":{"0":"post-27083","1":"product","2":"type-product","3":"status-publish","4":"has-post-thumbnail","6":"pwb-brand-secretplay","7":"pwb-brand-secretplaysecretplay-cosmetic","8":"product_cat-aceites-y-lubricantesaceites-y-cremas-de-masaje","9":"product_cat-aceites-y-lubricantes","10":"product_cat-aceites-y-lubricantesaceites-y-cremas-de-masajeclima-erotico","11":"product_cat-aceites-y-lubricantesaceites-y-cremas-de-masajeefecto-afrodisiaco","12":"post_count_is_0","13":"boutique_post_style_4","15":"first","16":"instock","17":"taxable","18":"shipping-taxable","19":"purchasable","20":"product-type-simple","21":"boutique_image_style_2"},"brands":[{"id":498,"name":"SECRETPLAY","slug":"secretplay"},{"id":682,"name":"SECRETPLAY COSMETIC","slug":"secretplaysecretplay-cosmetic"}],"_links":{"self":[{"href":"https:\/\/www.pussycatmerida.com\/eshop\/wp-json\/wp\/v2\/product\/27083","targetHints":{"allow":["GET"]}}],"collection":[{"href":"https:\/\/www.pussycatmerida.com\/eshop\/wp-json\/wp\/v2\/product"}],"about":[{"href":"https:\/\/www.pussycatmerida.com\/eshop\/wp-json\/wp\/v2\/types\/product"}],"wp:featuredmedia":[{"embeddable":true,"href":"https:\/\/www.pussycatmerida.com\/eshop\/wp-json\/wp\/v2\/media\/46475"}],"wp:attachment":[{"href":"https:\/\/www.pussycatmerida.com\/eshop\/wp-json\/wp\/v2\/media?parent=27083"}],"wp:term":[{"taxonomy":"pwb-brand","embeddable":true,"href":"https:\/\/www.pussycatmerida.com\/eshop\/wp-json\/wp\/v2\/pwb-brand?post=27083"},{"taxonomy":"product_brand","embeddable":true,"href":"https:\/\/www.pussycatmerida.com\/eshop\/wp-json\/wp\/v2\/product_brand?post=27083"},{"taxonomy":"product_cat","embeddable":true,"href":"https:\/\/www.pussycatmerida.com\/eshop\/wp-json\/wp\/v2\/product_cat?post=27083"},{"taxonomy":"product_tag","embeddable":true,"href":"https:\/\/www.pussycatmerida.com\/eshop\/wp-json\/wp\/v2\/product_tag?post=27083"}],"curies":[{"name":"wp","href":"https:\/\/api.w.org\/{rel}","templated":true}]}}