{"id":27106,"date":"2021-02-26T11:18:56","date_gmt":"2021-02-26T09:18:56","guid":{"rendered":"https:\/\/www.pussycatmerida.com\/eshop\/product\/subblime-vestido-largo-manga-larga-s-m\/"},"modified":"2026-03-11T12:41:05","modified_gmt":"2026-03-11T11:41:05","slug":"subblime-vestido-largo-manga-larga-s-m","status":"publish","type":"product","link":"https:\/\/www.pussycatmerida.com\/eshop\/producto\/subblime-vestido-largo-manga-larga-s-m\/","title":{"rendered":"SUBBLIME VESTIDO LARGO MANGA LARGA S\/M"},"content":{"rendered":"<p>El t\u00e9rmino Sublime lo usamos para referirnos a una belleza extrema, a algo que vas m\u00e1s all\u00e1 de la racionalidad del espectador. Es por esta raz\u00f3n, que se use en un sentido figurado en personas y obras que destacan del conjunto en t\u00e9rminos de excelencia, superioridad, belleza y perfecci\u00f3n.<\/p>\n<p>Subblime es una marca de lencer\u00eda dise\u00f1ada en EEUU creada para mujeres que quieren sentirse extremadamente sexys e irresistibles con materiales de alta calidad y m\u00e1ximo confort.<\/p>\n<ul>\n<li>Vestido largo<\/li>\n<li>Mangas largas\u00a0<\/li>\n<li>Color: Negro<\/li>\n<li>Bordados florales\u00a0<\/li>\n<li>Sexy combinaci\u00f3n de transparencias con bordados<\/li>\n<li>Dise\u00f1o exclusivo<\/li>\n<li>Presentaci\u00f3n en caja\u00a0<\/li>\n<li>Talla: S\/M<\/li>\n<\/ul>\n<p>Elegancia y seducci\u00f3n elevados a su m\u00e1ximo exponente, simplemente&#8230; \u00a1Sublime!\u00a0<\/p>\n<p style=\"text-align: center;\"><img decoding=\"async\" alt=\"\" src=\"https:\/\/dreamlove.gesio.be\/UserFiles\/images\/TALLA%281%29.jpg\" style=\"width: 613px; height: 131px;\" \/><\/p>\n","protected":false},"excerpt":{"rendered":"<p>SUBBLIME LONG SLEEVE LONG DRESS S\/M<\/p>\n","protected":false},"featured_media":43867,"template":"","meta":[],"pwb-brand":[610,670],"product_brand":[],"product_cat":[309,310],"product_tag":[],"class_list":{"0":"post-27106","1":"product","2":"type-product","3":"status-publish","4":"has-post-thumbnail","6":"pwb-brand-subblime","7":"pwb-brand-subblime-subblime-vestidos-dresses","8":"product_cat-lenceria","9":"product_cat-lenceriavestidos","10":"post_count_is_0","11":"boutique_post_style_4","13":"first","14":"instock","15":"taxable","16":"shipping-taxable","17":"purchasable","18":"product-type-variable","19":"boutique_image_style_2"},"brands":[{"id":610,"name":"SUBBLIME","slug":"subblime"},{"id":670,"name":"SUBBLIME VESTIDOS \/DRESSES","slug":"subblime-subblime-vestidos-dresses"}],"_links":{"self":[{"href":"https:\/\/www.pussycatmerida.com\/eshop\/wp-json\/wp\/v2\/product\/27106","targetHints":{"allow":["GET"]}}],"collection":[{"href":"https:\/\/www.pussycatmerida.com\/eshop\/wp-json\/wp\/v2\/product"}],"about":[{"href":"https:\/\/www.pussycatmerida.com\/eshop\/wp-json\/wp\/v2\/types\/product"}],"wp:featuredmedia":[{"embeddable":true,"href":"https:\/\/www.pussycatmerida.com\/eshop\/wp-json\/wp\/v2\/media\/43867"}],"wp:attachment":[{"href":"https:\/\/www.pussycatmerida.com\/eshop\/wp-json\/wp\/v2\/media?parent=27106"}],"wp:term":[{"taxonomy":"pwb-brand","embeddable":true,"href":"https:\/\/www.pussycatmerida.com\/eshop\/wp-json\/wp\/v2\/pwb-brand?post=27106"},{"taxonomy":"product_brand","embeddable":true,"href":"https:\/\/www.pussycatmerida.com\/eshop\/wp-json\/wp\/v2\/product_brand?post=27106"},{"taxonomy":"product_cat","embeddable":true,"href":"https:\/\/www.pussycatmerida.com\/eshop\/wp-json\/wp\/v2\/product_cat?post=27106"},{"taxonomy":"product_tag","embeddable":true,"href":"https:\/\/www.pussycatmerida.com\/eshop\/wp-json\/wp\/v2\/product_tag?post=27106"}],"curies":[{"name":"wp","href":"https:\/\/api.w.org\/{rel}","templated":true}]}}