{"id":27234,"date":"2021-02-26T13:53:07","date_gmt":"2021-02-26T11:53:07","guid":{"rendered":"https:\/\/www.pussycatmerida.com\/eshop\/product\/subblime-queen-plus-teddy-con-transparencias-y-flecos\/"},"modified":"2026-03-11T12:39:44","modified_gmt":"2026-03-11T11:39:44","slug":"subblime-queen-plus-teddy-con-transparencias-y-flecos","status":"publish","type":"product","link":"https:\/\/www.pussycatmerida.com\/eshop\/producto\/subblime-queen-plus-teddy-con-transparencias-y-flecos\/","title":{"rendered":"SUBBLIME QUEEN PLUS TEDDY CON TRANSPARENCIAS Y FLECOS"},"content":{"rendered":"<p>El t\u00e9rmino Sublime lo usamos para referirnos a una belleza extrema, a algo que vas m\u00e1s all\u00e1 de la racionalidad del espectador. Es por esta raz\u00f3n, que se use en un sentido figurado en personas y obras que destacan del conjunto en t\u00e9rminos de excelencia, superioridad, belleza y perfecci\u00f3n.<\/p>\n<p>Subblime es una marca de lencer\u00eda dise\u00f1ada en EEUU creada para mujeres que quieren sentirse extremadamente sexys e irresistibles con materiales de alta calidad y m\u00e1ximo confort.<\/p>\n<ul>\n<li>Sensual teddy\u00a0<\/li>\n<li>Genial combinaci\u00f3n de transparencias y bordados\u00a0<\/li>\n<li>Bordados florales\u00a0\u00a0<\/li>\n<li>Transparencias y bordados en el pecho<\/li>\n<li>Maximo confort\u00a0<\/li>\n<li>Color: Negro\u00a0<\/li>\n<li>Presentaci\u00f3n en caja\u00a0<\/li>\n<li>Talla: Queen plus\u00a0<\/li>\n<\/ul>\n<p>Elegancia y seducci\u00f3n elevados a su m\u00e1ximo exponente, simplemente&#8230; \u00a1Sublime!\u00a0<\/p>\n<p style=\"text-align: center;\"><img decoding=\"async\" alt=\"\" src=\"https:\/\/dreamlove.gesio.be\/UserFiles\/images\/SUBBLIME%20PLUS%20con%20logo.jpg\" style=\"text-align: center; width: 585px; height: 175px;\" \/><\/p>\n","protected":false},"excerpt":{"rendered":"<p>SUBBLIME QUEEN PLUS TEDDY WITH CLEARS AND FRINGES BLACK<\/p>\n","protected":false},"featured_media":45188,"template":"","meta":[],"pwb-brand":[610,664],"product_brand":[],"product_cat":[309,327,324],"product_tag":[],"class_list":{"0":"post-27234","1":"product","2":"type-product","3":"status-publish","4":"has-post-thumbnail","6":"pwb-brand-subblime","7":"pwb-brand-subblime-subblime-queen-plus-size","8":"product_cat-lenceria","9":"product_cat-lenceriatallas-grandes","10":"product_cat-lenceriateddy","11":"post_count_is_0","12":"boutique_post_style_4","14":"first","15":"instock","16":"taxable","17":"shipping-taxable","18":"purchasable","19":"product-type-simple","20":"boutique_image_style_2"},"brands":[{"id":610,"name":"SUBBLIME","slug":"subblime"},{"id":664,"name":"SUBBLIME QUEEN PLUS SIZE","slug":"subblime-subblime-queen-plus-size"}],"_links":{"self":[{"href":"https:\/\/www.pussycatmerida.com\/eshop\/wp-json\/wp\/v2\/product\/27234","targetHints":{"allow":["GET"]}}],"collection":[{"href":"https:\/\/www.pussycatmerida.com\/eshop\/wp-json\/wp\/v2\/product"}],"about":[{"href":"https:\/\/www.pussycatmerida.com\/eshop\/wp-json\/wp\/v2\/types\/product"}],"wp:featuredmedia":[{"embeddable":true,"href":"https:\/\/www.pussycatmerida.com\/eshop\/wp-json\/wp\/v2\/media\/45188"}],"wp:attachment":[{"href":"https:\/\/www.pussycatmerida.com\/eshop\/wp-json\/wp\/v2\/media?parent=27234"}],"wp:term":[{"taxonomy":"pwb-brand","embeddable":true,"href":"https:\/\/www.pussycatmerida.com\/eshop\/wp-json\/wp\/v2\/pwb-brand?post=27234"},{"taxonomy":"product_brand","embeddable":true,"href":"https:\/\/www.pussycatmerida.com\/eshop\/wp-json\/wp\/v2\/product_brand?post=27234"},{"taxonomy":"product_cat","embeddable":true,"href":"https:\/\/www.pussycatmerida.com\/eshop\/wp-json\/wp\/v2\/product_cat?post=27234"},{"taxonomy":"product_tag","embeddable":true,"href":"https:\/\/www.pussycatmerida.com\/eshop\/wp-json\/wp\/v2\/product_tag?post=27234"}],"curies":[{"name":"wp","href":"https:\/\/api.w.org\/{rel}","templated":true}]}}