{"id":27446,"date":"2021-03-01T11:27:44","date_gmt":"2021-03-01T09:27:44","guid":{"rendered":"https:\/\/www.pussycatmerida.com\/eshop\/product\/happy-loki-kegel-beads-entrenamiento-suelo-pelvico\/"},"modified":"2026-03-11T12:38:06","modified_gmt":"2026-03-11T11:38:06","slug":"happy-loki-kegel-beads-entrenamiento-suelo-pelvico","status":"publish","type":"product","link":"https:\/\/www.pussycatmerida.com\/eshop\/producto\/happy-loki-kegel-beads-entrenamiento-suelo-pelvico\/","title":{"rendered":"HAPPY LOKI KEGEL BEADS ENTRENAMIENTO SUELO PELVICO"},"content":{"rendered":"<p>Hacer deporte y comer sano es vital para vivir con calidad \u00a1Y lo mismo sucede con la vida sexual! Con Happy Loky Kegelbeads, podr\u00e1s entrenarte y mantenerte en forma para tu propio marat\u00f3n de placer. Solo con llevar las bolas de placer durante unos 15 minutos al d\u00eda entrenar\u00e1s la musculatura del suelo p\u00e9lvico: los m\u00fasculos que te permitir\u00e1n disfrutar de unos orgasmos impresionantes. Adem\u00e1s, este entrenamiento no solo te beneficia a ti, sino tambi\u00e9n a tu pareja: una musculatura p\u00e9lvica desarrollada le proporciona a tu pareja una incre\u00edble sensaci\u00f3n de estrechez.\u00a0<\/p>\n<p>El entrenamiento siempre resulta m\u00e1s divertido cuando se pueden medir los progresos, por ello este lujurioso set incluye directamente 4 bolas de placer: las cuatro tienen el mismo tama\u00f1o, con un di\u00e1metro de 3 cm, pero var\u00edan en el peso. Empieza con la m\u00e1s ligera y ve aumentando gradualmente. En este set, la bola m\u00e1s ligera tiene un peso 15 gramos (normal), la siguiente tiene un peso de 25 gramos , continuamos por otra bola de 35 gramos y la m\u00e1s pesada tiene un peso de 55 gramos.<\/p>\n<p>\u00a0Comb\u00ednalo comenzando con la de menor peso 15 + 25 y finaliza entrenando con 55 x 35.\u00a0 \u00a1Entrenando tan solo unos minutos al d\u00eda, podr\u00e1s encargarte personalmente de tu vida sexual! Fortalece tus m\u00fasculos y reg\u00e1late orgasmos intensos. Tus m\u00fasculos fortalecidos rodear\u00e1n su pene con m\u00e1s fuerza, una sensaci\u00f3n que notar\u00e1 claramente y le har\u00e1 intensificar el placer en la relaci\u00f3n sexual. Fabricadas con silicona m\u00e9dica hipoalerg\u00e9nica, las bolas de placer se introducen f\u00e1cilmente y proporcionan una agradable sensaci\u00f3n. La anilla de recuperaci\u00f3n, tambi\u00e9n completamente de silicona, permite extraer las bolas con facilidad.<\/p>\n<p>El suelo p\u00e9lvico es una red de m\u00fasculos y ligamentos, que mantienen en posici\u00f3n correcta, la vejiga, el \u00fatero y el recto. Esta musculatura es tambi\u00e9n la encargada\u00a0 \u00a0de mantener abiertos o cerrados los esf\u00ednteres y su debilidad o flacidez, dan origen a escapes involuntarios de orina, los cuales, pueden llegar a evolucionar hasta convertirse en la temida incontinencia urinaria y prolapsos (desprendimiento) en la vejiga, vagina, \u00fatero y recto.<br \/>El suelo p\u00e9lvico se debilita por diferentes causas, aunque las m\u00e1s frecuentes son: la edad, partos m\u00faltiples, la obesidad, el estre\u00f1imiento, algunos deportes, enfermedades respiratorias cr\u00f3nicas, una mala nutrici\u00f3n, el sedentarismo y la falta de relaciones sexuales.<\/p>\n<p>El suelo p\u00e9lvico, tambi\u00e9n se relaciona con la sexualidad, pues un tono muscular, en el suelo p\u00e9lvico, va a producir mayor sensibilidad en la vagina y por tanto un mayor placer en las relaciones sexuales.<br \/>Al margen de sus efectos f\u00edsicos, este kit de entrenamiento tambi\u00e9n tiene un importante poder psicol\u00f3gico, incrementando el deseo sexual, animando a la autoexploraci\u00f3n y a descubrir nuevas sensaciones para disfrutar plenamente de tu cuerpo.<\/p>\n<p style=\"text-align: center;\"><iframe loading=\"lazy\" allow=\"accelerometer; autoplay; encrypted-media; gyroscope; picture-in-picture\" allowfullscreen=\"\" frameborder=\"0\" height=\"300\" scrolling=\"no\" src=\"https:\/\/www.youtube.com\/embed\/NbTXDFlGhO4?controls=0\" width=\"800\"><\/iframe><\/p>\n","protected":false},"excerpt":{"rendered":"<p>HAPPY LOKI KEGEL BEADS<\/p>\n","protected":false},"featured_media":59143,"template":"","meta":[],"pwb-brand":[514],"product_brand":[],"product_cat":[430,274],"product_tag":[],"class_list":{"0":"post-27446","1":"product","2":"type-product","3":"status-publish","4":"has-post-thumbnail","6":"pwb-brand-happy-loky","7":"product_cat-juguetes-sexuales-xxxbolas","8":"product_cat-juguetes-sexuales-xxx","9":"post_count_is_0","10":"boutique_post_style_4","12":"first","13":"instock","14":"taxable","15":"shipping-taxable","16":"purchasable","17":"product-type-simple","18":"boutique_image_style_2"},"brands":[{"id":514,"name":"HAPPY LOKY","slug":"happy-loky"}],"_links":{"self":[{"href":"https:\/\/www.pussycatmerida.com\/eshop\/wp-json\/wp\/v2\/product\/27446","targetHints":{"allow":["GET"]}}],"collection":[{"href":"https:\/\/www.pussycatmerida.com\/eshop\/wp-json\/wp\/v2\/product"}],"about":[{"href":"https:\/\/www.pussycatmerida.com\/eshop\/wp-json\/wp\/v2\/types\/product"}],"wp:featuredmedia":[{"embeddable":true,"href":"https:\/\/www.pussycatmerida.com\/eshop\/wp-json\/wp\/v2\/media\/59143"}],"wp:attachment":[{"href":"https:\/\/www.pussycatmerida.com\/eshop\/wp-json\/wp\/v2\/media?parent=27446"}],"wp:term":[{"taxonomy":"pwb-brand","embeddable":true,"href":"https:\/\/www.pussycatmerida.com\/eshop\/wp-json\/wp\/v2\/pwb-brand?post=27446"},{"taxonomy":"product_brand","embeddable":true,"href":"https:\/\/www.pussycatmerida.com\/eshop\/wp-json\/wp\/v2\/product_brand?post=27446"},{"taxonomy":"product_cat","embeddable":true,"href":"https:\/\/www.pussycatmerida.com\/eshop\/wp-json\/wp\/v2\/product_cat?post=27446"},{"taxonomy":"product_tag","embeddable":true,"href":"https:\/\/www.pussycatmerida.com\/eshop\/wp-json\/wp\/v2\/product_tag?post=27446"}],"curies":[{"name":"wp","href":"https:\/\/api.w.org\/{rel}","templated":true}]}}