{"id":27512,"date":"2021-02-26T14:08:10","date_gmt":"2021-02-26T12:08:10","guid":{"rendered":"https:\/\/www.pussycatmerida.com\/eshop\/product\/clitherapy-balsamo-clitoris-ghosting-remedy\/"},"modified":"2026-03-11T12:26:34","modified_gmt":"2026-03-11T11:26:34","slug":"clitherapy-balsamo-clitoris-ghosting-remedy","status":"publish","type":"product","link":"https:\/\/www.pussycatmerida.com\/eshop\/producto\/clitherapy-balsamo-clitoris-ghosting-remedy\/","title":{"rendered":"CLITHERAPY BALSAMO CLITORIS GHOSTING REMEDY"},"content":{"rendered":"<p>En la era digital, los dedos bien entrenados sirven para algo m\u00e1s que para deslizarlos en las apps de citas.<\/p>\n<p>Aplica una peque\u00f1a cantidad de este b\u00e1lsamo directamente en el cl\u00edtoris y masajea suavemente. Empezar\u00e1s a notar su efecto calor a los pocos segundos. \u00a1Disfruta!<\/p>\n<p>GHOSTING REMEDY \u00a1Un orgasmo y a otra cosa! Olvidar\u00e1s su nombre m\u00e1s r\u00e1pido de lo que tardas en borrar su n\u00famero.<\/p>\n<ul>\n<li>Contenido: b\u00e1lsamo perfumado para el cl\u00edtoris.<\/li>\n<li>Efecto calor. (8gr)<\/li>\n<\/ul>\n","protected":false},"excerpt":{"rendered":"<p>CLITHERAPY CLIT BALSAM GHOSTING REMEDY<\/p>\n","protected":false},"featured_media":46124,"template":"","meta":[],"pwb-brand":[51,760],"product_brand":[],"product_cat":[337,359,361],"product_tag":[],"class_list":{"0":"post-27512","1":"product","2":"type-product","3":"status-publish","4":"has-post-thumbnail","6":"pwb-brand-bijoux-indiscrets","7":"pwb-brand-bijoux-indiscretsclitherapy","8":"product_cat-aceites-y-lubricantes","9":"product_cat-aceites-y-lubricantesorgasmo-femenino","10":"product_cat-aceites-y-lubricantesorgasmo-femeninopotenciador-orgasmo-femenino","11":"post_count_is_0","12":"boutique_post_style_4","14":"first","15":"instock","16":"taxable","17":"shipping-taxable","18":"purchasable","19":"product-type-simple","20":"boutique_image_style_2"},"brands":[{"id":51,"name":"BIJOUX INDISCRETS","slug":"bijoux-indiscrets"},{"id":760,"name":"CLITHERAPY","slug":"bijoux-indiscretsclitherapy"}],"_links":{"self":[{"href":"https:\/\/www.pussycatmerida.com\/eshop\/wp-json\/wp\/v2\/product\/27512","targetHints":{"allow":["GET"]}}],"collection":[{"href":"https:\/\/www.pussycatmerida.com\/eshop\/wp-json\/wp\/v2\/product"}],"about":[{"href":"https:\/\/www.pussycatmerida.com\/eshop\/wp-json\/wp\/v2\/types\/product"}],"wp:featuredmedia":[{"embeddable":true,"href":"https:\/\/www.pussycatmerida.com\/eshop\/wp-json\/wp\/v2\/media\/46124"}],"wp:attachment":[{"href":"https:\/\/www.pussycatmerida.com\/eshop\/wp-json\/wp\/v2\/media?parent=27512"}],"wp:term":[{"taxonomy":"pwb-brand","embeddable":true,"href":"https:\/\/www.pussycatmerida.com\/eshop\/wp-json\/wp\/v2\/pwb-brand?post=27512"},{"taxonomy":"product_brand","embeddable":true,"href":"https:\/\/www.pussycatmerida.com\/eshop\/wp-json\/wp\/v2\/product_brand?post=27512"},{"taxonomy":"product_cat","embeddable":true,"href":"https:\/\/www.pussycatmerida.com\/eshop\/wp-json\/wp\/v2\/product_cat?post=27512"},{"taxonomy":"product_tag","embeddable":true,"href":"https:\/\/www.pussycatmerida.com\/eshop\/wp-json\/wp\/v2\/product_tag?post=27512"}],"curies":[{"name":"wp","href":"https:\/\/api.w.org\/{rel}","templated":true}]}}