{"id":27564,"date":"2021-02-26T10:45:35","date_gmt":"2021-02-26T08:45:35","guid":{"rendered":"https:\/\/www.pussycatmerida.com\/eshop\/product\/intense-keanu-masajeador-rosa\/"},"modified":"2026-03-11T12:40:50","modified_gmt":"2026-03-11T11:40:50","slug":"intense-keanu-masajeador-rosa","status":"publish","type":"product","link":"https:\/\/www.pussycatmerida.com\/eshop\/producto\/intense-keanu-masajeador-rosa\/","title":{"rendered":"INTENSE KEANU MASAJEADOR ROSA"},"content":{"rendered":"<p>Potencia extrema definen a Keanu!<\/p>\n<p>Explore sus curvas femeninas con el WAND curvil\u00ednea Keanu Vibrating Ultimate. El potente estimulador suave y aterciopelado est\u00e1 dise\u00f1ado para aumentar la circulaci\u00f3n sangu\u00ednea para una excitaci\u00f3n elevada y sensaciones intensificadas.<\/p>\n<p>Esta varita de velocidad m\u00faltiple est\u00e1 hecha de silicona premium en su cabezal y tiene una forma elegante y contorneada que se desemboca en una cabeza bulbosa ancha y flexible. El ambiente de masaje mide unos generosos 33 cm y es ideal para estimular los puntos de placer en todo el cuerpo. \u00dasalo para eliminar las tensiones del d\u00eda y relajarte hasta alcanzar el \u00e9xtasis m\u00e1ximo. Disfrute de ocho opciones de vibraci\u00f3n, pulsaci\u00f3n y escalada, para la m\u00e1xima satisfacci\u00f3n.<\/p>\n<ul>\n<li>Cabezal de silicona suave y sedosa<\/li>\n<li>Silencioso motor solo 55db<\/li>\n<li>\u00a1\u00a1\u00a1Se conecta directamente a la corriente 110-230v la potencia es extrema!!!<\/li>\n<li>Seguro para el cuerpo<\/li>\n<li>8 modos de vibraci\u00f3n<\/li>\n<\/ul>\n","protected":false},"excerpt":{"rendered":"<p>INTENSE KEANU VIBRATING POWER WAND PINK<\/p>\n","protected":false},"featured_media":39651,"template":"","meta":[],"pwb-brand":[146,518,465],"product_brand":[],"product_cat":[288,274,294,299,298],"product_tag":[],"class_list":{"0":"post-27564","1":"product","2":"type-product","3":"status-publish","4":"has-post-thumbnail","6":"pwb-brand-intense","7":"pwb-brand-intenseintense-toysintense-fun","8":"pwb-brand-intenseintense-toys","9":"product_cat-juguetes-sexuales-xxxestimuladores","10":"product_cat-juguetes-sexuales-xxx","11":"product_cat-juguetes-sexuales-xxxmasturbadores-para-ellas","12":"product_cat-juguetes-sexuales-xxxvibradores","13":"product_cat-juguetes-sexuales-xxxvibradores-hi-tech","14":"post_count_is_0","15":"boutique_post_style_4","17":"first","18":"instock","19":"taxable","20":"shipping-taxable","21":"purchasable","22":"product-type-simple","23":"boutique_image_style_2"},"brands":[{"id":146,"name":"INTENSE","slug":"intense"},{"id":518,"name":"INTENSE FUN","slug":"intenseintense-toysintense-fun"},{"id":465,"name":"INTENSE TOYS","slug":"intenseintense-toys"}],"_links":{"self":[{"href":"https:\/\/www.pussycatmerida.com\/eshop\/wp-json\/wp\/v2\/product\/27564","targetHints":{"allow":["GET"]}}],"collection":[{"href":"https:\/\/www.pussycatmerida.com\/eshop\/wp-json\/wp\/v2\/product"}],"about":[{"href":"https:\/\/www.pussycatmerida.com\/eshop\/wp-json\/wp\/v2\/types\/product"}],"wp:featuredmedia":[{"embeddable":true,"href":"https:\/\/www.pussycatmerida.com\/eshop\/wp-json\/wp\/v2\/media\/39651"}],"wp:attachment":[{"href":"https:\/\/www.pussycatmerida.com\/eshop\/wp-json\/wp\/v2\/media?parent=27564"}],"wp:term":[{"taxonomy":"pwb-brand","embeddable":true,"href":"https:\/\/www.pussycatmerida.com\/eshop\/wp-json\/wp\/v2\/pwb-brand?post=27564"},{"taxonomy":"product_brand","embeddable":true,"href":"https:\/\/www.pussycatmerida.com\/eshop\/wp-json\/wp\/v2\/product_brand?post=27564"},{"taxonomy":"product_cat","embeddable":true,"href":"https:\/\/www.pussycatmerida.com\/eshop\/wp-json\/wp\/v2\/product_cat?post=27564"},{"taxonomy":"product_tag","embeddable":true,"href":"https:\/\/www.pussycatmerida.com\/eshop\/wp-json\/wp\/v2\/product_tag?post=27564"}],"curies":[{"name":"wp","href":"https:\/\/api.w.org\/{rel}","templated":true}]}}