{"id":27672,"date":"2021-02-24T15:17:56","date_gmt":"2021-02-24T13:17:56","guid":{"rendered":"https:\/\/www.pussycatmerida.com\/eshop\/product\/darkness-cola-natural-con-plug-anal-silicona-10cm\/"},"modified":"2026-03-11T12:39:33","modified_gmt":"2026-03-11T11:39:33","slug":"darkness-cola-natural-con-plug-anal-silicona-10cm","status":"publish","type":"product","link":"https:\/\/www.pussycatmerida.com\/eshop\/producto\/darkness-cola-natural-con-plug-anal-silicona-10cm\/","title":{"rendered":"DARKNESS COLA NATURAL CON PLUG ANAL SILICONA 10CM"},"content":{"rendered":"<p>Esta cola est\u00e1 lista para dar rienda suelta a animal interior de su pareja.<\/p>\n<p>El plug es estimulante para todos, desde el principiante hasta el jugador m\u00e1s avanzado. Est\u00e1 dise\u00f1ado para ser a la vez visual y sexual, que se sienta muy c\u00f3modo e incluso se puede calentar o enfriar para el juego.<\/p>\n<p>Los usuarios pueden disfrutar de la sensaci\u00f3n de saciedad, proporcionado por el plug, al tiempo que proporcionan a su pareja alg\u00fan atractivo visual con la cola peluda que sobresale al final.<\/p>\n<p>\u00a1Deja que estos seductores dilatadores anales te proporcionen una satisfacci\u00f3n m\u00e1xima y realcen tu vida sexual!<\/p>\n<ul>\n<li>Longitud total del Plug: 10cm<\/li>\n<li>Diametro; 4cm<\/li>\n<li>Plug Anal de Sillicona medica.\u00a0<\/li>\n<\/ul>\n<p>Darkness es una marca de nueva generaci\u00f3n 2020, todos nuestros materiales son de excelente calidad asegurando que la fabricaci\u00f3n compromete un resultado perfecto para principiantes o avanzados que le gusta el mundo Fetish o bdsm.<\/p>\n<p style=\"text-align: center;\"><iframe loading=\"lazy\" allow=\"accelerometer; autoplay; encrypted-media; gyroscope; picture-in-picture\" allowfullscreen=\"\" frameborder=\"0\" height=\"350\" scrolling=\"no\" src=\"https:\/\/www.youtube-nocookie.com\/embed\/zyzIGE1qUy0\" width=\"800\"><\/iframe><\/p>\n","protected":false},"excerpt":{"rendered":"<p>DARKNESS NATURAL TAIL BUTT PLUG SILICONE BLACK 10CM<\/p>\n","protected":false},"featured_media":35951,"template":"","meta":[],"pwb-brand":[467,562],"product_brand":[],"product_cat":[280,274,300,948],"product_tag":[],"class_list":{"0":"post-27672","1":"product","2":"type-product","3":"status-publish","4":"has-post-thumbnail","6":"pwb-brand-darkness","7":"pwb-brand-darknessdarkness-anal","8":"product_cat-juguetes-sexuales-xxxanal","9":"product_cat-juguetes-sexuales-xxx","10":"product_cat-juguetes-sexuales-xxxplugs-anales","11":"product_cat-plugs-con-cola","12":"post_count_is_0","13":"boutique_post_style_4","15":"first","16":"instock","17":"taxable","18":"shipping-taxable","19":"purchasable","20":"product-type-simple","21":"boutique_image_style_2"},"brands":[{"id":467,"name":"DARKNESS","slug":"darkness"},{"id":562,"name":"DARKNESS ANAL","slug":"darknessdarkness-anal"}],"_links":{"self":[{"href":"https:\/\/www.pussycatmerida.com\/eshop\/wp-json\/wp\/v2\/product\/27672","targetHints":{"allow":["GET"]}}],"collection":[{"href":"https:\/\/www.pussycatmerida.com\/eshop\/wp-json\/wp\/v2\/product"}],"about":[{"href":"https:\/\/www.pussycatmerida.com\/eshop\/wp-json\/wp\/v2\/types\/product"}],"wp:featuredmedia":[{"embeddable":true,"href":"https:\/\/www.pussycatmerida.com\/eshop\/wp-json\/wp\/v2\/media\/35951"}],"wp:attachment":[{"href":"https:\/\/www.pussycatmerida.com\/eshop\/wp-json\/wp\/v2\/media?parent=27672"}],"wp:term":[{"taxonomy":"pwb-brand","embeddable":true,"href":"https:\/\/www.pussycatmerida.com\/eshop\/wp-json\/wp\/v2\/pwb-brand?post=27672"},{"taxonomy":"product_brand","embeddable":true,"href":"https:\/\/www.pussycatmerida.com\/eshop\/wp-json\/wp\/v2\/product_brand?post=27672"},{"taxonomy":"product_cat","embeddable":true,"href":"https:\/\/www.pussycatmerida.com\/eshop\/wp-json\/wp\/v2\/product_cat?post=27672"},{"taxonomy":"product_tag","embeddable":true,"href":"https:\/\/www.pussycatmerida.com\/eshop\/wp-json\/wp\/v2\/product_tag?post=27672"}],"curies":[{"name":"wp","href":"https:\/\/api.w.org\/{rel}","templated":true}]}}