{"id":27680,"date":"2021-02-26T15:19:42","date_gmt":"2021-02-26T13:19:42","guid":{"rendered":"https:\/\/www.pussycatmerida.com\/eshop\/product\/darkness-bdsm-mascara-sumision-boca-y-ojos-negro\/"},"modified":"2026-03-11T12:39:30","modified_gmt":"2026-03-11T11:39:30","slug":"darkness-bdsm-mascara-sumision-boca-y-ojos-negro","status":"publish","type":"product","link":"https:\/\/www.pussycatmerida.com\/eshop\/producto\/darkness-bdsm-mascara-sumision-boca-y-ojos-negro\/","title":{"rendered":"DARKNESS BDSM M\u00c1SCARA SUMISI\u00d3N BOCA Y OJOS NEGRO"},"content":{"rendered":"<p>Confortable m\u00e1scara \/ capucha con apertura para boca y ojos. Est\u00e1 dise\u00f1ada para ajustarse perfectamente a la cabeza. El tejido solo permite que, entre un hilillo de luz, por lo que impide la visi\u00f3n y despierta otros sentidos. La m\u00e1scara \/ capucha sirve para ambos sexos, y su tejido fino y ligero permite respirar f\u00e1cilmente y o\u00edr cualquier chasquido. Y, lo mejor, \u00a1tendr\u00e1s acceso a su boca!<\/p>\n<ul>\n<li>Fabricado en SPANDEX primera calidad.<\/li>\n<\/ul>\n<p>Darkness es una marca de nueva generaci\u00f3n 2020, todos nuestros materiales son de excelente calidad asegurando que la fabricaci\u00f3n compromete un resultado perfecto para principiantes o avanzados que le gusta el mundo Fetish o bdsm.<\/p>\n<p style=\"text-align: center;\"><iframe loading=\"lazy\" allow=\"accelerometer; autoplay; encrypted-media; gyroscope; picture-in-picture\" allowfullscreen=\"\" frameborder=\"0\" height=\"350\" scrolling=\"no\" src=\"https:\/\/www.youtube-nocookie.com\/embed\/zyzIGE1qUy0\" width=\"800\"><\/iframe><\/p>\n","protected":false},"excerpt":{"rendered":"<p>DARKNESS SUBVERSION MASK BLACK<\/p>\n","protected":false},"featured_media":51486,"template":"","meta":[],"pwb-brand":[467,474],"product_brand":[],"product_cat":[409,282,274,389],"product_tag":[],"class_list":{"0":"post-27680","1":"product","2":"type-product","3":"status-publish","4":"has-post-thumbnail","6":"pwb-brand-darkness","7":"pwb-brand-darknessdarkness-bondage","8":"product_cat-juguetes-sexuales-xxxfetish-bondageantifaces-mascaras","9":"product_cat-juguetes-sexuales-xxxfetish-bondage","10":"product_cat-juguetes-sexuales-xxx","11":"product_cat-juguetes-sexuales-xxxmascaras-y-esposas","12":"post_count_is_0","13":"boutique_post_style_4","15":"first","16":"instock","17":"taxable","18":"shipping-taxable","19":"purchasable","20":"product-type-simple","21":"boutique_image_style_2"},"brands":[{"id":467,"name":"DARKNESS","slug":"darkness"},{"id":474,"name":"DARKNESS BONDAGE","slug":"darknessdarkness-bondage"}],"_links":{"self":[{"href":"https:\/\/www.pussycatmerida.com\/eshop\/wp-json\/wp\/v2\/product\/27680","targetHints":{"allow":["GET"]}}],"collection":[{"href":"https:\/\/www.pussycatmerida.com\/eshop\/wp-json\/wp\/v2\/product"}],"about":[{"href":"https:\/\/www.pussycatmerida.com\/eshop\/wp-json\/wp\/v2\/types\/product"}],"wp:featuredmedia":[{"embeddable":true,"href":"https:\/\/www.pussycatmerida.com\/eshop\/wp-json\/wp\/v2\/media\/51486"}],"wp:attachment":[{"href":"https:\/\/www.pussycatmerida.com\/eshop\/wp-json\/wp\/v2\/media?parent=27680"}],"wp:term":[{"taxonomy":"pwb-brand","embeddable":true,"href":"https:\/\/www.pussycatmerida.com\/eshop\/wp-json\/wp\/v2\/pwb-brand?post=27680"},{"taxonomy":"product_brand","embeddable":true,"href":"https:\/\/www.pussycatmerida.com\/eshop\/wp-json\/wp\/v2\/product_brand?post=27680"},{"taxonomy":"product_cat","embeddable":true,"href":"https:\/\/www.pussycatmerida.com\/eshop\/wp-json\/wp\/v2\/product_cat?post=27680"},{"taxonomy":"product_tag","embeddable":true,"href":"https:\/\/www.pussycatmerida.com\/eshop\/wp-json\/wp\/v2\/product_tag?post=27680"}],"curies":[{"name":"wp","href":"https:\/\/api.w.org\/{rel}","templated":true}]}}