{"id":27698,"date":"2021-03-01T10:34:22","date_gmt":"2021-03-01T08:34:22","guid":{"rendered":"https:\/\/www.pussycatmerida.com\/eshop\/product\/darkness-collar-con-cadena-negro-2\/"},"modified":"2026-03-11T12:39:00","modified_gmt":"2026-03-11T11:39:00","slug":"darkness-collar-con-cadena-negro-2","status":"publish","type":"product","link":"https:\/\/www.pussycatmerida.com\/eshop\/producto\/darkness-collar-con-cadena-negro-2\/","title":{"rendered":"DARKNESS COLLAR CON CADENA  NEGRO"},"content":{"rendered":"<p>Agrega un alto protocolo a tus escenas BDSM con un collar de postura y una correa.<\/p>\n<p>Mant\u00e9n a tu pareja en posici\u00f3n vertical para que todos sus activos est\u00e9n en exhibici\u00f3n. La altura del collar acolchado asegurar\u00e1 que su barbilla est\u00e9 levantada todo el tiempo. Acolchado y ajustable, el collar es c\u00f3modo y se adapta a la mayor\u00eda de los sumisos, esclavos o amantes curiosos. Adem\u00e1s, una hebilla de bloqueo te permite confinar a tu amante dentro del collar de postura durante el tiempo que desees.<\/p>\n<p>La correa con eslab\u00f3n de cadena se adhiere al anillo en D en el collar a trav\u00e9s de un gancho giratorio, que termina con una correa en bucle para sujetar mientras gu\u00edas a tu mascota, admirando su movimiento.<\/p>\n<ul>\n<li>Fabricado en PVC leather\u00a0<\/li>\n<li>Interior del collar acolchado para una mayor comodidad.<\/li>\n<li>Talla \u00fanica, valido para todos.<\/li>\n<\/ul>\n<p>Darkness es una marca de nueva generaci\u00f3n 2020, todos nuestros materiales son de excelente calidad asegurando que la fabricaci\u00f3n compromete un resultado perfecto para principiantes o avanzados que le gusta el mundo Fetish o bdsm.<\/p>\n<p style=\"text-align: center;\"><iframe loading=\"lazy\" allow=\"accelerometer; autoplay; encrypted-media; gyroscope; picture-in-picture\" allowfullscreen=\"\" frameborder=\"0\" height=\"350\" scrolling=\"no\" src=\"https:\/\/www.youtube-nocookie.com\/embed\/zyzIGE1qUy0\" width=\"800\"><\/iframe><\/p>\n","protected":false},"excerpt":{"rendered":"<p>DARKNESS FULL BLACK COLLAR WITH LEASH<\/p>\n","protected":false},"featured_media":57176,"template":"","meta":[],"pwb-brand":[467,474],"product_brand":[],"product_cat":[423,422,282,274],"product_tag":[],"class_list":{"0":"post-27698","1":"product","2":"type-product","3":"status-publish","4":"has-post-thumbnail","6":"pwb-brand-darkness","7":"pwb-brand-darknessdarkness-bondage","8":"product_cat-juguetes-sexuales-xxxfetish-bondagebdsm-accesorios","9":"product_cat-juguetes-sexuales-xxxfetish-bondagebdsm-collares","10":"product_cat-juguetes-sexuales-xxxfetish-bondage","11":"product_cat-juguetes-sexuales-xxx","12":"post_count_is_0","13":"boutique_post_style_4","15":"first","16":"instock","17":"taxable","18":"shipping-taxable","19":"purchasable","20":"product-type-simple","21":"boutique_image_style_2"},"brands":[{"id":467,"name":"DARKNESS","slug":"darkness"},{"id":474,"name":"DARKNESS BONDAGE","slug":"darknessdarkness-bondage"}],"_links":{"self":[{"href":"https:\/\/www.pussycatmerida.com\/eshop\/wp-json\/wp\/v2\/product\/27698","targetHints":{"allow":["GET"]}}],"collection":[{"href":"https:\/\/www.pussycatmerida.com\/eshop\/wp-json\/wp\/v2\/product"}],"about":[{"href":"https:\/\/www.pussycatmerida.com\/eshop\/wp-json\/wp\/v2\/types\/product"}],"wp:featuredmedia":[{"embeddable":true,"href":"https:\/\/www.pussycatmerida.com\/eshop\/wp-json\/wp\/v2\/media\/57176"}],"wp:attachment":[{"href":"https:\/\/www.pussycatmerida.com\/eshop\/wp-json\/wp\/v2\/media?parent=27698"}],"wp:term":[{"taxonomy":"pwb-brand","embeddable":true,"href":"https:\/\/www.pussycatmerida.com\/eshop\/wp-json\/wp\/v2\/pwb-brand?post=27698"},{"taxonomy":"product_brand","embeddable":true,"href":"https:\/\/www.pussycatmerida.com\/eshop\/wp-json\/wp\/v2\/product_brand?post=27698"},{"taxonomy":"product_cat","embeddable":true,"href":"https:\/\/www.pussycatmerida.com\/eshop\/wp-json\/wp\/v2\/product_cat?post=27698"},{"taxonomy":"product_tag","embeddable":true,"href":"https:\/\/www.pussycatmerida.com\/eshop\/wp-json\/wp\/v2\/product_tag?post=27698"}],"curies":[{"name":"wp","href":"https:\/\/api.w.org\/{rel}","templated":true}]}}