{"id":27713,"date":"2021-02-26T15:25:01","date_gmt":"2021-02-26T13:25:01","guid":{"rendered":"https:\/\/www.pussycatmerida.com\/eshop\/product\/darkness-fusta-con-pluma-negro\/"},"modified":"2026-03-11T12:39:45","modified_gmt":"2026-03-11T11:39:45","slug":"darkness-fusta-con-pluma-negro","status":"publish","type":"product","link":"https:\/\/www.pussycatmerida.com\/eshop\/producto\/darkness-fusta-con-pluma-negro\/","title":{"rendered":"DARKNESS FUSTA CON PLUMA NEGRO"},"content":{"rendered":"<p>Fusta de doble cara con pluma estimuladora.<\/p>\n<p>Con ella podr\u00e1s practicar la parte m\u00e1s secreta, escondida y desconocida del sexo, primero estimulando a tu pareja con las suaves plumas para luego azotarle con la fusta que lleva en el lado opuesto. Descubre nuevas posibilidades en vuestras relaciones.<\/p>\n<p>El juego de sensaciones er\u00f3ticas es una clase de actividades que est\u00e1n hechas para impartir sensaciones f\u00edsicas en la pareja.<\/p>\n<p>Muchas personas consiguen que las cosquillas hechas con plumas sean una experiencia placentera y puede formar parte de un juego previo muy er\u00f3tico.<\/p>\n<p>Las plumas son \u00fanicas y har\u00e1n cosquillas a todos tus sentidos para obtener una experiencia inolvidable.<\/p>\n<ul>\n<li>Color Negro<\/li>\n<\/ul>\n<p>Darkness es una marca de nueva generaci\u00f3n 2020, todos nuestros materiales son de excelente calidad asegurando que la fabricaci\u00f3n compromete un resultado perfecto para principiantes o avanzados que le gusta el mundo Fetish o bdsm.<\/p>\n","protected":false},"excerpt":{"rendered":"<p>DARKNESS FEATHER CROP. BLACK<\/p>\n","protected":false},"featured_media":52013,"template":"","meta":[],"pwb-brand":[467,468],"product_brand":[],"product_cat":[282,412,274,414],"product_tag":[],"class_list":{"0":"post-27713","1":"product","2":"type-product","3":"status-publish","4":"has-post-thumbnail","6":"pwb-brand-darkness","7":"pwb-brand-darknessdarkness-sensations","8":"product_cat-juguetes-sexuales-xxxfetish-bondage","9":"product_cat-juguetes-sexuales-xxxfetish-bondagefustas-palas","10":"product_cat-juguetes-sexuales-xxx","11":"product_cat-juguetes-sexuales-xxxfetish-bondageplumas","12":"post_count_is_0","13":"boutique_post_style_4","15":"first","16":"instock","17":"taxable","18":"shipping-taxable","19":"purchasable","20":"product-type-simple","21":"boutique_image_style_2"},"brands":[{"id":467,"name":"DARKNESS","slug":"darkness"},{"id":468,"name":"DARKNESS SENSATIONS","slug":"darknessdarkness-sensations"}],"_links":{"self":[{"href":"https:\/\/www.pussycatmerida.com\/eshop\/wp-json\/wp\/v2\/product\/27713","targetHints":{"allow":["GET"]}}],"collection":[{"href":"https:\/\/www.pussycatmerida.com\/eshop\/wp-json\/wp\/v2\/product"}],"about":[{"href":"https:\/\/www.pussycatmerida.com\/eshop\/wp-json\/wp\/v2\/types\/product"}],"wp:featuredmedia":[{"embeddable":true,"href":"https:\/\/www.pussycatmerida.com\/eshop\/wp-json\/wp\/v2\/media\/52013"}],"wp:attachment":[{"href":"https:\/\/www.pussycatmerida.com\/eshop\/wp-json\/wp\/v2\/media?parent=27713"}],"wp:term":[{"taxonomy":"pwb-brand","embeddable":true,"href":"https:\/\/www.pussycatmerida.com\/eshop\/wp-json\/wp\/v2\/pwb-brand?post=27713"},{"taxonomy":"product_brand","embeddable":true,"href":"https:\/\/www.pussycatmerida.com\/eshop\/wp-json\/wp\/v2\/product_brand?post=27713"},{"taxonomy":"product_cat","embeddable":true,"href":"https:\/\/www.pussycatmerida.com\/eshop\/wp-json\/wp\/v2\/product_cat?post=27713"},{"taxonomy":"product_tag","embeddable":true,"href":"https:\/\/www.pussycatmerida.com\/eshop\/wp-json\/wp\/v2\/product_tag?post=27713"}],"curies":[{"name":"wp","href":"https:\/\/api.w.org\/{rel}","templated":true}]}}