{"id":27779,"date":"2021-03-01T10:34:54","date_gmt":"2021-03-01T08:34:54","guid":{"rendered":"https:\/\/www.pussycatmerida.com\/eshop\/product\/darkness-pinzas-para-pezones-con-pompones\/"},"modified":"2026-03-11T12:39:23","modified_gmt":"2026-03-11T11:39:23","slug":"darkness-pinzas-para-pezones-con-pompones","status":"publish","type":"product","link":"https:\/\/www.pussycatmerida.com\/eshop\/producto\/darkness-pinzas-para-pezones-con-pompones\/","title":{"rendered":"DARKNESS PINZAS PARA PEZONES CON POMPONES"},"content":{"rendered":"<p>Pinzas para pezones totalmente ajustables para \u00e9l o ella. Dispone de suaves almohadillas suaves para mayor comodidad y que se puede quitar. Vienen decoradas con dos elegantes pompones.<\/p>\n<p>Los ajustes de tensi\u00f3n son perfectos para la estimulaci\u00f3n del pez\u00f3n, as\u00ed como muchas otras \u00e1reas sensibles.<\/p>\n<p>El mejor complemento para tu juego de bondage.<\/p>\n<ul>\n<li>Fabricado en metal libre de n\u00edquel.<\/li>\n<\/ul>\n<p>Darkness es una marca de nueva generaci\u00f3n 2020, todos nuestros materiales son de excelente calidad asegurando que la fabricaci\u00f3n compromete un resultado perfecto para principiantes o avanzados que le gusta el mundo Fetish o bdsm.<\/p>\n<p style=\"text-align: center;\"><iframe loading=\"lazy\" allow=\"accelerometer; autoplay; encrypted-media; gyroscope; picture-in-picture\" allowfullscreen=\"\" frameborder=\"0\" height=\"350\" scrolling=\"no\" src=\"https:\/\/www.youtube-nocookie.com\/embed\/zyzIGE1qUy0\" width=\"800\"><\/iframe><\/p>\n","protected":false},"excerpt":{"rendered":"<p>DARKNESS FUR BALL NIPPLE CLAMS<\/p>\n","protected":false},"featured_media":57215,"template":"","meta":[],"pwb-brand":[467,468],"product_brand":[],"product_cat":[282,274,941],"product_tag":[],"class_list":{"0":"post-27779","1":"product","2":"type-product","3":"status-publish","4":"has-post-thumbnail","6":"pwb-brand-darkness","7":"pwb-brand-darknessdarkness-sensations","8":"product_cat-juguetes-sexuales-xxxfetish-bondage","9":"product_cat-juguetes-sexuales-xxx","10":"product_cat-pinzas-para-pezones","11":"post_count_is_0","12":"boutique_post_style_4","14":"first","15":"instock","16":"taxable","17":"shipping-taxable","18":"purchasable","19":"product-type-simple","20":"boutique_image_style_2"},"brands":[{"id":467,"name":"DARKNESS","slug":"darkness"},{"id":468,"name":"DARKNESS SENSATIONS","slug":"darknessdarkness-sensations"}],"_links":{"self":[{"href":"https:\/\/www.pussycatmerida.com\/eshop\/wp-json\/wp\/v2\/product\/27779","targetHints":{"allow":["GET"]}}],"collection":[{"href":"https:\/\/www.pussycatmerida.com\/eshop\/wp-json\/wp\/v2\/product"}],"about":[{"href":"https:\/\/www.pussycatmerida.com\/eshop\/wp-json\/wp\/v2\/types\/product"}],"wp:featuredmedia":[{"embeddable":true,"href":"https:\/\/www.pussycatmerida.com\/eshop\/wp-json\/wp\/v2\/media\/57215"}],"wp:attachment":[{"href":"https:\/\/www.pussycatmerida.com\/eshop\/wp-json\/wp\/v2\/media?parent=27779"}],"wp:term":[{"taxonomy":"pwb-brand","embeddable":true,"href":"https:\/\/www.pussycatmerida.com\/eshop\/wp-json\/wp\/v2\/pwb-brand?post=27779"},{"taxonomy":"product_brand","embeddable":true,"href":"https:\/\/www.pussycatmerida.com\/eshop\/wp-json\/wp\/v2\/product_brand?post=27779"},{"taxonomy":"product_cat","embeddable":true,"href":"https:\/\/www.pussycatmerida.com\/eshop\/wp-json\/wp\/v2\/product_cat?post=27779"},{"taxonomy":"product_tag","embeddable":true,"href":"https:\/\/www.pussycatmerida.com\/eshop\/wp-json\/wp\/v2\/product_tag?post=27779"}],"curies":[{"name":"wp","href":"https:\/\/api.w.org\/{rel}","templated":true}]}}