{"id":27781,"date":"2021-02-24T14:25:10","date_gmt":"2021-02-24T12:25:10","guid":{"rendered":"https:\/\/www.pussycatmerida.com\/eshop\/product\/darkness-leather-anillo-ereccion\/"},"modified":"2026-03-11T12:27:16","modified_gmt":"2026-03-11T11:27:16","slug":"darkness-leather-anillo-ereccion","status":"publish","type":"product","link":"https:\/\/www.pussycatmerida.com\/eshop\/producto\/darkness-leather-anillo-ereccion\/","title":{"rendered":"DARKNESS LEATHER ANILLO ERECCI\u00d3N"},"content":{"rendered":"<p>Alarga tu placer y resistencia con este f\u00e1cil y ajustable anillo de piel. Con 5 diferentes ajustes esta dise\u00f1ado para proporcionar una erecci\u00f3n duradera y conseguir la mayor satisfacci\u00f3n sexual.<\/p>\n<ul>\n<li>Fabricado en metal libre de n\u00edquel.<\/li>\n<li>Apto para todos los tama\u00f1os<\/li>\n<\/ul>\n<p>Darkness es una marca de nueva generaci\u00f3n 2020, todos nuestros materiales son de excelente calidad asegurando que la fabricaci\u00f3n compromete un resultado perfecto para principiantes o avanzados que le gusta el mundo Fetish o bdsm.<\/p>\n<p style=\"text-align: center;\"><iframe loading=\"lazy\" allow=\"accelerometer; autoplay; encrypted-media; gyroscope; picture-in-picture\" allowfullscreen=\"\" frameborder=\"0\" height=\"350\" scrolling=\"no\" src=\"https:\/\/www.youtube-nocookie.com\/embed\/zyzIGE1qUy0\" width=\"800\"><\/iframe><\/p>\n","protected":false},"excerpt":{"rendered":"<p>DARKNESS LEATHER COCKRING<\/p>\n","protected":false},"featured_media":31774,"template":"","meta":[],"pwb-brand":[467,468],"product_brand":[],"product_cat":[276,903,944,274],"product_tag":[],"class_list":{"0":"post-27781","1":"product","2":"type-product","3":"status-publish","4":"has-post-thumbnail","6":"pwb-brand-darkness","7":"pwb-brand-darknessdarkness-sensations","8":"product_cat-juguetes-sexuales-xxxaccesorios-para-el-pene","9":"product_cat-anillos-para-el-pene","10":"product_cat-anillos-sin-vibracion","11":"product_cat-juguetes-sexuales-xxx","12":"post_count_is_0","13":"boutique_post_style_4","15":"first","16":"instock","17":"taxable","18":"shipping-taxable","19":"purchasable","20":"product-type-simple","21":"boutique_image_style_2"},"brands":[{"id":467,"name":"DARKNESS","slug":"darkness"},{"id":468,"name":"DARKNESS SENSATIONS","slug":"darknessdarkness-sensations"}],"_links":{"self":[{"href":"https:\/\/www.pussycatmerida.com\/eshop\/wp-json\/wp\/v2\/product\/27781","targetHints":{"allow":["GET"]}}],"collection":[{"href":"https:\/\/www.pussycatmerida.com\/eshop\/wp-json\/wp\/v2\/product"}],"about":[{"href":"https:\/\/www.pussycatmerida.com\/eshop\/wp-json\/wp\/v2\/types\/product"}],"wp:featuredmedia":[{"embeddable":true,"href":"https:\/\/www.pussycatmerida.com\/eshop\/wp-json\/wp\/v2\/media\/31774"}],"wp:attachment":[{"href":"https:\/\/www.pussycatmerida.com\/eshop\/wp-json\/wp\/v2\/media?parent=27781"}],"wp:term":[{"taxonomy":"pwb-brand","embeddable":true,"href":"https:\/\/www.pussycatmerida.com\/eshop\/wp-json\/wp\/v2\/pwb-brand?post=27781"},{"taxonomy":"product_brand","embeddable":true,"href":"https:\/\/www.pussycatmerida.com\/eshop\/wp-json\/wp\/v2\/product_brand?post=27781"},{"taxonomy":"product_cat","embeddable":true,"href":"https:\/\/www.pussycatmerida.com\/eshop\/wp-json\/wp\/v2\/product_cat?post=27781"},{"taxonomy":"product_tag","embeddable":true,"href":"https:\/\/www.pussycatmerida.com\/eshop\/wp-json\/wp\/v2\/product_tag?post=27781"}],"curies":[{"name":"wp","href":"https:\/\/api.w.org\/{rel}","templated":true}]}}