{"id":27806,"date":"2021-02-26T10:46:11","date_gmt":"2021-02-26T08:46:11","guid":{"rendered":"https:\/\/www.pussycatmerida.com\/eshop\/product\/g-spot-george-vibrador-punto-g-rosa-chicle\/"},"modified":"2026-03-11T12:38:07","modified_gmt":"2026-03-11T11:38:07","slug":"g-spot-george-vibrador-punto-g-rosa-chicle","status":"publish","type":"product","link":"https:\/\/www.pussycatmerida.com\/eshop\/producto\/g-spot-george-vibrador-punto-g-rosa-chicle\/","title":{"rendered":"G-SPOT GEORGE VIBRADOR PUNTO G ROSA CHICLE"},"content":{"rendered":"<p>Placentero vibrador Punto G Recargable, George es un\u00a0\u00a0masajeador perfectamente dise\u00f1ado para la estimulacion completa del Punto G-<\/p>\n<p>A pesar de su aspecto peligrosamente atractivo, GEORGE es muy d\u00f3cil. Con el ergon\u00f3mico cabezal que estimula el Punto G salvajemente y la tecnolog\u00eda.\u00a0 Con la excitante introducci\u00f3n paso a paso, este vibrador del punto G despierta en mujeres y hombres un instinto depredador. La punta curvada de GEROGE estimula perfectamente el punto G de la mujer o el punto P del hombre, la pr\u00f3stata.<\/p>\n<p>Flexible y \u00e1gil cual felino, la estructura de silicona se adapta perfectamente a tu cuerpo gracias a su exclusiva tecnolog\u00eda G-SPOT, facilitando su uso en diferentes posturas y llegando con aut\u00e9ntico \u00e9nfasis a ocultos rincones de placer.\u00a0<\/p>\n<p>La silicona de grado medico certificada hipoalerg\u00e9nica destaca por su tacto sedoso y su excelente capacidad de deslizamiento. Para que puedas disfrutar de tu nuevo amigo durante mucho tiempo, es recomendable que utilices un lubricante a base de agua waterfeel en tus juegos m\u00e1s h\u00famedos. As\u00ed proteges el material y la superficie se mantiene sedosa. Puedes lavar tu juguete muy f\u00e1cilmente con agua y un jab\u00f3n suave. Para una higiene m\u00e1s minuciosa, utiliza tambi\u00e9n un limpiador desinfectante especial para juguetes sexuales como Waterfeel o Nina kik\u00ed toy cleaner.<\/p>\n<ul>\n<li>Masaje interno y externo para una estimulaci\u00f3n completa<\/li>\n<li>Alto rendimiento;\u00a010 modos de vibraci\u00f3n.<\/li>\n<li>Completamente recargable; M\u00e1s potencia<\/li>\n<li>Fabricado con 100% silicona m\u00e9dica: respeta tu cuerpo<\/li>\n<li>Libre de ftalatos<\/li>\n<li>Silencioso, menos de 60 decibelios.<\/li>\n<li>Material seguro para el cuerpo<\/li>\n<li>Recargable v\u00eda USB (Cable incluido)<\/li>\n<li>Sumergible categor\u00eda IPX6\u00a0\/ Apto para la ducha o Spa<\/li>\n<li>Medida Total; 200 x 50mm<\/li>\n<li>Peso; 167 gramos<\/li>\n<\/ul>\n<p><strong>Cargar<\/strong><\/p>\n<p>El vibrador es recargable y permite un manejo c\u00f3modo, sin molestos cables. Antes de utilizarlo por primera vez, debes cargarlo completamente. Utiliza para ello el cable de carga USB incluido.\u00a0<\/p>\n<p><strong>Advertencia<\/strong>: el primer proceso de carga puede durar hasta tres horas.<\/p>\n<p><strong>Eliminaci\u00f3n<\/strong><\/p>\n<p>La eliminaci\u00f3n de aparatos electr\u00f3nicos debe realizarse seg\u00fan la normativa para residuos peligrosos vigente en la Uni\u00f3n Europea y en otros pa\u00edses europeos o seg\u00fan las reglamentaciones locales. Respeta las normativas de eliminaci\u00f3n de basuras<\/p>\n<p>Espec\u00edficas de tu pa\u00eds y, en caso de duda, pregunta a tu distribuidor sobre las opciones de eliminaci\u00f3n.<\/p>\n<p><strong>Contenido<\/strong><\/p>\n<p>Abrir una caja de productos G-SPOT es exclusividad. La satisfacci\u00f3n es nuestro objetivo, por ello hemos cuidado cada detalle.<\/p>\n<ul>\n<li>George<\/li>\n<li>Cargador<\/li>\n<\/ul>\n<p>El punto G no es lo \u00fanico que puede llevar a una mujer al orgasmo. &#8230; La localizaci\u00f3n exacta del Punto G var\u00eda dependiendo de cada mujer, pero la mayor\u00eda de ellas concluyen que la zona donde m\u00e1s placer sientes es la pared vaginal frontal. Concretamente, entre 5 y ocho cent\u00edmetros en el interior de la vagina<\/p>\n<p style=\"text-align: center;\"><iframe loading=\"lazy\" allow=\"accelerometer; autoplay; encrypted-media; gyroscope; picture-in-picture\" allowfullscreen=\"\" frameborder=\"0\" height=\"350\" scrolling=\"no\" src=\"https:\/\/www.youtube-nocookie.com\/embed\/v2WLswBRxo4\" width=\"800\"><\/iframe><\/p>\n","protected":false},"excerpt":{"rendered":"<p>G-SPOT GEORGE PINK VIBRATOR<\/p>\n","protected":false},"featured_media":39752,"template":"","meta":[],"pwb-brand":[577],"product_brand":[],"product_cat":[274,307,299,904],"product_tag":[],"class_list":{"0":"post-27806","1":"product","2":"type-product","3":"status-publish","4":"has-post-thumbnail","6":"pwb-brand-g-spot","7":"product_cat-juguetes-sexuales-xxx","8":"product_cat-juguetes-sexuales-xxxpunto-g","9":"product_cat-juguetes-sexuales-xxxvibradores","10":"product_cat-vibradores-clasicos","11":"post_count_is_0","12":"boutique_post_style_4","14":"first","15":"instock","16":"taxable","17":"shipping-taxable","18":"purchasable","19":"product-type-simple","20":"boutique_image_style_2"},"brands":[{"id":577,"name":"G-SPOT","slug":"g-spot"}],"_links":{"self":[{"href":"https:\/\/www.pussycatmerida.com\/eshop\/wp-json\/wp\/v2\/product\/27806","targetHints":{"allow":["GET"]}}],"collection":[{"href":"https:\/\/www.pussycatmerida.com\/eshop\/wp-json\/wp\/v2\/product"}],"about":[{"href":"https:\/\/www.pussycatmerida.com\/eshop\/wp-json\/wp\/v2\/types\/product"}],"wp:featuredmedia":[{"embeddable":true,"href":"https:\/\/www.pussycatmerida.com\/eshop\/wp-json\/wp\/v2\/media\/39752"}],"wp:attachment":[{"href":"https:\/\/www.pussycatmerida.com\/eshop\/wp-json\/wp\/v2\/media?parent=27806"}],"wp:term":[{"taxonomy":"pwb-brand","embeddable":true,"href":"https:\/\/www.pussycatmerida.com\/eshop\/wp-json\/wp\/v2\/pwb-brand?post=27806"},{"taxonomy":"product_brand","embeddable":true,"href":"https:\/\/www.pussycatmerida.com\/eshop\/wp-json\/wp\/v2\/product_brand?post=27806"},{"taxonomy":"product_cat","embeddable":true,"href":"https:\/\/www.pussycatmerida.com\/eshop\/wp-json\/wp\/v2\/product_cat?post=27806"},{"taxonomy":"product_tag","embeddable":true,"href":"https:\/\/www.pussycatmerida.com\/eshop\/wp-json\/wp\/v2\/product_tag?post=27806"}],"curies":[{"name":"wp","href":"https:\/\/api.w.org\/{rel}","templated":true}]}}