{"id":27826,"date":"2021-03-05T14:07:07","date_gmt":"2021-03-05T12:07:07","guid":{"rendered":"https:\/\/www.pussycatmerida.com\/eshop\/product\/fetish-submissive-arnes-vibrador-silicona-negro-15cm\/"},"modified":"2026-03-11T12:26:58","modified_gmt":"2026-03-11T11:26:58","slug":"fetish-submissive-arnes-vibrador-silicona-negro-15cm","status":"publish","type":"product","link":"https:\/\/www.pussycatmerida.com\/eshop\/producto\/fetish-submissive-arnes-vibrador-silicona-negro-15cm\/","title":{"rendered":"FETISH SUBMISSIVE ARN\u00c9S VIBRADOR SILICONA NEGRO 15CM"},"content":{"rendered":"<p>Experimenta la emoci\u00f3n de tener el control con este fabuloso arn\u00e9s con vibrador\u00a0para principiantes o avanzados. Fabricado con suave y sedosa Silicona, pero firme para un juego duro, este cl\u00e1sico arn\u00e9s es ideal para aquellos que se inician en los juegos de arn\u00e9s. El cintur\u00f3n es el\u00e1stico y se ajusta a la mayor\u00eda de las tallas, mientras que el arn\u00e9s de suave silicona permaneces en su lugar cuando el ambiente se calienta. El arn\u00e9s Fetish Submissive gracias a su forma delgada con punta c\u00f3nica hace f\u00e1cil la penetraci\u00f3n para los principiantes y divertido para todos. Lo mejor de todo es la facilidad para limpiarlo simplemente utilizando el limpiador Waterfeel Toy Cleaner y agua tibia.<\/p>\n<ul>\n<li>Medidas; 15cm longitud total.<\/li>\n<li>Talla \u00fanica, se adapta a todos.<\/li>\n<li>Material soft, muy confortable y agradable en la penetraci\u00f3n.<\/li>\n<li>10 modos de vibraci\u00f3n de suave a fuerte que aumentan la sensaci\u00f3n de placer<\/li>\n<li>Sumergible \/ Apto para la ducha o Spa categoria IPX6<\/li>\n<li>Recargable<\/li>\n<\/ul>\n<p>La silicona de grado medico certificada hipoalerg\u00e9nica destaca por su tacto sedoso y su excelente capacidad de deslizamiento. Para que puedas disfrutar de tu nuevo amigo durante mucho tiempo, es recomendable que utilices un lubricante a base de agua waterfeel en tus juegos m\u00e1s h\u00famedos. As\u00ed proteges el material y la superficie se mantiene sedosa. Puedes lavar tu juguete muy f\u00e1cilmente con agua y un jab\u00f3n suave. Para una higiene m\u00e1s minuciosa, utiliza tambi\u00e9n un limpiador desinfectante especial para juguetes sexuales como Waterfeel o Nina kik\u00ed toy cleaner.<\/p>\n<p>Dise\u00f1ado espec\u00edficamente para mujeres que desean realizar penetraciones, sobre hombres o mujeres indistintamente.<\/p>\n","protected":false},"excerpt":{"rendered":"<p>FETISH SUBMISSIVE SILICONE STRAP-ON VIBRATOR BLACK 15CM<\/p>\n","protected":false},"featured_media":32679,"template":"","meta":[],"pwb-brand":[482,483],"product_brand":[],"product_cat":[909,278,274],"product_tag":[],"class_list":{"0":"post-27826","1":"product","2":"type-product","3":"status-publish","4":"has-post-thumbnail","6":"pwb-brand-fetish-submissive","7":"pwb-brand-fetish-submissivefetish-submissive-harness","8":"product_cat-arnes-con-vibracion","9":"product_cat-juguetes-sexuales-xxxarneses","10":"product_cat-juguetes-sexuales-xxx","11":"post_count_is_0","12":"boutique_post_style_4","14":"first","15":"instock","16":"taxable","17":"shipping-taxable","18":"purchasable","19":"product-type-simple","20":"boutique_image_style_2"},"brands":[{"id":482,"name":"FETISH SUBMISSIVE","slug":"fetish-submissive"},{"id":483,"name":"FETISH SUBMISSIVE HARNESS","slug":"fetish-submissivefetish-submissive-harness"}],"_links":{"self":[{"href":"https:\/\/www.pussycatmerida.com\/eshop\/wp-json\/wp\/v2\/product\/27826","targetHints":{"allow":["GET"]}}],"collection":[{"href":"https:\/\/www.pussycatmerida.com\/eshop\/wp-json\/wp\/v2\/product"}],"about":[{"href":"https:\/\/www.pussycatmerida.com\/eshop\/wp-json\/wp\/v2\/types\/product"}],"wp:featuredmedia":[{"embeddable":true,"href":"https:\/\/www.pussycatmerida.com\/eshop\/wp-json\/wp\/v2\/media\/32679"}],"wp:attachment":[{"href":"https:\/\/www.pussycatmerida.com\/eshop\/wp-json\/wp\/v2\/media?parent=27826"}],"wp:term":[{"taxonomy":"pwb-brand","embeddable":true,"href":"https:\/\/www.pussycatmerida.com\/eshop\/wp-json\/wp\/v2\/pwb-brand?post=27826"},{"taxonomy":"product_brand","embeddable":true,"href":"https:\/\/www.pussycatmerida.com\/eshop\/wp-json\/wp\/v2\/product_brand?post=27826"},{"taxonomy":"product_cat","embeddable":true,"href":"https:\/\/www.pussycatmerida.com\/eshop\/wp-json\/wp\/v2\/product_cat?post=27826"},{"taxonomy":"product_tag","embeddable":true,"href":"https:\/\/www.pussycatmerida.com\/eshop\/wp-json\/wp\/v2\/product_tag?post=27826"}],"curies":[{"name":"wp","href":"https:\/\/api.w.org\/{rel}","templated":true}]}}