{"id":27837,"date":"2021-03-05T14:07:30","date_gmt":"2021-03-05T12:07:30","guid":{"rendered":"https:\/\/www.pussycatmerida.com\/eshop\/product\/fetish-submissive-arnes-silicona-flesh-realistic-12-5-cm\/"},"modified":"2026-03-11T12:26:57","modified_gmt":"2026-03-11T11:26:57","slug":"fetish-submissive-arnes-silicona-flesh-realistic-12-5-cm","status":"publish","type":"product","link":"https:\/\/www.pussycatmerida.com\/eshop\/producto\/fetish-submissive-arnes-silicona-flesh-realistic-12-5-cm\/","title":{"rendered":"FETISH SUBMISSIVE ARN\u00c9S SILICONA FLESH REALISTIC 12.5 CM"},"content":{"rendered":"<p>Experimenta la emoci\u00f3n de tener el control con este fabuloso arn\u00e9s para principiantes o avanzados. Fabricado con suave y sedosa Silicona, pero firme para un juego duro, este cl\u00e1sico arn\u00e9s es ideal para aquellos que se inician en los juegos de arn\u00e9s. El cintur\u00f3n es el\u00e1stico y se ajusta a la mayor\u00eda de las tallas, mientras que el arn\u00e9s de suave silicona permaneces en su lugar cuando el ambiente se calienta. El arn\u00e9s Fetish Submissive gracias a su forma delgada con punta c\u00f3nica hace f\u00e1cil la penetraci\u00f3n para los principiantes y divertido para todos. Lo mejor de todo es la facilidad para limpiarlo simplemente utilizando el limpiador Waterfeel Toy Cleaner y agua tibia.<\/p>\n<ul>\n<li>Medidas; Longitud insertable; 12.5cm<\/li>\n<li>Talla \u00fanica, se adapta a todos.<\/li>\n<li>Material soft, muy confortable y agradable en la penetraci\u00f3n.<\/li>\n<\/ul>\n<p>La silicona de grado medico certificada hipoalerg\u00e9nica destaca por su tacto sedoso y su excelente capacidad de deslizamiento. Para que puedas disfrutar de tu nuevo amigo durante mucho tiempo, es recomendable que utilices un lubricante a base de agua waterfeel en tus juegos m\u00e1s h\u00famedos. As\u00ed proteges el material y la superficie se mantiene sedosa. Puedes lavar tu juguete muy f\u00e1cilmente con agua y un jab\u00f3n suave. Para una higiene m\u00e1s minuciosa, utiliza tambi\u00e9n un limpiador desinfectante especial para juguetes sexuales como Waterfeel o Nina kik\u00ed toy cleaner.<\/p>\n<p>Dise\u00f1ado espec\u00edficamente para mujeres que desean realizar penetraciones, sobre hombres o mujeres indistintamente.<\/p>\n","protected":false},"excerpt":{"rendered":"<p>FETISH SUBMISSIVE SILICONE STRAP-ON FLESH 12.5CM REALISTIC<\/p>\n","protected":false},"featured_media":32710,"template":"","meta":[],"pwb-brand":[482,483],"product_brand":[],"product_cat":[278,274],"product_tag":[],"class_list":{"0":"post-27837","1":"product","2":"type-product","3":"status-publish","4":"has-post-thumbnail","6":"pwb-brand-fetish-submissive","7":"pwb-brand-fetish-submissivefetish-submissive-harness","8":"product_cat-juguetes-sexuales-xxxarneses","9":"product_cat-juguetes-sexuales-xxx","10":"post_count_is_0","11":"boutique_post_style_4","13":"first","14":"instock","15":"taxable","16":"shipping-taxable","17":"purchasable","18":"product-type-simple","19":"boutique_image_style_2"},"brands":[{"id":482,"name":"FETISH SUBMISSIVE","slug":"fetish-submissive"},{"id":483,"name":"FETISH SUBMISSIVE HARNESS","slug":"fetish-submissivefetish-submissive-harness"}],"_links":{"self":[{"href":"https:\/\/www.pussycatmerida.com\/eshop\/wp-json\/wp\/v2\/product\/27837","targetHints":{"allow":["GET"]}}],"collection":[{"href":"https:\/\/www.pussycatmerida.com\/eshop\/wp-json\/wp\/v2\/product"}],"about":[{"href":"https:\/\/www.pussycatmerida.com\/eshop\/wp-json\/wp\/v2\/types\/product"}],"wp:featuredmedia":[{"embeddable":true,"href":"https:\/\/www.pussycatmerida.com\/eshop\/wp-json\/wp\/v2\/media\/32710"}],"wp:attachment":[{"href":"https:\/\/www.pussycatmerida.com\/eshop\/wp-json\/wp\/v2\/media?parent=27837"}],"wp:term":[{"taxonomy":"pwb-brand","embeddable":true,"href":"https:\/\/www.pussycatmerida.com\/eshop\/wp-json\/wp\/v2\/pwb-brand?post=27837"},{"taxonomy":"product_brand","embeddable":true,"href":"https:\/\/www.pussycatmerida.com\/eshop\/wp-json\/wp\/v2\/product_brand?post=27837"},{"taxonomy":"product_cat","embeddable":true,"href":"https:\/\/www.pussycatmerida.com\/eshop\/wp-json\/wp\/v2\/product_cat?post=27837"},{"taxonomy":"product_tag","embeddable":true,"href":"https:\/\/www.pussycatmerida.com\/eshop\/wp-json\/wp\/v2\/product_tag?post=27837"}],"curies":[{"name":"wp","href":"https:\/\/api.w.org\/{rel}","templated":true}]}}