{"id":27928,"date":"2021-02-24T15:18:10","date_gmt":"2021-02-24T13:18:10","guid":{"rendered":"https:\/\/www.pussycatmerida.com\/eshop\/product\/secretplay-anal-plug-rojo-s\/"},"modified":"2026-03-11T12:39:33","modified_gmt":"2026-03-11T11:39:33","slug":"secretplay-anal-plug-rojo-s","status":"publish","type":"product","link":"https:\/\/www.pussycatmerida.com\/eshop\/producto\/secretplay-anal-plug-rojo-s\/","title":{"rendered":"SECRETPLAY ANAL PLUG ROJO S"},"content":{"rendered":"<p>Este plug anal de metal est\u00e1 dise\u00f1ado para ofrecerte un sinf\u00edn de sensaciones placenteras. Su forma c\u00f3nica es ideal para estimularte y ofrecerte orgasmos incre\u00edbles. Adem\u00e1s, su textura lisa extra suave te encantar\u00e1. Puedes jugar con la temperatura calent\u00e1ndolo o enfri\u00e1ndolo. Esto a\u00f1adir\u00e1 excitaci\u00f3n en tus fantas\u00edas er\u00f3ticas.<\/p>\n<p>Caracter\u00edsticas:<\/p>\n<ul>\n<li>Realizados en Aluminio ultra-liso.<\/li>\n<li>No contienen n\u00edquel.<\/li>\n<li>Decoraci\u00f3n engarzada en la base con forma de brillante en pl\u00e1stico r\u00edgido.<\/li>\n<li>49 gramos.<\/li>\n<li>7,5 longitud<\/li>\n<li>2,5 di\u00e1metro m\u00e1ximo<\/li>\n<li>Color Rojo<\/li>\n<\/ul>\n","protected":false},"excerpt":{"rendered":"<p>SECRETPLAY ANAL PLUG RED S<\/p>\n","protected":false},"featured_media":35982,"template":"","meta":[],"pwb-brand":[498,560],"product_brand":[],"product_cat":[280,274,300],"product_tag":[],"class_list":{"0":"post-27928","1":"product","2":"type-product","3":"status-publish","4":"has-post-thumbnail","6":"pwb-brand-secretplay","7":"pwb-brand-secretplaysecretplay-toys","8":"product_cat-juguetes-sexuales-xxxanal","9":"product_cat-juguetes-sexuales-xxx","10":"product_cat-juguetes-sexuales-xxxplugs-anales","11":"post_count_is_0","12":"boutique_post_style_4","14":"first","15":"instock","16":"taxable","17":"shipping-taxable","18":"purchasable","19":"product-type-simple","20":"boutique_image_style_2"},"brands":[{"id":498,"name":"SECRETPLAY","slug":"secretplay"},{"id":560,"name":"SECRETPLAY TOYS","slug":"secretplaysecretplay-toys"}],"_links":{"self":[{"href":"https:\/\/www.pussycatmerida.com\/eshop\/wp-json\/wp\/v2\/product\/27928","targetHints":{"allow":["GET"]}}],"collection":[{"href":"https:\/\/www.pussycatmerida.com\/eshop\/wp-json\/wp\/v2\/product"}],"about":[{"href":"https:\/\/www.pussycatmerida.com\/eshop\/wp-json\/wp\/v2\/types\/product"}],"wp:featuredmedia":[{"embeddable":true,"href":"https:\/\/www.pussycatmerida.com\/eshop\/wp-json\/wp\/v2\/media\/35982"}],"wp:attachment":[{"href":"https:\/\/www.pussycatmerida.com\/eshop\/wp-json\/wp\/v2\/media?parent=27928"}],"wp:term":[{"taxonomy":"pwb-brand","embeddable":true,"href":"https:\/\/www.pussycatmerida.com\/eshop\/wp-json\/wp\/v2\/pwb-brand?post=27928"},{"taxonomy":"product_brand","embeddable":true,"href":"https:\/\/www.pussycatmerida.com\/eshop\/wp-json\/wp\/v2\/product_brand?post=27928"},{"taxonomy":"product_cat","embeddable":true,"href":"https:\/\/www.pussycatmerida.com\/eshop\/wp-json\/wp\/v2\/product_cat?post=27928"},{"taxonomy":"product_tag","embeddable":true,"href":"https:\/\/www.pussycatmerida.com\/eshop\/wp-json\/wp\/v2\/product_tag?post=27928"}],"curies":[{"name":"wp","href":"https:\/\/api.w.org\/{rel}","templated":true}]}}