{"id":28209,"date":"2021-03-01T10:47:52","date_gmt":"2021-03-01T08:47:52","guid":{"rendered":"https:\/\/www.pussycatmerida.com\/eshop\/product\/stercup-copa-menstrual-fda-silicone-talla-l-rosa\/"},"modified":"2026-03-11T12:26:40","modified_gmt":"2026-03-11T11:26:40","slug":"stercup-copa-menstrual-fda-silicone-talla-l-rosa","status":"publish","type":"product","link":"https:\/\/www.pussycatmerida.com\/eshop\/producto\/stercup-copa-menstrual-fda-silicone-talla-l-rosa\/","title":{"rendered":"STERCUP COPA MENSTRUAL FDA SILICONE  TALLA L ROSA"},"content":{"rendered":"<p>Stercup es una copa menstrual innovadora, c\u00f3moda y ecol\u00f3gica. Es la soluci\u00f3n ideal para la higiene \u00edntima. Elaborada 100% de silicona FDA cuenta con una tolerancia \u00f3ptima, prolongando su utilizaci\u00f3n hasta 12 horas. Sus materiales te aseguran que no produce alergias ni ocasiona infecciones f\u00fangicas ni uretritis. Es ideal para practicar deporte y s\u00faper c\u00f3moda para llevar de d\u00eda y de noche.<\/p>\n<p>Talla L<\/p>\n<ul>\n<li>Di\u00e1metro interno: 3.8 cm<\/li>\n<li>Alto de la copa: 6 cm<\/li>\n<li>Largo del tubo: 2.4 cm<\/li>\n<li>Capacidad: 24 ml<\/li>\n<\/ul>\n<p>Caracter\u00edsticas:<\/p>\n<ul>\n<li>100% silicona aprobada por la FDA<\/li>\n<li>Duraci\u00f3n prolongada  hasta 12 horas<\/li>\n<li>No produce alergias<\/li>\n<li>No ocasiona infecciones f\u00fangicas ni uretritis<\/li>\n<li>C\u00f3moda para uso diario y nocturno<\/li>\n<li>Perfecto para practicar deporte<\/li>\n<\/ul>\n<p>Tu copa se puede limpiar f\u00e1cilmente con agua y un jab\u00f3n suave. Si deseas una higiene m\u00e1s exhaustiva, puedes utilizar un producto limpiador waterfeel: basta con rociarlo un par de veces para que tu copa quede perfectamente limpia.<\/p>\n","protected":false},"excerpt":{"rendered":"<p>STERCUP MENSTRUAL CUP SIZE L PINK COLOR FDA SILICONE<\/p>\n","protected":false},"featured_media":58242,"template":"","meta":[],"pwb-brand":[793],"product_brand":[],"product_cat":[380,382,428],"product_tag":[],"class_list":{"0":"post-28209","1":"product","2":"type-product","3":"status-publish","4":"has-post-thumbnail","6":"pwb-brand-stercup","7":"product_cat-articulos-variados","8":"product_cat-articulos-variadoscopa-vaginal","9":"product_cat-articulos-variadosparapharmacy","10":"post_count_is_0","11":"boutique_post_style_4","13":"first","14":"instock","15":"taxable","16":"shipping-taxable","17":"purchasable","18":"product-type-simple","19":"boutique_image_style_2"},"brands":[{"id":793,"name":"STERCUP","slug":"stercup"}],"_links":{"self":[{"href":"https:\/\/www.pussycatmerida.com\/eshop\/wp-json\/wp\/v2\/product\/28209","targetHints":{"allow":["GET"]}}],"collection":[{"href":"https:\/\/www.pussycatmerida.com\/eshop\/wp-json\/wp\/v2\/product"}],"about":[{"href":"https:\/\/www.pussycatmerida.com\/eshop\/wp-json\/wp\/v2\/types\/product"}],"wp:featuredmedia":[{"embeddable":true,"href":"https:\/\/www.pussycatmerida.com\/eshop\/wp-json\/wp\/v2\/media\/58242"}],"wp:attachment":[{"href":"https:\/\/www.pussycatmerida.com\/eshop\/wp-json\/wp\/v2\/media?parent=28209"}],"wp:term":[{"taxonomy":"pwb-brand","embeddable":true,"href":"https:\/\/www.pussycatmerida.com\/eshop\/wp-json\/wp\/v2\/pwb-brand?post=28209"},{"taxonomy":"product_brand","embeddable":true,"href":"https:\/\/www.pussycatmerida.com\/eshop\/wp-json\/wp\/v2\/product_brand?post=28209"},{"taxonomy":"product_cat","embeddable":true,"href":"https:\/\/www.pussycatmerida.com\/eshop\/wp-json\/wp\/v2\/product_cat?post=28209"},{"taxonomy":"product_tag","embeddable":true,"href":"https:\/\/www.pussycatmerida.com\/eshop\/wp-json\/wp\/v2\/product_tag?post=28209"}],"curies":[{"name":"wp","href":"https:\/\/api.w.org\/{rel}","templated":true}]}}