{"id":28262,"date":"2021-02-26T14:22:26","date_gmt":"2021-02-26T12:22:26","guid":{"rendered":"https:\/\/www.pussycatmerida.com\/eshop\/product\/slow-sex-full-body-massage-gel-de-masaje-50-ml\/"},"modified":"2026-03-11T12:26:25","modified_gmt":"2026-03-11T11:26:25","slug":"slow-sex-full-body-massage-gel-de-masaje-50-ml","status":"publish","type":"product","link":"https:\/\/www.pussycatmerida.com\/eshop\/producto\/slow-sex-full-body-massage-gel-de-masaje-50-ml\/","title":{"rendered":"SLOW SEX FULL BODY MASSAGE GEL DE MASAJE 50 ML"},"content":{"rendered":"<p>Bijoux presenta SLOW SEX, una l\u00ednea de cosm\u00e9tica er\u00f3tica que promueve el placer real, desde la primera caricia hasta el \u00faltimo gemido. En un mundo donde lo que m\u00e1s tocamos son las pantallas de nuestro m\u00f3viles y la vida se escapa entre prisas y estr\u00e9s, SLOW SEX es un invitaci\u00f3n a disfrutar del buen sexo, concentr\u00e1ndote en lo que realmente importa: el placer.\u00a0<\/p>\n<p>SLOW SEX aparta los prejuicios para descubir nuevos placeres: jugar y saborear esos preciados momentos sin preconcepciones.\u00a0<\/p>\n<p>Combina ingredientes naturales con f\u00f3rmulas patentadas y adem\u00e1s \u00a1salva el planeta practicando sexo! ya que los envases de SLOW SEX est\u00e1n fabricados con aluminio, cristal, papel y una peque\u00f1a cantidad de pl\u00e1stico recicable.\u00a0<\/p>\n<p>Adem\u00e1s tienen un delicioso aroma a coco y un tama\u00f1o perfecto para que puedas viajar sin necesidad de facturar.<\/p>\n<p>EL Full body massage gel:\u00a0<\/p>\n<ul>\n<li>Gel de masaje corporal<\/li>\n<li>Compatible con ls zonas \u00edntimas<\/li>\n<li>Textura suave<\/li>\n<li>Efecto duradero\u00a0<\/li>\n<li>Aroma a coco<\/li>\n<li>Cantidad: 50 ml\u00a0\u00a0<\/li>\n<\/ul>\n<p>Masajea todas las partes de tu cuerpo con este gel de base silicona, si todas son todas, tu cuerpo es tu mejor herramienta: USa tus pechos o tus nalgas para deslizarte por el cuerpo de tu pareja\u00a1, aplica y masajea tanto como quieras , \u00a1incluso debajo del agua!<\/p>\n","protected":false},"excerpt":{"rendered":"<p>SLOW SEX FULL BODY MASSAGE 50 ML<\/p>\n","protected":false},"featured_media":46476,"template":"","meta":[],"pwb-brand":[51,688],"product_brand":[],"product_cat":[342,337,344,353,355,356,338],"product_tag":[],"class_list":{"0":"post-28262","1":"product","2":"type-product","3":"status-publish","4":"has-post-thumbnail","6":"pwb-brand-bijoux-indiscrets","7":"pwb-brand-bijoux-indiscretsslow-sex","8":"product_cat-aceites-y-lubricantesaceites-y-cremas-de-masaje","9":"product_cat-aceites-y-lubricantes","10":"product_cat-aceites-y-lubricanteslubricantesbase-silicona","11":"product_cat-aceites-y-lubricantesaceites-y-cremas-de-masajeclima-erotico","12":"product_cat-aceites-y-lubricantesaceites-y-cremas-de-masajecremas-de-masaje","13":"product_cat-aceites-y-lubricantesaceites-y-cremas-de-masajeefecto-afrodisiaco","14":"product_cat-aceites-y-lubricanteslubricantes","15":"post_count_is_0","16":"boutique_post_style_4","18":"first","19":"instock","20":"taxable","21":"shipping-taxable","22":"purchasable","23":"product-type-simple","24":"boutique_image_style_2"},"brands":[{"id":51,"name":"BIJOUX INDISCRETS","slug":"bijoux-indiscrets"},{"id":688,"name":"SLOW SEX","slug":"bijoux-indiscretsslow-sex"}],"_links":{"self":[{"href":"https:\/\/www.pussycatmerida.com\/eshop\/wp-json\/wp\/v2\/product\/28262","targetHints":{"allow":["GET"]}}],"collection":[{"href":"https:\/\/www.pussycatmerida.com\/eshop\/wp-json\/wp\/v2\/product"}],"about":[{"href":"https:\/\/www.pussycatmerida.com\/eshop\/wp-json\/wp\/v2\/types\/product"}],"wp:featuredmedia":[{"embeddable":true,"href":"https:\/\/www.pussycatmerida.com\/eshop\/wp-json\/wp\/v2\/media\/46476"}],"wp:attachment":[{"href":"https:\/\/www.pussycatmerida.com\/eshop\/wp-json\/wp\/v2\/media?parent=28262"}],"wp:term":[{"taxonomy":"pwb-brand","embeddable":true,"href":"https:\/\/www.pussycatmerida.com\/eshop\/wp-json\/wp\/v2\/pwb-brand?post=28262"},{"taxonomy":"product_brand","embeddable":true,"href":"https:\/\/www.pussycatmerida.com\/eshop\/wp-json\/wp\/v2\/product_brand?post=28262"},{"taxonomy":"product_cat","embeddable":true,"href":"https:\/\/www.pussycatmerida.com\/eshop\/wp-json\/wp\/v2\/product_cat?post=28262"},{"taxonomy":"product_tag","embeddable":true,"href":"https:\/\/www.pussycatmerida.com\/eshop\/wp-json\/wp\/v2\/product_tag?post=28262"}],"curies":[{"name":"wp","href":"https:\/\/api.w.org\/{rel}","templated":true}]}}