{"id":28267,"date":"2021-02-26T14:08:23","date_gmt":"2021-02-26T12:08:23","guid":{"rendered":"https:\/\/www.pussycatmerida.com\/eshop\/product\/slow-sex-mouthwatering-spray-13-ml\/"},"modified":"2026-03-11T12:38:42","modified_gmt":"2026-03-11T11:38:42","slug":"slow-sex-mouthwatering-spray-13-ml","status":"publish","type":"product","link":"https:\/\/www.pussycatmerida.com\/eshop\/producto\/slow-sex-mouthwatering-spray-13-ml\/","title":{"rendered":"SLOW SEX MOUTHWATERING SPRAY 13 ML"},"content":{"rendered":"<p>Bijoux presenta SLOW SEX, una l\u00ednea de cosm\u00e9tica er\u00f3tica que promueve el placer real, desde la primera caricia hasta el \u00faltimo gemido. En un mundo donde lo que m\u00e1s tocamos son las pantallas de nuestro m\u00f3viles y la vida se escapa entre prisas y estr\u00e9s, SLOW SEX es un invitaci\u00f3n a disfrutar del buen sexo, concentr\u00e1ndote en lo que realmente importa: el placer.\u00a0<\/p>\n<p>SLOW SEX aparta los prejuicios para descubir nuevos placeres: jugar y saborear esos preciados momentos sin preconcepciones.\u00a0<\/p>\n<p>Combina ingredientes naturales con f\u00f3rmulas patentadas y adem\u00e1s \u00a1salva el planeta practicando sexo! ya que los envases de SLOW SEX est\u00e1n fabricados con aluminio, cristal, papel y una peque\u00f1a cantidad de pl\u00e1stico recicable.\u00a0<\/p>\n<p>Adem\u00e1s tienen un delicioso aroma a coco y un tama\u00f1o perfecto para que puedas viajar sin necesidad de facturar.<\/p>\n<p>El Mouthwatering spray:\u00a0<\/p>\n<ul>\n<li>Incrementa la producci\u00f3n de saliva<\/li>\n<li>Se te hace la boca agua<\/li>\n<li>Sabor c\u00edtrico<\/li>\n<li>Tu nuevo esencial en el sexo oral.<\/li>\n<li>13 ml\u00a0<\/li>\n<\/ul>\n<p>La saliva es tu mejor aliada durante el sexo oral. Este spray c\u00edtrico te har\u00e1 la boca agua cuando lo apliques sobre tu lengua \u00a1mas saliva m\u00e1s diversi\u00f3n!\u00a0 Repite el proceso tantas veces como desees.\u00a0<\/p>\n","protected":false},"excerpt":{"rendered":"<p>SLOW SEX MOUTHWATERING SPRAY 13 ML<\/p>\n","protected":false},"featured_media":46132,"template":"","meta":[],"pwb-brand":[51,688],"product_brand":[],"product_cat":[342,337,353,338,346,913],"product_tag":[],"class_list":{"0":"post-28267","1":"product","2":"type-product","3":"status-publish","4":"has-post-thumbnail","6":"pwb-brand-bijoux-indiscrets","7":"pwb-brand-bijoux-indiscretsslow-sex","8":"product_cat-aceites-y-lubricantesaceites-y-cremas-de-masaje","9":"product_cat-aceites-y-lubricantes","10":"product_cat-aceites-y-lubricantesaceites-y-cremas-de-masajeclima-erotico","11":"product_cat-aceites-y-lubricanteslubricantes","12":"product_cat-aceites-y-lubricanteslubricanteslubricantes-comestibles","13":"product_cat-sexo-oral","14":"post_count_is_0","15":"boutique_post_style_4","17":"first","18":"instock","19":"taxable","20":"shipping-taxable","21":"purchasable","22":"product-type-simple","23":"boutique_image_style_2"},"brands":[{"id":51,"name":"BIJOUX INDISCRETS","slug":"bijoux-indiscrets"},{"id":688,"name":"SLOW SEX","slug":"bijoux-indiscretsslow-sex"}],"_links":{"self":[{"href":"https:\/\/www.pussycatmerida.com\/eshop\/wp-json\/wp\/v2\/product\/28267","targetHints":{"allow":["GET"]}}],"collection":[{"href":"https:\/\/www.pussycatmerida.com\/eshop\/wp-json\/wp\/v2\/product"}],"about":[{"href":"https:\/\/www.pussycatmerida.com\/eshop\/wp-json\/wp\/v2\/types\/product"}],"wp:featuredmedia":[{"embeddable":true,"href":"https:\/\/www.pussycatmerida.com\/eshop\/wp-json\/wp\/v2\/media\/46132"}],"wp:attachment":[{"href":"https:\/\/www.pussycatmerida.com\/eshop\/wp-json\/wp\/v2\/media?parent=28267"}],"wp:term":[{"taxonomy":"pwb-brand","embeddable":true,"href":"https:\/\/www.pussycatmerida.com\/eshop\/wp-json\/wp\/v2\/pwb-brand?post=28267"},{"taxonomy":"product_brand","embeddable":true,"href":"https:\/\/www.pussycatmerida.com\/eshop\/wp-json\/wp\/v2\/product_brand?post=28267"},{"taxonomy":"product_cat","embeddable":true,"href":"https:\/\/www.pussycatmerida.com\/eshop\/wp-json\/wp\/v2\/product_cat?post=28267"},{"taxonomy":"product_tag","embeddable":true,"href":"https:\/\/www.pussycatmerida.com\/eshop\/wp-json\/wp\/v2\/product_tag?post=28267"}],"curies":[{"name":"wp","href":"https:\/\/api.w.org\/{rel}","templated":true}]}}