{"id":28268,"date":"2021-02-26T14:26:24","date_gmt":"2021-02-26T12:26:24","guid":{"rendered":"https:\/\/www.pussycatmerida.com\/eshop\/product\/slow-sex-balsamo-estimulante-para-clitoris-10-ml\/"},"modified":"2026-03-11T12:26:34","modified_gmt":"2026-03-11T11:26:34","slug":"slow-sex-balsamo-estimulante-para-clitoris-10-ml","status":"publish","type":"product","link":"https:\/\/www.pussycatmerida.com\/eshop\/producto\/slow-sex-balsamo-estimulante-para-clitoris-10-ml\/","title":{"rendered":"SLOW SEX BALSAMO ESTIMULANTE PARA CLITORIS 10 ML"},"content":{"rendered":"<p>Bijoux presenta SLOW SEX, una l\u00ednea de cosm\u00e9tica er\u00f3tica que promueve el placer real, desde la primera caricia hasta el \u00faltimo gemido. En un mundo donde lo que m\u00e1s tocamos son las pantallas de nuestro m\u00f3viles y la vida se escapa entre prisas y estr\u00e9s, SLOW SEX es un invitaci\u00f3n a disfrutar del buen sexo, concentr\u00e1ndote en lo que realmente importa: el placer.\u00a0<\/p>\n<p>SLOW SEX aparta los prejuicios para descubir nuevos placeres: jugar y saborear esos preciados momentos sin preconcepciones.\u00a0<\/p>\n<p>Combina ingredientes naturales con f\u00f3rmulas patentadas y adem\u00e1s \u00a1salva el planeta practicando sexo! ya que los envases de SLOW SEX est\u00e1n fabricados con aluminio, cristal, papel y una peque\u00f1a cantidad de pl\u00e1stico recicable.\u00a0<\/p>\n<p>Adem\u00e1s tienen un delicioso aroma a coco y un tama\u00f1o perfecto para que puedas viajar sin necesidad de facturar.<\/p>\n<p>El Clitoral Balm:\u00a0<\/p>\n<ul>\n<li>Efecto calor<\/li>\n<li>Estimulante\u00a0<\/li>\n<li>R\u00e1pida absorci\u00f3n\u00a0<\/li>\n<li>Potenciador\u00a0del orgasmo\u00a0<\/li>\n<li>Aroma coco\u00a0<\/li>\n<li>10 ml\u00a0<\/li>\n<\/ul>\n<p>Conc\u00e9ntrate en lo que m\u00e1s importante \u00a1tu placer! Aplica una peque\u00f1a\u00a0 cantidad directamente en el cl\u00edtoris y masajea levemente. Empezar\u00e1s a notar su efecto calor a los pocos segundos \u00a1Que empiece el juego!\u00a0<\/p>\n","protected":false},"excerpt":{"rendered":"<p>SLOW SEX CLITORAL BALM 10 ML<\/p>\n","protected":false},"featured_media":46795,"template":"","meta":[],"pwb-brand":[51,688],"product_brand":[],"product_cat":[337,359,361],"product_tag":[],"class_list":{"0":"post-28268","1":"product","2":"type-product","3":"status-publish","4":"has-post-thumbnail","6":"pwb-brand-bijoux-indiscrets","7":"pwb-brand-bijoux-indiscretsslow-sex","8":"product_cat-aceites-y-lubricantes","9":"product_cat-aceites-y-lubricantesorgasmo-femenino","10":"product_cat-aceites-y-lubricantesorgasmo-femeninopotenciador-orgasmo-femenino","11":"post_count_is_0","12":"boutique_post_style_4","14":"first","15":"instock","16":"taxable","17":"shipping-taxable","18":"purchasable","19":"product-type-simple","20":"boutique_image_style_2"},"brands":[{"id":51,"name":"BIJOUX INDISCRETS","slug":"bijoux-indiscrets"},{"id":688,"name":"SLOW SEX","slug":"bijoux-indiscretsslow-sex"}],"_links":{"self":[{"href":"https:\/\/www.pussycatmerida.com\/eshop\/wp-json\/wp\/v2\/product\/28268","targetHints":{"allow":["GET"]}}],"collection":[{"href":"https:\/\/www.pussycatmerida.com\/eshop\/wp-json\/wp\/v2\/product"}],"about":[{"href":"https:\/\/www.pussycatmerida.com\/eshop\/wp-json\/wp\/v2\/types\/product"}],"wp:featuredmedia":[{"embeddable":true,"href":"https:\/\/www.pussycatmerida.com\/eshop\/wp-json\/wp\/v2\/media\/46795"}],"wp:attachment":[{"href":"https:\/\/www.pussycatmerida.com\/eshop\/wp-json\/wp\/v2\/media?parent=28268"}],"wp:term":[{"taxonomy":"pwb-brand","embeddable":true,"href":"https:\/\/www.pussycatmerida.com\/eshop\/wp-json\/wp\/v2\/pwb-brand?post=28268"},{"taxonomy":"product_brand","embeddable":true,"href":"https:\/\/www.pussycatmerida.com\/eshop\/wp-json\/wp\/v2\/product_brand?post=28268"},{"taxonomy":"product_cat","embeddable":true,"href":"https:\/\/www.pussycatmerida.com\/eshop\/wp-json\/wp\/v2\/product_cat?post=28268"},{"taxonomy":"product_tag","embeddable":true,"href":"https:\/\/www.pussycatmerida.com\/eshop\/wp-json\/wp\/v2\/product_tag?post=28268"}],"curies":[{"name":"wp","href":"https:\/\/api.w.org\/{rel}","templated":true}]}}