{"id":28269,"date":"2021-02-26T14:27:02","date_gmt":"2021-02-26T12:27:02","guid":{"rendered":"https:\/\/www.pussycatmerida.com\/eshop\/product\/slow-sex-gel-estimulante-pezones-10-ml\/"},"modified":"2026-03-11T12:26:35","modified_gmt":"2026-03-11T11:26:35","slug":"slow-sex-gel-estimulante-pezones-10-ml","status":"publish","type":"product","link":"https:\/\/www.pussycatmerida.com\/eshop\/producto\/slow-sex-gel-estimulante-pezones-10-ml\/","title":{"rendered":"SLOW SEX GEL ESTIMULANTE PEZONES 10 ML"},"content":{"rendered":"<p>Bijoux presenta SLOW SEX, una l\u00ednea de cosm\u00e9tica er\u00f3tica que promueve el placer real, desde la primera caricia hasta el \u00faltimo gemido. En un mundo donde lo que m\u00e1s tocamos son las pantallas de nuestro m\u00f3viles y la vida se escapa entre prisas y estr\u00e9s, SLOW SEX es un invitaci\u00f3n a disfrutar del buen sexo, concentr\u00e1ndote en lo que realmente importa: el placer.\u00a0<\/p>\n<p>SLOW SEX aparta los prejuicios para descubir nuevos placeres: jugar y saborear esos preciados momentos sin preconcepciones.\u00a0<\/p>\n<p>Combina ingredientes naturales con f\u00f3rmulas patentadas y adem\u00e1s \u00a1salva el planeta practicando sexo! ya que los envases de SLOW SEX est\u00e1n fabricados con aluminio, cristal, papel y una peque\u00f1a cantidad de pl\u00e1stico recicable.\u00a0<\/p>\n<p>Adem\u00e1s tienen un delicioso aroma a coco y un tama\u00f1o perfecto para que puedas viajar sin necesidad de facturar.<\/p>\n<p>El Nipple play gel:\u00a0<\/p>\n<ul>\n<li>Efecto frio\u00a0<\/li>\n<li>Kissable<\/li>\n<li>Sabor a coco\u00a0<\/li>\n<li>10 ml\u00a0<\/li>\n<\/ul>\n<p>Este gel combinado con su aplicador met\u00e1lico te har\u00e1n sentir escalofrios. Aplicad una peque\u00f1a cantidad sobre el pez\u00f3n cuando te lo besen se transferir\u00e1 a los labios y de all\u00ed a todos los rincones que se besen despu\u00e9s. Potencia su efecto frio guardandolo en la nevera unos minutos antes de usarlo.\u00a0<\/p>\n","protected":false},"excerpt":{"rendered":"<p>SLOW SEX NIPPLE PLAY GEL 10 ML<\/p>\n","protected":false},"featured_media":46862,"template":"","meta":[],"pwb-brand":[51,688],"product_brand":[],"product_cat":[342,337,328,359,364,361,334,913],"product_tag":[],"class_list":{"0":"post-28269","1":"product","2":"type-product","3":"status-publish","4":"has-post-thumbnail","6":"pwb-brand-bijoux-indiscrets","7":"pwb-brand-bijoux-indiscretsslow-sex","8":"product_cat-aceites-y-lubricantesaceites-y-cremas-de-masaje","9":"product_cat-aceites-y-lubricantes","10":"product_cat-afrodisiacos","11":"product_cat-aceites-y-lubricantesorgasmo-femenino","12":"product_cat-aceites-y-lubricantesorgasmo-femeninopara-los-senos","13":"product_cat-aceites-y-lubricantesorgasmo-femeninopotenciador-orgasmo-femenino","14":"product_cat-afrodisiacossensibilizantes","15":"product_cat-sexo-oral","16":"post_count_is_0","17":"boutique_post_style_4","19":"first","20":"instock","21":"taxable","22":"shipping-taxable","23":"purchasable","24":"product-type-simple","25":"boutique_image_style_2"},"brands":[{"id":51,"name":"BIJOUX INDISCRETS","slug":"bijoux-indiscrets"},{"id":688,"name":"SLOW SEX","slug":"bijoux-indiscretsslow-sex"}],"_links":{"self":[{"href":"https:\/\/www.pussycatmerida.com\/eshop\/wp-json\/wp\/v2\/product\/28269","targetHints":{"allow":["GET"]}}],"collection":[{"href":"https:\/\/www.pussycatmerida.com\/eshop\/wp-json\/wp\/v2\/product"}],"about":[{"href":"https:\/\/www.pussycatmerida.com\/eshop\/wp-json\/wp\/v2\/types\/product"}],"wp:featuredmedia":[{"embeddable":true,"href":"https:\/\/www.pussycatmerida.com\/eshop\/wp-json\/wp\/v2\/media\/46862"}],"wp:attachment":[{"href":"https:\/\/www.pussycatmerida.com\/eshop\/wp-json\/wp\/v2\/media?parent=28269"}],"wp:term":[{"taxonomy":"pwb-brand","embeddable":true,"href":"https:\/\/www.pussycatmerida.com\/eshop\/wp-json\/wp\/v2\/pwb-brand?post=28269"},{"taxonomy":"product_brand","embeddable":true,"href":"https:\/\/www.pussycatmerida.com\/eshop\/wp-json\/wp\/v2\/product_brand?post=28269"},{"taxonomy":"product_cat","embeddable":true,"href":"https:\/\/www.pussycatmerida.com\/eshop\/wp-json\/wp\/v2\/product_cat?post=28269"},{"taxonomy":"product_tag","embeddable":true,"href":"https:\/\/www.pussycatmerida.com\/eshop\/wp-json\/wp\/v2\/product_tag?post=28269"}],"curies":[{"name":"wp","href":"https:\/\/api.w.org\/{rel}","templated":true}]}}