{"id":28483,"date":"2021-03-01T10:35:10","date_gmt":"2021-03-01T08:35:10","guid":{"rendered":"https:\/\/www.pussycatmerida.com\/eshop\/product\/experience-bdsm-fetish-kit-serie-purple\/"},"modified":"2026-03-11T12:39:17","modified_gmt":"2026-03-11T11:39:17","slug":"experience-bdsm-fetish-kit-serie-purple","status":"publish","type":"product","link":"https:\/\/www.pussycatmerida.com\/eshop\/producto\/experience-bdsm-fetish-kit-serie-purple\/","title":{"rendered":"EXPERIENCE BDSM FETISH KIT SERIE PURPLE"},"content":{"rendered":"<p>BDSM es una palabra abreviada que aglutina las iniciales de las siguientes palabras: Bondage, Disciplina, Sumisi\u00f3n y Masoquismo.<\/p>\n<p>El BDSM se basa en una serie de comportamientos y acciones sexuales libremente aceptadas y consensuadas por los participantes. Utilizamos sao o sadomasoquismo muchas veces para definir las pr\u00e1cticas BDSM, caso error. La principal caracter\u00edstica de esta alternativa sexual es el respeto y la libertad de cada participante.<\/p>\n<p>Con Experience tendr\u00e1s todo lo necesario para practicar BDSM en este set Bondage; todo de cuero sint\u00e9tico, todo de color\u00a0 lila. Y es que no os faltar\u00e1 de nada ya se\u00e1is principiantes o jugadores avanzados. No os lo cre\u00e9is?<\/p>\n<p>El set Incluye 8 piezas \u00fanicas:<\/p>\n<ul>\n<li>Mordaza transpirable<\/li>\n<li>Juego de esposas leather mano color Lila<\/li>\n<li>Juego de esposas leather tobillos color LIla<\/li>\n<li>Pala azotadora<\/li>\n<li>M\u00e1scara<\/li>\n<li>Pezoneras<\/li>\n<li>Cuerdas de 5 metros longitud<\/li>\n<li>Plumas excitantes color Lila<\/li>\n<\/ul>\n<p>Mantente atento<\/p>\n<p>Entremos en el significado del bondage. Debes estar pendiente en todo momento a las necesidades tuyas y de tu pareja. Si sientes que alguno est\u00e1 teniendo complicaciones, para y pregunta si est\u00e1 bien.<\/p>\n<p>Una buena idea es establecer una palabra clave o se\u00f1a, que puede ser cualquiera, para dar a entender a la pareja que quiere parar o que vaya con m\u00e1s calma.<\/p>\n<p>Con el Kit Experience Black te aseguras una experiencia segura con un resultado excitante.<\/p>\n","protected":false},"excerpt":{"rendered":"<p>EXPERIENCE BDSM FETISH KIT PURPLE SERIES<\/p>\n","protected":false},"featured_media":57235,"template":"","meta":[],"pwb-brand":[837],"product_brand":[],"product_cat":[423,282,274,290],"product_tag":[],"class_list":{"0":"post-28483","1":"product","2":"type-product","3":"status-publish","4":"has-post-thumbnail","6":"pwb-brand-experience","7":"product_cat-juguetes-sexuales-xxxfetish-bondagebdsm-accesorios","8":"product_cat-juguetes-sexuales-xxxfetish-bondage","9":"product_cat-juguetes-sexuales-xxx","10":"product_cat-juguetes-sexuales-xxxkits-juguetes-sexuales","11":"post_count_is_0","12":"boutique_post_style_4","14":"first","15":"instock","16":"taxable","17":"shipping-taxable","18":"purchasable","19":"product-type-simple","20":"boutique_image_style_2"},"brands":[{"id":837,"name":"EXPERIENCE","slug":"experience"}],"_links":{"self":[{"href":"https:\/\/www.pussycatmerida.com\/eshop\/wp-json\/wp\/v2\/product\/28483","targetHints":{"allow":["GET"]}}],"collection":[{"href":"https:\/\/www.pussycatmerida.com\/eshop\/wp-json\/wp\/v2\/product"}],"about":[{"href":"https:\/\/www.pussycatmerida.com\/eshop\/wp-json\/wp\/v2\/types\/product"}],"wp:featuredmedia":[{"embeddable":true,"href":"https:\/\/www.pussycatmerida.com\/eshop\/wp-json\/wp\/v2\/media\/57235"}],"wp:attachment":[{"href":"https:\/\/www.pussycatmerida.com\/eshop\/wp-json\/wp\/v2\/media?parent=28483"}],"wp:term":[{"taxonomy":"pwb-brand","embeddable":true,"href":"https:\/\/www.pussycatmerida.com\/eshop\/wp-json\/wp\/v2\/pwb-brand?post=28483"},{"taxonomy":"product_brand","embeddable":true,"href":"https:\/\/www.pussycatmerida.com\/eshop\/wp-json\/wp\/v2\/product_brand?post=28483"},{"taxonomy":"product_cat","embeddable":true,"href":"https:\/\/www.pussycatmerida.com\/eshop\/wp-json\/wp\/v2\/product_cat?post=28483"},{"taxonomy":"product_tag","embeddable":true,"href":"https:\/\/www.pussycatmerida.com\/eshop\/wp-json\/wp\/v2\/product_tag?post=28483"}],"curies":[{"name":"wp","href":"https:\/\/api.w.org\/{rel}","templated":true}]}}