{"id":28596,"date":"2021-02-26T15:37:32","date_gmt":"2021-02-26T13:37:32","guid":{"rendered":"https:\/\/www.pussycatmerida.com\/eshop\/product\/satisfyer-men-wand\/"},"modified":"2026-03-11T12:27:16","modified_gmt":"2026-03-11T11:27:16","slug":"satisfyer-men-wand","status":"publish","type":"product","link":"https:\/\/www.pussycatmerida.com\/eshop\/producto\/satisfyer-men-wand\/","title":{"rendered":"SATISFYER MEN WAND"},"content":{"rendered":"<p>DALE ALAS A LOS SENTIDOS El vibrador Satisfyer Men Wand hace honor a su nombre: \u00a1esta varita m\u00e1gica irradia aut\u00e9ntica magia y seduce tu parte m\u00e1s sensible de manera irresistible! Con su innovador dise\u00f1o alado, este masturbador revolucionario es un fiel compa\u00f1ero para el hombre moderno. Este art\u00edculo imprescindible destaca por sus 35 programas de vibraci\u00f3n, un tacto especialmente delicado y una manipulaci\u00f3n ergon\u00f3mica.<\/p>\n<p>Las dos suaves alas del vibrador Wand son muy flexibles y d\u00factiles, por lo que rodean tu pene con firmeza y seguridad.<\/p>\n<p>En cada movimiento de subida y bajada notar\u00e1s los detalles estriados, dispuesto a agasajarte con una sensual estimulaci\u00f3n. Adem\u00e1s, el mango ergon\u00f3mico se adapta perfectamente a la mano.<\/p>\n<p>El juguete entero es de silicona de alta calidad, por lo que este amante de tacto sedoso deja una sensaci\u00f3n de suavidad en toda tu piel. Pero tambi\u00e9n te convencer\u00e1n sus valores internos: 5 excitantes programas de vibraci\u00f3n que pueden combinarse con 7 intensidades tan solo pulsando un bot\u00f3n: \u00a1entr\u00e9gate al placer, el vibrador Satisfyer Men Wand te ofrece el modo de vibraci\u00f3n \u00f3ptimo sea cual sea tu deseo!<\/p>\n<p>Este chicarr\u00f3n tampoco se asusta del agua: gracias a su acabado impermeable, te acompa\u00f1ar\u00e1 encantado a tus aventuras m\u00e1s salvajes en la ducha o la ba\u00f1era.<\/p>\n<ul>\n<li>Silicona m\u00e9dica<\/li>\n<li>50 intensos programas de vibraci\u00f3n<\/li>\n<li>Alas de estimulaci\u00f3n flexibles<\/li>\n<li>Acabado impermeable<\/li>\n<li>Recargable, incl. cable<\/li>\n<li>USB de carga<\/li>\n<li>Longitud: 200 mm<\/li>\n<li>Anchura: 57-75 mm<\/li>\n<li>Bater\u00eda: Bater\u00eda<\/li>\n<li>Material: Pl\u00e1stico ABS, Silicona<\/li>\n<li>Color: Negro<\/li>\n<li>Resistente al agua:<\/li>\n<\/ul>\n","protected":false},"excerpt":{"rendered":"<p>SATISFYER MEN WAND<\/p>\n","protected":false},"featured_media":53358,"template":"","meta":[],"pwb-brand":[43],"product_brand":[],"product_cat":[275,951,274,293,306,299],"product_tag":[],"class_list":{"0":"post-28596","1":"product","2":"type-product","3":"status-publish","4":"has-post-thumbnail","6":"pwb-brand-satisfyer","7":"product_cat-juguetes-sexuales-xxxacuaticos","8":"product_cat-dia-del-padre","9":"product_cat-juguetes-sexuales-xxx","10":"product_cat-juguetes-sexuales-xxxmasturbadores-para-ellos","11":"product_cat-juguetes-sexuales-xxxpara-el","12":"product_cat-juguetes-sexuales-xxxvibradores","13":"post_count_is_0","14":"boutique_post_style_4","16":"first","17":"instock","18":"taxable","19":"shipping-taxable","20":"purchasable","21":"product-type-simple","22":"boutique_image_style_2"},"brands":[{"id":43,"name":"SATISFYER","slug":"satisfyer"}],"_links":{"self":[{"href":"https:\/\/www.pussycatmerida.com\/eshop\/wp-json\/wp\/v2\/product\/28596","targetHints":{"allow":["GET"]}}],"collection":[{"href":"https:\/\/www.pussycatmerida.com\/eshop\/wp-json\/wp\/v2\/product"}],"about":[{"href":"https:\/\/www.pussycatmerida.com\/eshop\/wp-json\/wp\/v2\/types\/product"}],"wp:featuredmedia":[{"embeddable":true,"href":"https:\/\/www.pussycatmerida.com\/eshop\/wp-json\/wp\/v2\/media\/53358"}],"wp:attachment":[{"href":"https:\/\/www.pussycatmerida.com\/eshop\/wp-json\/wp\/v2\/media?parent=28596"}],"wp:term":[{"taxonomy":"pwb-brand","embeddable":true,"href":"https:\/\/www.pussycatmerida.com\/eshop\/wp-json\/wp\/v2\/pwb-brand?post=28596"},{"taxonomy":"product_brand","embeddable":true,"href":"https:\/\/www.pussycatmerida.com\/eshop\/wp-json\/wp\/v2\/product_brand?post=28596"},{"taxonomy":"product_cat","embeddable":true,"href":"https:\/\/www.pussycatmerida.com\/eshop\/wp-json\/wp\/v2\/product_cat?post=28596"},{"taxonomy":"product_tag","embeddable":true,"href":"https:\/\/www.pussycatmerida.com\/eshop\/wp-json\/wp\/v2\/product_tag?post=28596"}],"curies":[{"name":"wp","href":"https:\/\/api.w.org\/{rel}","templated":true}]}}