{"id":28746,"date":"2021-03-01T13:12:13","date_gmt":"2021-03-01T11:12:13","guid":{"rendered":"https:\/\/www.pussycatmerida.com\/eshop\/product\/lelo-ora-3-midnight-blue\/"},"modified":"2026-03-11T12:38:08","modified_gmt":"2026-03-11T11:38:08","slug":"lelo-ora-3-midnight-blue","status":"publish","type":"product","link":"https:\/\/www.pussycatmerida.com\/eshop\/producto\/lelo-ora-3-midnight-blue\/","title":{"rendered":"LELO ORA 3 MIDNIGHT BLUE"},"content":{"rendered":"<p>El sofisticado simulador de sexo oral de LELO caus\u00f3 impresi\u00f3n en 2014, ganando sendos premios internacionales en Cannes Lions y A-Design Awards, en ambos, como mejor Dise\u00f1o de Producto. ORA\u2122 3 es la versi\u00f3n perfeccionada que, ahora, tiene una lengua m\u00e1s grande, r\u00e1pida y firme y replica con mayor precisi\u00f3n la anhelada estimulaci\u00f3n de un cunnilingus casi perfecto, casi infinito.<\/p>\n<p>LENGUA CON ROTACI\u00d3N M\u00c1S GRANDE, M\u00c1S FIRME, M\u00c1S FLEXIBLE<\/p>\n<ul>\n<li>Para que nada se interponga en la b\u00fasqueda del cl\u00edmax m\u00e1s intenso Con 12 patrones de vibraci\u00f3n para simular el sexo oral m\u00e1s placentero<\/li>\n<\/ul>\n<p>SILICONA EXTRA-SUAVE<\/p>\n<ul>\n<li>Con silicona pr\u00e9mium extra-suave y biocompatible<\/li>\n<\/ul>\n<p>TECNOLOG\u00cdA PREMOTION\u2122<\/p>\n<ul>\n<li>Con un movimiento m\u00e1s firme y preciso, para una simulaci\u00f3n de sexo oral un 25% m\u00e1s r\u00e1pida<\/li>\n<\/ul>\n<p>Eleva a nuevas cotas sensuales tus momentos \u00edntimos con ORA\u2122 3, el premiado simulador de sexo oral, ahora perfeccionado. Y del\u00e9itate en las mieles de un cunnilingus ilustrado y casi eterno, gracias a su potencia y lengua mejorada.<\/p>\n<ul>\n<li>12 potentes modos de vibraci\u00f3n<\/li>\n<li>Una lengua m\u00e1s r\u00e1pida para un placer total<\/li>\n<li>Silicona pr\u00e9mium extra-suave<\/li>\n<li>100% sumergible y recargable por USB<\/li>\n<li>1 a\u00f1o de garant\u00eda y 10 a\u00f1os de garant\u00eda de calidad<\/li>\n<\/ul>\n<p>Qu\u00e9 es la tecnolog\u00eda PreMotion\u2122?<\/p>\n<p>ORA\u2122 3 viene con tecnolog\u00eda PreMotion\u2122 para ofrecerte una simulaci\u00f3n de sexo oral m\u00e1s real, gracias a un movimiento m\u00e1s firme y preciso y un 25% m\u00e1s de velocidad.<\/p>\n<p>ESPECIFICACIONES<\/p>\n<ul>\n<li>Material: Silicona, PC, ABS.<\/li>\n<li>Tama\u00f1o: 83.5 x 88 x 43.5mm<\/li>\n<li>Peso: 130g<\/li>\n<li>Bater\u00eda: Li-Ion 420mA 3.7V<\/li>\n<li>Carga: 2 horas a 5.0V 400mA<\/li>\n<li>En uso: hasta 1 hora<\/li>\n<li>En espera: 90 dias<\/li>\n<li>Frecuencia: 100Hz<\/li>\n<li>Interfaz: 3 botones<\/li>\n<\/ul>\n","protected":false},"excerpt":{"rendered":"<p>LELO ORA 3 MIDNIGHT BLUE<\/p>\n","protected":false},"featured_media":61527,"template":"","meta":[],"pwb-brand":[40],"product_brand":[],"product_cat":[275,288,274,434],"product_tag":[],"class_list":{"0":"post-28746","1":"product","2":"type-product","3":"status-publish","4":"has-post-thumbnail","6":"pwb-brand-lelo","7":"product_cat-juguetes-sexuales-xxxacuaticos","8":"product_cat-juguetes-sexuales-xxxestimuladores","9":"product_cat-juguetes-sexuales-xxx","10":"product_cat-juguetes-sexuales-xxxestimuladorespara-clitoris","11":"post_count_is_0","12":"boutique_post_style_4","14":"first","15":"instock","16":"taxable","17":"shipping-taxable","18":"purchasable","19":"product-type-simple","20":"boutique_image_style_2"},"brands":[{"id":40,"name":"LELO","slug":"lelo"}],"_links":{"self":[{"href":"https:\/\/www.pussycatmerida.com\/eshop\/wp-json\/wp\/v2\/product\/28746","targetHints":{"allow":["GET"]}}],"collection":[{"href":"https:\/\/www.pussycatmerida.com\/eshop\/wp-json\/wp\/v2\/product"}],"about":[{"href":"https:\/\/www.pussycatmerida.com\/eshop\/wp-json\/wp\/v2\/types\/product"}],"wp:featuredmedia":[{"embeddable":true,"href":"https:\/\/www.pussycatmerida.com\/eshop\/wp-json\/wp\/v2\/media\/61527"}],"wp:attachment":[{"href":"https:\/\/www.pussycatmerida.com\/eshop\/wp-json\/wp\/v2\/media?parent=28746"}],"wp:term":[{"taxonomy":"pwb-brand","embeddable":true,"href":"https:\/\/www.pussycatmerida.com\/eshop\/wp-json\/wp\/v2\/pwb-brand?post=28746"},{"taxonomy":"product_brand","embeddable":true,"href":"https:\/\/www.pussycatmerida.com\/eshop\/wp-json\/wp\/v2\/product_brand?post=28746"},{"taxonomy":"product_cat","embeddable":true,"href":"https:\/\/www.pussycatmerida.com\/eshop\/wp-json\/wp\/v2\/product_cat?post=28746"},{"taxonomy":"product_tag","embeddable":true,"href":"https:\/\/www.pussycatmerida.com\/eshop\/wp-json\/wp\/v2\/product_tag?post=28746"}],"curies":[{"name":"wp","href":"https:\/\/api.w.org\/{rel}","templated":true}]}}