{"id":28796,"date":"2021-03-01T11:29:24","date_gmt":"2021-03-01T09:29:24","guid":{"rendered":"https:\/\/www.pussycatmerida.com\/eshop\/product\/addicted-toys-anal-beads-29cm-negro\/"},"modified":"2026-03-11T12:40:41","modified_gmt":"2026-03-11T11:40:41","slug":"addicted-toys-anal-beads-29cm-negro","status":"publish","type":"product","link":"https:\/\/www.pussycatmerida.com\/eshop\/producto\/addicted-toys-anal-beads-29cm-negro\/","title":{"rendered":"ADDICTED TOYS ANAL BEADS 29CM NEGRO"},"content":{"rendered":"<p>Est\u00e1s preparado para disfrutar del sexo anal? Ahora Addicted toys te lo pone f\u00e1cil con esta cadena de bolas anales para que puedas disfrutar c\u00f3mo nunca.<\/p>\n<p>Cuentan con 8 bolas que van aumentando de tama\u00f1o seg\u00fan se van adentrando en tu interior, de tacto suave y con anilla para facilitar su extracci\u00f3n y jugar de forma segura.<\/p>\n<p>En una de las cadenas las bolas son redondeadas, para una mejor inserci\u00f3n para principiantes.<\/p>\n<p>Caracter\u00edsticas:<\/p>\n<ul>\n<li>Cadena de bolas anales perfecta para principiantes<\/li>\n<li>Material: tpr suave y sedoso<\/li>\n<li>Ideal para principiantes y avanzados<\/li>\n<li>F\u00e1cil de limpiar<\/li>\n<li>Anillas de extracci\u00f3n f\u00e1cil<\/li>\n<li>Longitud total: 29 cm<\/li>\n<\/ul>\n","protected":false},"excerpt":{"rendered":"<p>ADDICTED TOYS ANAL BEADS 29CM BLACK<\/p>\n","protected":false},"featured_media":59185,"template":"","meta":[],"pwb-brand":[464],"product_brand":[],"product_cat":[280,906,274],"product_tag":[],"class_list":{"0":"post-28796","1":"product","2":"type-product","3":"status-publish","4":"has-post-thumbnail","6":"pwb-brand-addicted-toys","7":"product_cat-juguetes-sexuales-xxxanal","8":"product_cat-bolas-y-cadenas-anales","9":"product_cat-juguetes-sexuales-xxx","10":"post_count_is_0","11":"boutique_post_style_4","13":"first","14":"instock","15":"taxable","16":"shipping-taxable","17":"purchasable","18":"product-type-simple","19":"boutique_image_style_2"},"brands":[{"id":464,"name":"ADDICTED TOYS","slug":"addicted-toys"}],"_links":{"self":[{"href":"https:\/\/www.pussycatmerida.com\/eshop\/wp-json\/wp\/v2\/product\/28796","targetHints":{"allow":["GET"]}}],"collection":[{"href":"https:\/\/www.pussycatmerida.com\/eshop\/wp-json\/wp\/v2\/product"}],"about":[{"href":"https:\/\/www.pussycatmerida.com\/eshop\/wp-json\/wp\/v2\/types\/product"}],"wp:featuredmedia":[{"embeddable":true,"href":"https:\/\/www.pussycatmerida.com\/eshop\/wp-json\/wp\/v2\/media\/59185"}],"wp:attachment":[{"href":"https:\/\/www.pussycatmerida.com\/eshop\/wp-json\/wp\/v2\/media?parent=28796"}],"wp:term":[{"taxonomy":"pwb-brand","embeddable":true,"href":"https:\/\/www.pussycatmerida.com\/eshop\/wp-json\/wp\/v2\/pwb-brand?post=28796"},{"taxonomy":"product_brand","embeddable":true,"href":"https:\/\/www.pussycatmerida.com\/eshop\/wp-json\/wp\/v2\/product_brand?post=28796"},{"taxonomy":"product_cat","embeddable":true,"href":"https:\/\/www.pussycatmerida.com\/eshop\/wp-json\/wp\/v2\/product_cat?post=28796"},{"taxonomy":"product_tag","embeddable":true,"href":"https:\/\/www.pussycatmerida.com\/eshop\/wp-json\/wp\/v2\/product_tag?post=28796"}],"curies":[{"name":"wp","href":"https:\/\/api.w.org\/{rel}","templated":true}]}}