{"id":28808,"date":"2021-02-24T14:28:40","date_gmt":"2021-02-24T12:28:40","guid":{"rendered":"https:\/\/www.pussycatmerida.com\/eshop\/product\/addicted-toys-dildo-con-arnes-sin-sujecion-natural\/"},"modified":"2026-03-11T12:27:00","modified_gmt":"2026-03-11T11:27:00","slug":"addicted-toys-dildo-con-arnes-sin-sujecion-natural","status":"publish","type":"product","link":"https:\/\/www.pussycatmerida.com\/eshop\/producto\/addicted-toys-dildo-con-arnes-sin-sujecion-natural\/","title":{"rendered":"ADDICTED TOYS DILDO CON ARN\u00c9S SIN SUJECI\u00d3N NATURAL"},"content":{"rendered":"<p>Este sensacional consolador no requiere arn\u00e9s, por lo que nada se interpondr\u00e1 entre tu amante y t\u00fa, a excepci\u00f3n de vuestro propio placer intenso juntos.<\/p>\n<p>Completamente sin tirantes, se mantiene en su lugar con una sonda curvil\u00ednea, insertable y curvada, que ofrece una deliciosa estimulaci\u00f3n del punto G para el usuario. El extremo acanalado m\u00e1s largo se usa para penetrar a tu pareja masculina o femenina.<\/p>\n<p>Hecho de goma termopl\u00e1stica s\u00faper TPR y silicona\u00a0flexible con un acabado de tacto, este juguete sexual tiene una parte curva de estimulaci\u00f3n del punto G de 6.8 cm mientras que el extremo penetrante mide 18 cm.<\/p>\n<p>Caracter\u00edsticas:<\/p>\n<ul>\n<li>Dimensiones del producto: 26 cm total<\/li>\n<li>Longitud dildo peque\u00f1o; 11.5cm<\/li>\n<li>Longitud dildo grande; \u00a018 cm<\/li>\n<li>Resistente al agua.<\/li>\n<li>Silicona y tpr<\/li>\n<li>Sin ftalatos.<\/li>\n<\/ul>\n","protected":false},"excerpt":{"rendered":"<p>ADDICTED TOYS STRAPLESS STRAPON FLESH<\/p>\n","protected":false},"featured_media":32721,"template":"","meta":[],"pwb-brand":[464],"product_brand":[],"product_cat":[918,278,274],"product_tag":[],"class_list":{"0":"post-28808","1":"product","2":"type-product","3":"status-publish","4":"has-post-thumbnail","6":"pwb-brand-addicted-toys","7":"product_cat-arnes-doble","8":"product_cat-juguetes-sexuales-xxxarneses","9":"product_cat-juguetes-sexuales-xxx","10":"post_count_is_0","11":"boutique_post_style_4","13":"first","14":"instock","15":"taxable","16":"shipping-taxable","17":"purchasable","18":"product-type-simple","19":"boutique_image_style_2"},"brands":[{"id":464,"name":"ADDICTED TOYS","slug":"addicted-toys"}],"_links":{"self":[{"href":"https:\/\/www.pussycatmerida.com\/eshop\/wp-json\/wp\/v2\/product\/28808","targetHints":{"allow":["GET"]}}],"collection":[{"href":"https:\/\/www.pussycatmerida.com\/eshop\/wp-json\/wp\/v2\/product"}],"about":[{"href":"https:\/\/www.pussycatmerida.com\/eshop\/wp-json\/wp\/v2\/types\/product"}],"wp:featuredmedia":[{"embeddable":true,"href":"https:\/\/www.pussycatmerida.com\/eshop\/wp-json\/wp\/v2\/media\/32721"}],"wp:attachment":[{"href":"https:\/\/www.pussycatmerida.com\/eshop\/wp-json\/wp\/v2\/media?parent=28808"}],"wp:term":[{"taxonomy":"pwb-brand","embeddable":true,"href":"https:\/\/www.pussycatmerida.com\/eshop\/wp-json\/wp\/v2\/pwb-brand?post=28808"},{"taxonomy":"product_brand","embeddable":true,"href":"https:\/\/www.pussycatmerida.com\/eshop\/wp-json\/wp\/v2\/product_brand?post=28808"},{"taxonomy":"product_cat","embeddable":true,"href":"https:\/\/www.pussycatmerida.com\/eshop\/wp-json\/wp\/v2\/product_cat?post=28808"},{"taxonomy":"product_tag","embeddable":true,"href":"https:\/\/www.pussycatmerida.com\/eshop\/wp-json\/wp\/v2\/product_tag?post=28808"}],"curies":[{"name":"wp","href":"https:\/\/api.w.org\/{rel}","templated":true}]}}