{"id":28811,"date":"2021-02-24T14:25:19","date_gmt":"2021-02-24T12:25:19","guid":{"rendered":"https:\/\/www.pussycatmerida.com\/eshop\/product\/addicted-toys-set-anillos-pene-y-testiculos-clear\/"},"modified":"2026-03-11T12:27:17","modified_gmt":"2026-03-11T11:27:17","slug":"addicted-toys-set-anillos-pene-y-testiculos-clear","status":"publish","type":"product","link":"https:\/\/www.pussycatmerida.com\/eshop\/producto\/addicted-toys-set-anillos-pene-y-testiculos-clear\/","title":{"rendered":"ADDICTED TOYS SET  ANILLOS PENE Y TESTICULOS CLEAR"},"content":{"rendered":"<p>Le gustar\u00eda experimentar un placer intenso? \u00a1Entonces, tiene que tratar de explorar la posibilidad de usar los anillos de placer para el pene! \u00a1Proporcionar\u00e1 a su pene la solidez de fuerza que tanto desea y evitar\u00e1 la eyaculaci\u00f3n precoz! Le encantar\u00e1 la forma de este anillo para el pene, su dise\u00f1o evita que deslicen hacia arriba o hacia abajo, y gracias a su material se adapta a la temperatura del cuerpo muy r\u00e1pidamente.<\/p>\n<p>Con este set de 3 anillas conseguir\u00e1s el efecto deseado de inmediato.<\/p>\n<p>Medidas:<\/p>\n<ul>\n<li>Anillo grande: Di\u00e1metro Exterior: 50mm<\/li>\n<li>Anillo mediano: Di\u00e1metro Exterior: 32mm<\/li>\n<li>Anillo peque\u00f1o: Di\u00e1metro Exterior: 28mm<\/li>\n<\/ul>\n","protected":false},"excerpt":{"rendered":"<p>ADDICTED TOYS RINGS SET FOR PENIS TRANSPARENT<\/p>\n","protected":false},"featured_media":31807,"template":"","meta":[],"pwb-brand":[464],"product_brand":[],"product_cat":[276,903,944,274],"product_tag":[],"class_list":{"0":"post-28811","1":"product","2":"type-product","3":"status-publish","4":"has-post-thumbnail","6":"pwb-brand-addicted-toys","7":"product_cat-juguetes-sexuales-xxxaccesorios-para-el-pene","8":"product_cat-anillos-para-el-pene","9":"product_cat-anillos-sin-vibracion","10":"product_cat-juguetes-sexuales-xxx","11":"post_count_is_0","12":"boutique_post_style_4","14":"first","15":"instock","16":"taxable","17":"shipping-taxable","18":"purchasable","19":"product-type-simple","20":"boutique_image_style_2"},"brands":[{"id":464,"name":"ADDICTED TOYS","slug":"addicted-toys"}],"_links":{"self":[{"href":"https:\/\/www.pussycatmerida.com\/eshop\/wp-json\/wp\/v2\/product\/28811","targetHints":{"allow":["GET"]}}],"collection":[{"href":"https:\/\/www.pussycatmerida.com\/eshop\/wp-json\/wp\/v2\/product"}],"about":[{"href":"https:\/\/www.pussycatmerida.com\/eshop\/wp-json\/wp\/v2\/types\/product"}],"wp:featuredmedia":[{"embeddable":true,"href":"https:\/\/www.pussycatmerida.com\/eshop\/wp-json\/wp\/v2\/media\/31807"}],"wp:attachment":[{"href":"https:\/\/www.pussycatmerida.com\/eshop\/wp-json\/wp\/v2\/media?parent=28811"}],"wp:term":[{"taxonomy":"pwb-brand","embeddable":true,"href":"https:\/\/www.pussycatmerida.com\/eshop\/wp-json\/wp\/v2\/pwb-brand?post=28811"},{"taxonomy":"product_brand","embeddable":true,"href":"https:\/\/www.pussycatmerida.com\/eshop\/wp-json\/wp\/v2\/product_brand?post=28811"},{"taxonomy":"product_cat","embeddable":true,"href":"https:\/\/www.pussycatmerida.com\/eshop\/wp-json\/wp\/v2\/product_cat?post=28811"},{"taxonomy":"product_tag","embeddable":true,"href":"https:\/\/www.pussycatmerida.com\/eshop\/wp-json\/wp\/v2\/product_tag?post=28811"}],"curies":[{"name":"wp","href":"https:\/\/api.w.org\/{rel}","templated":true}]}}