{"id":28817,"date":"2021-02-26T15:37:37","date_gmt":"2021-02-26T13:37:37","guid":{"rendered":"https:\/\/www.pussycatmerida.com\/eshop\/product\/addicted-toys-plug-anal-con-anilla-doble-pene-y-testiculos-negro\/"},"modified":"2026-03-11T12:39:33","modified_gmt":"2026-03-11T11:39:33","slug":"addicted-toys-plug-anal-con-anilla-doble-pene-y-testiculos-negro","status":"publish","type":"product","link":"https:\/\/www.pussycatmerida.com\/eshop\/producto\/addicted-toys-plug-anal-con-anilla-doble-pene-y-testiculos-negro\/","title":{"rendered":"ADDICTED TOYS PLUG ANAL CON ANILLA DOBLE PENE Y TESTICULOS NEGRO"},"content":{"rendered":"<p>Ha visto alguna vez un dilatador anal combinado con un anillo para el pene? Te aseguramos que, si te entusiasma el placer por la retaguardia, esto te va a encantar.<\/p>\n<p>El anillo para el pene te proporcionar\u00e1 la solidez que tanto deseas y el anillo para test\u00edculos te proporcionar\u00e1 una agradable sensaci\u00f3n de presi\u00f3n. Una vez insertado el dilatador anal, disfrutar\u00e1s de su forma y textura caracter\u00edsticas, gracias al material de tpr tacto suave respetuoso con tu cuerpo. El dilatador anal se adapta muy r\u00e1pidamente a la temperatura de tu cuerpo y su punta curvada te transportar\u00e1 a ambientes inimaginables.<\/p>\n<p>Adem\u00e1s, este dilatador dispone de un motor con vibraci\u00f3n que culmina la fuente de placer.<\/p>\n<ul>\n<li>Longitud del Plug: 11,4 cm<\/li>\n<li>Di\u00e1metro del Plug: 4 cm<\/li>\n<\/ul>\n","protected":false},"excerpt":{"rendered":"<p>ADDICTED TOYS BUTT PLUG WITH COCK RING AND BALL-STRAP &#8211; BLACK<\/p>\n","protected":false},"featured_media":53369,"template":"","meta":[],"pwb-brand":[464],"product_brand":[],"product_cat":[276,275,280,274,306,300],"product_tag":[],"class_list":{"0":"post-28817","1":"product","2":"type-product","3":"status-publish","4":"has-post-thumbnail","6":"pwb-brand-addicted-toys","7":"product_cat-juguetes-sexuales-xxxaccesorios-para-el-pene","8":"product_cat-juguetes-sexuales-xxxacuaticos","9":"product_cat-juguetes-sexuales-xxxanal","10":"product_cat-juguetes-sexuales-xxx","11":"product_cat-juguetes-sexuales-xxxpara-el","12":"product_cat-juguetes-sexuales-xxxplugs-anales","13":"post_count_is_0","14":"boutique_post_style_4","16":"first","17":"instock","18":"taxable","19":"shipping-taxable","20":"purchasable","21":"product-type-simple","22":"boutique_image_style_2"},"brands":[{"id":464,"name":"ADDICTED TOYS","slug":"addicted-toys"}],"_links":{"self":[{"href":"https:\/\/www.pussycatmerida.com\/eshop\/wp-json\/wp\/v2\/product\/28817","targetHints":{"allow":["GET"]}}],"collection":[{"href":"https:\/\/www.pussycatmerida.com\/eshop\/wp-json\/wp\/v2\/product"}],"about":[{"href":"https:\/\/www.pussycatmerida.com\/eshop\/wp-json\/wp\/v2\/types\/product"}],"wp:featuredmedia":[{"embeddable":true,"href":"https:\/\/www.pussycatmerida.com\/eshop\/wp-json\/wp\/v2\/media\/53369"}],"wp:attachment":[{"href":"https:\/\/www.pussycatmerida.com\/eshop\/wp-json\/wp\/v2\/media?parent=28817"}],"wp:term":[{"taxonomy":"pwb-brand","embeddable":true,"href":"https:\/\/www.pussycatmerida.com\/eshop\/wp-json\/wp\/v2\/pwb-brand?post=28817"},{"taxonomy":"product_brand","embeddable":true,"href":"https:\/\/www.pussycatmerida.com\/eshop\/wp-json\/wp\/v2\/product_brand?post=28817"},{"taxonomy":"product_cat","embeddable":true,"href":"https:\/\/www.pussycatmerida.com\/eshop\/wp-json\/wp\/v2\/product_cat?post=28817"},{"taxonomy":"product_tag","embeddable":true,"href":"https:\/\/www.pussycatmerida.com\/eshop\/wp-json\/wp\/v2\/product_tag?post=28817"}],"curies":[{"name":"wp","href":"https:\/\/api.w.org\/{rel}","templated":true}]}}