{"id":28846,"date":"2021-02-26T14:00:29","date_gmt":"2021-02-26T12:00:29","guid":{"rendered":"https:\/\/www.pussycatmerida.com\/eshop\/product\/secret-play-lubricante-drunk-in-love-sangria-60-ml\/"},"modified":"2026-03-11T12:26:20","modified_gmt":"2026-03-11T11:26:20","slug":"secret-play-lubricante-drunk-in-love-sangria-60-ml","status":"publish","type":"product","link":"https:\/\/www.pussycatmerida.com\/eshop\/producto\/secret-play-lubricante-drunk-in-love-sangria-60-ml\/","title":{"rendered":"SECRET PLAY LUBRICANTE DRUNK IN LOVE SANGRIA 60 ML"},"content":{"rendered":"<p>Nuevos lubricantes Secret Play perfectos para disfrutar solo o en pareja. Son 100% comestibles y 0,0% alcohol con los que podr\u00e1s recorrer el cuerpo de tu pareja ya que son ideales para todas las zonas er\u00f3genas, pezones, cuello, test\u00edculos,\u2026<\/p>\n<p>Adem\u00e1s de por su textura estos cremosos b\u00e1lsamos lubricantes te fascinar\u00e1n por sus deliciosos sabores, a los que dif\u00edcilmente podr\u00e1s resistirte. \u00a1Embri\u00e1gate de amor!<\/p>\n<ul>\n<li>B\u00e1lsamo lubricante<\/li>\n<li>100% comestible con sabor a Sangr\u00eda\u00a0y 0,0% alcohol.<\/li>\n<li>Envase con sistema airless.<\/li>\n<li>Contenido: 60ml.<\/li>\n<li>Base agua (compatible con preservativos y juguetes)<\/li>\n<\/ul>\n<p>Combina los juegos sexuales con este lubricante de usos m\u00faltiples.<\/p>\n","protected":false},"excerpt":{"rendered":"<p>SECRETPLAY DRUNK IN LOVE LUBE SANGRIA 60 ML<\/p>\n","protected":false},"featured_media":45703,"template":"","meta":[],"pwb-brand":[498,682],"product_brand":[],"product_cat":[337,339,338,346,345],"product_tag":[],"class_list":{"0":"post-28846","1":"product","2":"type-product","3":"status-publish","4":"has-post-thumbnail","6":"pwb-brand-secretplay","7":"pwb-brand-secretplaysecretplay-cosmetic","8":"product_cat-aceites-y-lubricantes","9":"product_cat-aceites-y-lubricanteslubricantesbase-de-agua","10":"product_cat-aceites-y-lubricanteslubricantes","11":"product_cat-aceites-y-lubricanteslubricanteslubricantes-comestibles","12":"product_cat-aceites-y-lubricanteslubricanteslubricantes-con-sabores","13":"post_count_is_0","14":"boutique_post_style_4","16":"first","17":"instock","18":"taxable","19":"shipping-taxable","20":"purchasable","21":"product-type-simple","22":"boutique_image_style_2"},"brands":[{"id":498,"name":"SECRETPLAY","slug":"secretplay"},{"id":682,"name":"SECRETPLAY COSMETIC","slug":"secretplaysecretplay-cosmetic"}],"_links":{"self":[{"href":"https:\/\/www.pussycatmerida.com\/eshop\/wp-json\/wp\/v2\/product\/28846","targetHints":{"allow":["GET"]}}],"collection":[{"href":"https:\/\/www.pussycatmerida.com\/eshop\/wp-json\/wp\/v2\/product"}],"about":[{"href":"https:\/\/www.pussycatmerida.com\/eshop\/wp-json\/wp\/v2\/types\/product"}],"wp:featuredmedia":[{"embeddable":true,"href":"https:\/\/www.pussycatmerida.com\/eshop\/wp-json\/wp\/v2\/media\/45703"}],"wp:attachment":[{"href":"https:\/\/www.pussycatmerida.com\/eshop\/wp-json\/wp\/v2\/media?parent=28846"}],"wp:term":[{"taxonomy":"pwb-brand","embeddable":true,"href":"https:\/\/www.pussycatmerida.com\/eshop\/wp-json\/wp\/v2\/pwb-brand?post=28846"},{"taxonomy":"product_brand","embeddable":true,"href":"https:\/\/www.pussycatmerida.com\/eshop\/wp-json\/wp\/v2\/product_brand?post=28846"},{"taxonomy":"product_cat","embeddable":true,"href":"https:\/\/www.pussycatmerida.com\/eshop\/wp-json\/wp\/v2\/product_cat?post=28846"},{"taxonomy":"product_tag","embeddable":true,"href":"https:\/\/www.pussycatmerida.com\/eshop\/wp-json\/wp\/v2\/product_tag?post=28846"}],"curies":[{"name":"wp","href":"https:\/\/api.w.org\/{rel}","templated":true}]}}